{"id":722189,"date":"2025-08-27T19:00:58","date_gmt":"2025-08-27T16:00:58","guid":{"rendered":"https:\/\/roveyayinevi.com.tr\/index.php\/urun\/cocuklar-icin-kurtulus-savasi-kahramanlari\/"},"modified":"2026-04-16T02:29:55","modified_gmt":"2026-04-15T23:29:55","slug":"cocuklar-icin-kurtulus-savasi-kahramanlari","status":"publish","type":"product","link":"https:\/\/roveyayinevi.com.tr\/index.php\/urun\/cocuklar-icin-kurtulus-savasi-kahramanlari\/","title":{"rendered":"\u00c7ocuklar \u0130\u00e7in &#8211; Kurtulu\u015f Sava\u015f\u0131 Kahramanlar\u0131"},"content":{"rendered":"<p>Sevgili \u00c7ocuklar,   Tarihte b\u00fcy\u00fck bir iz b\u0131rakan ve T\u00fcrk milletinin ba\u011f\u0131ms\u0131zl\u0131\u011f\u0131n\u0131 yazd\u0131\u011f\u0131 bir destana d\u00f6n\u00fc\u015fen Kurtulu\u015f Sava\u015f\u0131, yurdun d\u00f6rt bir yan\u0131ndaki cesur insanlar\u0131n fedak\u00e2rl\u0131klar\u0131 sayesinde kazan\u0131lm\u0131\u015ft\u0131r. Kimisi bug\u00fcn \u00e7ok tan\u0131d\u0131\u011f\u0131m\u0131z Hasan Tahsin gibi ilk kur\u015funu d\u00fc\u015fmana s\u0131km\u0131\u015f, kimisi Nene Hatun gibi halk\u0131 \u00f6rg\u00fctleyerek sava\u015fmaya \u00e7a\u011f\u0131rm\u0131\u015ft\u0131r. Biz bu kitab\u0131m\u0131zda sizlere Kurtulu\u015f Sava\u015f\u0131 s\u0131ras\u0131nda b\u00fcy\u00fck kahramanl\u0131klar g\u00f6steren insanlar\u0131m\u0131z\u0131 tan\u0131tmak ve onlar\u0131 ya\u015fatmak istedik. Bu sayede onlar\u0131n aziz hat\u0131ralar\u0131na olan borcumuzu \u00f6demeye \u00e7al\u0131\u015ft\u0131k. Dile\u011fimiz, Kurtulu\u015f Sava\u015f\u0131\u2019n\u0131n kazan\u0131lmas\u0131nda pay sahibi olan ve canlar\u0131n\u0131 hi\u00e7e sayarak ellerinden gelen her \u015feyi yapmaya \u00e7al\u0131\u015fan kahramanlar\u0131m\u0131z\u0131 sizlere tan\u0131tmakt\u0131r.   Bu m\u00fccadelenin kazan\u0131lmas\u0131 i\u00e7in var\u0131n\u0131 yo\u011funu ortaya koyan kahramanlar\u0131m\u0131z gibi, gerekti\u011finde Cumhuriyet\u2019imize sahip \u00e7\u0131kan, ba\u011f\u0131ms\u0131zl\u0131\u011f\u0131 i\u00e7in m\u00fccadele eden bireyler olman\u0131z temennisiyle\u2026 <\/p>\n","protected":false},"excerpt":{"rendered":"<p>Sevgili \u00c7ocuklar, Tarihte b\u00fcy\u00fck bir iz b\u0131rakan ve T\u00fcrk milletinin ba\u011f\u0131ms\u0131zl\u0131\u011f\u0131n\u0131 yazd\u0131\u011f\u0131 bir destana d\u00f6n\u00fc\u015fen Kurtulu\u015f Sava\u015f\u0131, yurdun d\u00f6rt bir yan\u0131ndaki cesur insanlar\u0131n fedak\u00e2rl\u0131klar\u0131 sayesinde kazan\u0131lm\u0131\u015ft\u0131r.<span class=\"excerpt-hellip\"> [\u2026]<\/span><\/p>\n","protected":false},"featured_media":0,"template":"","meta":{"_monsterinsights_skip_tracking":false,"_monsterinsights_sitenote_active":false,"_monsterinsights_sitenote_note":"","_monsterinsights_sitenote_category":0},"product_brand":[],"product_cat":[12370,12304],"product_tag":[],"class_list":{"0":"post-722189","1":"product","2":"type-product","3":"status-publish","5":"product_cat-arastirma-inceleme","6":"product_cat-tarih","7":"pa_cilt-ciltsiz","8":"pa_tur-kitap","9":"pa_yayinevi-kripto-basim-yayin","10":"pa_yazar-umit-dogan","12":"first","13":"instock","14":"sale","15":"shipping-taxable","16":"purchasable","17":"product-type-simple"},"_links":{"self":[{"href":"https:\/\/roveyayinevi.com.tr\/index.php\/wp-json\/wp\/v2\/product\/722189","targetHints":{"allow":["GET"]}}],"collection":[{"href":"https:\/\/roveyayinevi.com.tr\/index.php\/wp-json\/wp\/v2\/product"}],"about":[{"href":"https:\/\/roveyayinevi.com.tr\/index.php\/wp-json\/wp\/v2\/types\/product"}],"wp:attachment":[{"href":"https:\/\/roveyayinevi.com.tr\/index.php\/wp-json\/wp\/v2\/media?parent=722189"}],"wp:term":[{"taxonomy":"product_brand","embeddable":true,"href":"https:\/\/roveyayinevi.com.tr\/index.php\/wp-json\/wp\/v2\/product_brand?post=722189"},{"taxonomy":"product_cat","embeddable":true,"href":"https:\/\/roveyayinevi.com.tr\/index.php\/wp-json\/wp\/v2\/product_cat?post=722189"},{"taxonomy":"product_tag","embeddable":true,"href":"https:\/\/roveyayinevi.com.tr\/index.php\/wp-json\/wp\/v2\/product_tag?post=722189"}],"curies":[{"name":"wp","href":"https:\/\/api.w.org\/{rel}","templated":true}]}}