{"id":722185,"date":"2025-08-27T19:00:55","date_gmt":"2025-08-27T16:00:55","guid":{"rendered":"https:\/\/roveyayinevi.com.tr\/index.php\/urun\/destursuz-baga-girenler\/"},"modified":"2026-04-16T02:29:55","modified_gmt":"2026-04-15T23:29:55","slug":"destursuz-baga-girenler","status":"publish","type":"product","link":"https:\/\/roveyayinevi.com.tr\/index.php\/urun\/destursuz-baga-girenler\/","title":{"rendered":"Destursuz Ba\u011fa Girenler"},"content":{"rendered":"<p>Bu yaz\u0131lar\u0131n amac\u0131, hi\u00e7 kimsenin, bir b\u00f6l\u00fc\u011f\u00fc pek a\u015f\u0131r\u0131 olan yanl\u0131\u015flar\u0131n\u0131 sergilemek de\u011fildir, kesin olarak. Ancak bunca y\u00fczy\u0131llara serpilmi\u015f olan ve t\u00fcrl\u00fc a\u00e7\u0131lardan de\u011fer ta\u015f\u0131yan k\u00fclt\u00fcr \u00fcr\u00fcnlerimizin, geli\u015fi g\u00fczel, \u00e7o\u011fu kez \u00e7etin olan bir eme\u011fi g\u00f6ze almadan, bug\u00fcn\u00fcn diline getirilemeyece\u011fi yolunda, okuyuculardan bu alana girecek olanlara bir uyar\u0131da bulunmak istenmi\u015ftir. Bir kitab\u0131, yaln\u0131zca, o da bir\u00e7o\u011fu yetersiz olan s\u00f6zl\u00fcklerin yard\u0131m\u0131yla anlaman\u0131n yolu olmad\u0131\u011f\u0131 tan\u0131klar\u0131yla g\u00f6sterilmeye \u00e7al\u0131\u015f\u0131lm\u0131\u015ft\u0131r. Sadele\u015ftirmeye, bu yoldan tan\u0131tmaya kalk\u0131\u015ft\u0131\u011f\u0131m\u0131z bir kitab\u0131n, dilinden \u00f6nce, onun yaz\u0131ld\u0131\u011f\u0131 zaman\u0131n, \u00e7evrenin, yazar\u0131n\u0131n dilini, \u00fcslubunu ve \u00f6zellikle k\u00fclt\u00fcr\u00fcn\u00fc kavramadan, bu g\u00f6m\u00fcn\u00fcn t\u0131ls\u0131m\u0131n\u0131 \u00e7\u00f6zemeyiz. Bu t\u0131ls\u0131m, masallardaki gibi, birka\u00e7 s\u00f6zc\u00fc\u011f\u00fcn b\u00fcy\u00fcs\u00fcyle a\u00e7\u0131lam\u0131yor, meydanda. \u0130\u015fin ba\u015fka bir y\u00f6n\u00fc de var; o da bize daha da haz\u0131rl\u0131kl\u0131 olmay\u0131 buyuruyor. Yoksa sonu\u00e7, bir milletin varl\u0131\u011f\u0131n\u0131 kalem yerine, bilgisiz ve insafs\u0131z kazmalarla yok etmeye var\u0131r. Daha da k\u00f6t\u00fcs\u00fc bu soydan emeksiz, bilgisiz, a\u00e7\u0131k\u00e7as\u0131 \u00e7\u0131rp\u0131\u015ft\u0131rma yap\u0131tlar, okuyucuyu yan\u0131lt\u0131r, onu kendi \u00f6z zenginli\u011fi ve k\u00fclt\u00fcr varl\u0131\u011f\u0131 \u00fczerinde umutsuzlu\u011fa s\u00fcr\u00fckler; bu y\u00fczden de onu, kendinden kopar\u0131p \u00e7ok uzaklara atar.\u201d Edebi ele\u015ftiri, edebiyat\u0131n olmazsa olmazlar\u0131ndad\u0131r. Elinizdeki kitap da Orhan \u015eaik G\u00f6kyay\u2019\u0131n bu minvaldeki yaz\u0131lar\u0131n\u0131 bir araya getirdi\u011fi, tarihe m\u00e2l olmu\u015f en \u00f6nemli eserlerinden bir tanesidir. T\u00fcrk edebiyat\u0131nda ele\u015ftiri denilince ilk akla gelen eser olan Destursuz Ba\u011fa Girenler, adet\u00e2 bir mihenk ta\u015f\u0131 olmu\u015f, i\u00e7erisinde bulunan yaz\u0131lar devrinde b\u00fcy\u00fck akisler uyand\u0131rm\u0131\u015f ve ilm\u00ee \u00e7al\u0131\u015fma bahsinde dikkat edilmesi gereken noktalar bug\u00fcn de h\u00e2l\u00e2 ge\u00e7erlili\u011fini koruyacak \u015fekilde okuyucuya sunulmu\u015ftur.  <\/p>\n","protected":false},"excerpt":{"rendered":"<p>Bu yaz\u0131lar\u0131n amac\u0131, hi\u00e7 kimsenin, bir b\u00f6l\u00fc\u011f\u00fc pek a\u015f\u0131r\u0131 olan yanl\u0131\u015flar\u0131n\u0131 sergilemek de\u011fildir, kesin olarak. Ancak bunca y\u00fczy\u0131llara serpilmi\u015f olan ve t\u00fcrl\u00fc a\u00e7\u0131lardan de\u011fer ta\u015f\u0131yan k\u00fclt\u00fcr<span class=\"excerpt-hellip\"> [\u2026]<\/span><\/p>\n","protected":false},"featured_media":0,"template":"","meta":{"_monsterinsights_skip_tracking":false,"_monsterinsights_sitenote_active":false,"_monsterinsights_sitenote_note":"","_monsterinsights_sitenote_category":0},"product_brand":[],"product_cat":[13072,12291],"product_tag":[],"class_list":{"0":"post-722185","1":"product","2":"type-product","3":"status-publish","5":"product_cat-arastirma-inceleme-referans","6":"product_cat-edebiyat","7":"pa_cilt-ciltsiz","8":"pa_tur-kitap","9":"pa_yayinevi-yeditepe-yayinevi","10":"pa_yazar-orhan-saik-gokyay","12":"first","13":"instock","14":"sale","15":"shipping-taxable","16":"purchasable","17":"product-type-simple"},"_links":{"self":[{"href":"https:\/\/roveyayinevi.com.tr\/index.php\/wp-json\/wp\/v2\/product\/722185","targetHints":{"allow":["GET"]}}],"collection":[{"href":"https:\/\/roveyayinevi.com.tr\/index.php\/wp-json\/wp\/v2\/product"}],"about":[{"href":"https:\/\/roveyayinevi.com.tr\/index.php\/wp-json\/wp\/v2\/types\/product"}],"wp:attachment":[{"href":"https:\/\/roveyayinevi.com.tr\/index.php\/wp-json\/wp\/v2\/media?parent=722185"}],"wp:term":[{"taxonomy":"product_brand","embeddable":true,"href":"https:\/\/roveyayinevi.com.tr\/index.php\/wp-json\/wp\/v2\/product_brand?post=722185"},{"taxonomy":"product_cat","embeddable":true,"href":"https:\/\/roveyayinevi.com.tr\/index.php\/wp-json\/wp\/v2\/product_cat?post=722185"},{"taxonomy":"product_tag","embeddable":true,"href":"https:\/\/roveyayinevi.com.tr\/index.php\/wp-json\/wp\/v2\/product_tag?post=722185"}],"curies":[{"name":"wp","href":"https:\/\/api.w.org\/{rel}","templated":true}]}}