{"id":722183,"date":"2025-08-27T19:00:54","date_gmt":"2025-08-27T16:00:54","guid":{"rendered":"https:\/\/roveyayinevi.com.tr\/index.php\/urun\/illuminati-desifre\/"},"modified":"2026-04-16T02:29:54","modified_gmt":"2026-04-15T23:29:54","slug":"illuminati-desifre","status":"publish","type":"product","link":"https:\/\/roveyayinevi.com.tr\/index.php\/urun\/illuminati-desifre\/","title":{"rendered":"\u0130ll\u00fcminati De\u015fifre"},"content":{"rendered":"<p>\u201cOnlara yery\u00fcz\u00fcnde bozgunculuk etmeyin denildi\u011fi zaman biz \u0131slah edicileriz derler. Haberiniz olsun ki onlar, bozguncular\u0131n ta kendileridir fakat (ne ac\u0131d\u0131r ki idraksiz, \u015fuursuz olduklar\u0131 i\u00e7in) fark\u0131nda (dahi) de\u011fillerdir.\u201d(Bakara 11-12.Ayet)\u0130ll\u00fcminati-tap\u0131nak\u00e7\u0131 y\u00f6neticilerin gizli beden dilleri\u2026\u0130ll\u00fcminati\u2019nin evrensel misyonu: Satanizm\u2026David Rockefeler\u2019in Osmanl\u0131, T\u00fcrkiye ve D\u00fcnya\u2019n\u0131n pek \u00e7ok yerinde ger\u00e7ekle\u015fen operasyonlarla ilgi ba\u011flant\u0131lar\u0131n\u0131 if\u015fa eden \u00f6zel a\u00e7\u0131klamalar\u2026\u0130lluminati\u2019nin \u015feytani form\u00fcl\u00fc: Colve et coagula (\u00e7\u00f6z ve ba\u011fla)\u2026\u00d6zel i\u015faretlerle \u015feytana biat edip, danslar\u0131yla b\u00fcy\u00fc ayinleri yap\u0131p d\u00fcnyay\u0131 hipnotize edenler\u2026* \u015eeytani ailelerin malikaneleri, istihbarat ve merkez te\u015fkilatlar\u0131ndaki binalara i\u015flenmi\u015f i\u015faretlerin anlam\u0131\u2026*Kozmetik katliam\u0131\u2026*\u0130lluminati\u2019yi \u00f6rg\u00fctleyen, y\u00f6neten 13 aile ve bunlar\u0131n sapk\u0131n, ensest ili\u015fkileri\u2026*Gizlenen Talmud yasalar\u0131\u2026Ve daha fazlas\u0131n\u0131, Hakan Y\u0131lmaz \u00c7ebi\u2019nin uzun ara\u015ft\u0131rmalar\u0131n \u00fcr\u00fcn\u00fc olan bu \u00e7al\u0131\u015fmas\u0131nda bulacaks\u0131n\u0131z.<\/p>\n","protected":false},"excerpt":{"rendered":"<p>\u201cOnlara yery\u00fcz\u00fcnde bozgunculuk etmeyin denildi\u011fi zaman biz \u0131slah edicileriz derler. Haberiniz olsun ki onlar, bozguncular\u0131n ta kendileridir fakat (ne ac\u0131d\u0131r ki idraksiz, \u015fuursuz olduklar\u0131 i\u00e7in) fark\u0131nda<span class=\"excerpt-hellip\"> [\u2026]<\/span><\/p>\n","protected":false},"featured_media":0,"template":"","meta":{"_monsterinsights_skip_tracking":false,"_monsterinsights_sitenote_active":false,"_monsterinsights_sitenote_note":"","_monsterinsights_sitenote_category":0},"product_brand":[],"product_cat":[12325,12324],"product_tag":[],"class_list":{"0":"post-722183","1":"product","2":"type-product","3":"status-publish","5":"product_cat-diger-sosyoloji","6":"product_cat-sosyoloji","7":"pa_cilt-ciltsiz","8":"pa_tur-kitap","9":"pa_yayinevi-cinaralti-yayinlari","10":"pa_yazar-hakan-yilmaz-cebi","12":"first","13":"instock","14":"sale","15":"shipping-taxable","16":"purchasable","17":"product-type-simple"},"_links":{"self":[{"href":"https:\/\/roveyayinevi.com.tr\/index.php\/wp-json\/wp\/v2\/product\/722183","targetHints":{"allow":["GET"]}}],"collection":[{"href":"https:\/\/roveyayinevi.com.tr\/index.php\/wp-json\/wp\/v2\/product"}],"about":[{"href":"https:\/\/roveyayinevi.com.tr\/index.php\/wp-json\/wp\/v2\/types\/product"}],"wp:attachment":[{"href":"https:\/\/roveyayinevi.com.tr\/index.php\/wp-json\/wp\/v2\/media?parent=722183"}],"wp:term":[{"taxonomy":"product_brand","embeddable":true,"href":"https:\/\/roveyayinevi.com.tr\/index.php\/wp-json\/wp\/v2\/product_brand?post=722183"},{"taxonomy":"product_cat","embeddable":true,"href":"https:\/\/roveyayinevi.com.tr\/index.php\/wp-json\/wp\/v2\/product_cat?post=722183"},{"taxonomy":"product_tag","embeddable":true,"href":"https:\/\/roveyayinevi.com.tr\/index.php\/wp-json\/wp\/v2\/product_tag?post=722183"}],"curies":[{"name":"wp","href":"https:\/\/api.w.org\/{rel}","templated":true}]}}