{"id":722182,"date":"2025-08-27T19:00:53","date_gmt":"2025-08-27T16:00:53","guid":{"rendered":"https:\/\/roveyayinevi.com.tr\/index.php\/urun\/turkiyede-petrol-kime-saklaniyor\/"},"modified":"2025-08-31T16:21:32","modified_gmt":"2025-08-31T13:21:32","slug":"turkiyede-petrol-kime-saklaniyor","status":"publish","type":"product","link":"https:\/\/roveyayinevi.com.tr\/index.php\/urun\/turkiyede-petrol-kime-saklaniyor\/","title":{"rendered":"T\u00fcrkiye&#8217;de Petrol Kime Saklan\u0131yor"},"content":{"rendered":"<p>*T\u00fcrkiye\u2019nin petrol sava\u015flar\u0131, faili me\u00e7hul petrol cinayetleri \u2026*Petrol aramak i\u00e7in gelip, petrol aramadan sadece benzin ihra\u00e7 edenler\u2026*Devlet-\u0130 Aliye\u2019yi par\u00e7alayan petrol yamyamlar\u0131\u2026*Abd\u00fclhamid Han\u2019\u0131n daha o y\u0131llarda yapt\u0131rd\u0131\u011f\u0131 petrol sahas\u0131 haritalar\u0131\u2026*T\u00fcrkiye\u2019de milli petrol m\u00fccadelesinde \u00f6ld\u00fcr\u00fclenler\u2026*\u0130hanet kanunlar\u0131, gizli petrol anla\u015fmalar\u0131\u2026*Petrol\u00fcn ta\u015f\u0131nmas\u0131nda T\u00fcrk bo\u011fazlar\u0131n\u0131n rol\u00fc\u2026\u201cEn zengin yataklar T\u00fcrkiye K\u00fcrdistan\u2019\u0131nda!\u201draporu\u2026*Sovyetlerden al\u0131nan kom\u00fcnist sondaj makinalar\u0131\u2026*TPAO ve T\u00fcrkiye\u2019nin Genel Petrol Politikas\u0131\u2026*T\u00fcrkiye\u2019de petrol ve uluslararas\u0131 k\u00fcresel baronlar \u00fczerine \u00f6zel s\u00f6yle\u015fi\u2026*TPAO\u2019yu kuran Enerji Eski Bakan\u0131 \u0130hsan Topalo\u011fluile Hakan Y\u0131lmaz \u00c7ebi\u2019nin son g\u00f6r\u00fc\u015fme notlar\u0131\u2026Ve daha fazlas\u0131n\u0131, Hakan Y\u0131lmaz \u00c7ebi\u2019nin uzun ara\u015ft\u0131rmalar\u0131 \u00fcr\u00fcn\u00fc olan bu \u00e7al\u0131\u015fmas\u0131nda bulacaks\u0131n\u0131z.<\/p>\n","protected":false},"excerpt":{"rendered":"<p>*T\u00fcrkiye\u2019nin petrol sava\u015flar\u0131, faili me\u00e7hul petrol cinayetleri \u2026*Petrol aramak i\u00e7in gelip, petrol aramadan sadece benzin ihra\u00e7 edenler\u2026*Devlet-\u0130 Aliye\u2019yi par\u00e7alayan petrol yamyamlar\u0131\u2026*Abd\u00fclhamid Han\u2019\u0131n daha o y\u0131llarda yapt\u0131rd\u0131\u011f\u0131<span class=\"excerpt-hellip\"> [\u2026]<\/span><\/p>\n","protected":false},"featured_media":0,"template":"","meta":{"_monsterinsights_skip_tracking":false,"_monsterinsights_sitenote_active":false,"_monsterinsights_sitenote_note":"","_monsterinsights_sitenote_category":0},"product_brand":[],"product_cat":[13590,12337],"product_tag":[],"class_list":{"0":"post-722182","1":"product","2":"type-product","3":"status-publish","5":"product_cat-arastirma-inceleme-politika-siyaset","6":"product_cat-politika-siyaset","7":"pa_cilt-ciltsiz","8":"pa_tur-kitap","9":"pa_yayinevi-cinaralti-yayinlari","10":"pa_yazar-hakan-yilmaz-cebi","12":"first","13":"instock","14":"sale","15":"shipping-taxable","16":"purchasable","17":"product-type-simple"},"_links":{"self":[{"href":"https:\/\/roveyayinevi.com.tr\/index.php\/wp-json\/wp\/v2\/product\/722182","targetHints":{"allow":["GET"]}}],"collection":[{"href":"https:\/\/roveyayinevi.com.tr\/index.php\/wp-json\/wp\/v2\/product"}],"about":[{"href":"https:\/\/roveyayinevi.com.tr\/index.php\/wp-json\/wp\/v2\/types\/product"}],"wp:attachment":[{"href":"https:\/\/roveyayinevi.com.tr\/index.php\/wp-json\/wp\/v2\/media?parent=722182"}],"wp:term":[{"taxonomy":"product_brand","embeddable":true,"href":"https:\/\/roveyayinevi.com.tr\/index.php\/wp-json\/wp\/v2\/product_brand?post=722182"},{"taxonomy":"product_cat","embeddable":true,"href":"https:\/\/roveyayinevi.com.tr\/index.php\/wp-json\/wp\/v2\/product_cat?post=722182"},{"taxonomy":"product_tag","embeddable":true,"href":"https:\/\/roveyayinevi.com.tr\/index.php\/wp-json\/wp\/v2\/product_tag?post=722182"}],"curies":[{"name":"wp","href":"https:\/\/api.w.org\/{rel}","templated":true}]}}