{"id":722180,"date":"2025-08-27T19:00:52","date_gmt":"2025-08-27T16:00:52","guid":{"rendered":"https:\/\/roveyayinevi.com.tr\/index.php\/urun\/define-adasi-14\/"},"modified":"2026-02-03T02:44:47","modified_gmt":"2026-02-02T23:44:47","slug":"define-adasi-14","status":"publish","type":"product","link":"https:\/\/roveyayinevi.com.tr\/index.php\/urun\/define-adasi-14\/","title":{"rendered":"Define Adas\u0131"},"content":{"rendered":"<p>Ser\u00fcven edebiyat\u0131n\u0131n en yarat\u0131c\u0131 yazarlar\u0131ndan Robert Louis Stevenson tehlikelerle dolu bir gemi yolculu\u011funu anlat\u0131yor Define Adas\u0131\u2019nda.Annesi ve babas\u0131yla birlikte sessiz sakin bir han i\u015fleten Jim Hawkins\u2019in hayat\u0131 buraya gelen korsan Billy Bones y\u00fcz\u00fcnden de\u011fi\u015fir. Davran\u0131\u015flar\u0131yla etrafa korku salan bu korsan bir g\u00fcn hayat\u0131n\u0131 kaybeder. Sand\u0131\u011f\u0131ndan \u00e7\u0131kan define haritas\u0131 Hawkins\u2019in eline ge\u00e7ince ser\u00fcven ba\u015flar. Hawkins haritan\u0131n pe\u015findeki tekinsiz adamlar\u0131 atlat\u0131p kasaban\u0131n g\u00fcvenilir insanlar\u0131 Doktor Livesey ve Bay Trelawney\u2019yle birlikte denize a\u00e7\u0131l\u0131r. Fakat yolculuk d\u00fc\u015f\u00fcn\u00fcld\u00fc\u011f\u00fc kadar rahat olmayacakt\u0131r.\u015eiddetli f\u0131rt\u0131nalarla, ac\u0131mas\u0131z korsanlarla ve sert \u00e7at\u0131\u015fmalarla zorla\u015fan bu define av\u0131nda bakal\u0131m alt\u0131nlara ilk kim ula\u015facak?<\/p>\n","protected":false},"excerpt":{"rendered":"<p>Ser\u00fcven edebiyat\u0131n\u0131n en yarat\u0131c\u0131 yazarlar\u0131ndan Robert Louis Stevenson tehlikelerle dolu bir gemi yolculu\u011funu anlat\u0131yor Define Adas\u0131\u2019nda.Annesi ve babas\u0131yla birlikte sessiz sakin bir han i\u015fleten Jim Hawkins\u2019in<span class=\"excerpt-hellip\"> [\u2026]<\/span><\/p>\n","protected":false},"featured_media":0,"template":"","meta":{"_monsterinsights_skip_tracking":false,"_monsterinsights_sitenote_active":false,"_monsterinsights_sitenote_note":"","_monsterinsights_sitenote_category":0},"product_brand":[],"product_cat":[12274,12467],"product_tag":[],"class_list":{"0":"post-722180","1":"product","2":"type-product","3":"status-publish","5":"product_cat-cocuk-ve-genclik-kitaplari","6":"product_cat-dunya-klasikleri","7":"pa_cilt-ciltsiz","8":"pa_tur-kitap","9":"pa_yayinevi-iletisim-yayinlari","10":"pa_yazar-robert-louis-stevenson","12":"first","13":"instock","14":"sale","15":"shipping-taxable","16":"purchasable","17":"product-type-simple"},"_links":{"self":[{"href":"https:\/\/roveyayinevi.com.tr\/index.php\/wp-json\/wp\/v2\/product\/722180","targetHints":{"allow":["GET"]}}],"collection":[{"href":"https:\/\/roveyayinevi.com.tr\/index.php\/wp-json\/wp\/v2\/product"}],"about":[{"href":"https:\/\/roveyayinevi.com.tr\/index.php\/wp-json\/wp\/v2\/types\/product"}],"wp:attachment":[{"href":"https:\/\/roveyayinevi.com.tr\/index.php\/wp-json\/wp\/v2\/media?parent=722180"}],"wp:term":[{"taxonomy":"product_brand","embeddable":true,"href":"https:\/\/roveyayinevi.com.tr\/index.php\/wp-json\/wp\/v2\/product_brand?post=722180"},{"taxonomy":"product_cat","embeddable":true,"href":"https:\/\/roveyayinevi.com.tr\/index.php\/wp-json\/wp\/v2\/product_cat?post=722180"},{"taxonomy":"product_tag","embeddable":true,"href":"https:\/\/roveyayinevi.com.tr\/index.php\/wp-json\/wp\/v2\/product_tag?post=722180"}],"curies":[{"name":"wp","href":"https:\/\/api.w.org\/{rel}","templated":true}]}}