{"id":722175,"date":"2025-08-27T19:00:47","date_gmt":"2025-08-27T16:00:47","guid":{"rendered":"https:\/\/roveyayinevi.com.tr\/index.php\/urun\/acimasiz-geometri-2\/"},"modified":"2026-04-16T02:29:54","modified_gmt":"2026-04-15T23:29:54","slug":"acimasiz-geometri-2","status":"publish","type":"product","link":"https:\/\/roveyayinevi.com.tr\/index.php\/urun\/acimasiz-geometri-2\/","title":{"rendered":"Ac\u0131mas\u0131z Geometri"},"content":{"rendered":"<p>Geometri ba\u015f\u0131n\u0131za dert mi oluyor? Kendinizi k\u00f6t\u00fc hissetmenize ve mutsuz olman\u0131za m\u0131 sebep oluyor? \u00c7okgenler kafan\u0131z\u0131 alt-\u00fcst ediyor, a\u00e7\u0131lar sizi yamultuyor mu? Bazen pergelinizin i\u011fnesini nereye bat\u0131raca\u011f\u0131n\u0131z\u0131 kara kara d\u00fc\u015f\u00fcn\u00fcp duruyor musunuz?\u00d6yle ise Ac\u0131mas\u0131z Geometri\u2019den ger\u00e7ekleri \u00f6\u011frenmenin zaman\u0131 gelmi\u015f demektir.Nas\u0131l b\u00fct\u00fcn evrende sayg\u0131 duyulan bir insan olabilece\u011finizi; Amerikan Savunma Bakanl\u0131\u011f\u0131\u2019n\u0131n karargah\u0131n\u0131n neden Pentgon oldu\u011funu; gangsterlerin ba\u015flar\u0131na gelen \u00fc\u00e7gen belas\u0131yla ba\u015f edip edemeyeceklerini ve geometri biliminin inan\u0131lmaz yararlar\u0131n\u0131 \u00f6\u011frenin.<\/p>\n","protected":false},"excerpt":{"rendered":"<p>Geometri ba\u015f\u0131n\u0131za dert mi oluyor? Kendinizi k\u00f6t\u00fc hissetmenize ve mutsuz olman\u0131za m\u0131 sebep oluyor? \u00c7okgenler kafan\u0131z\u0131 alt-\u00fcst ediyor, a\u00e7\u0131lar sizi yamultuyor mu? Bazen pergelinizin i\u011fnesini nereye<span class=\"excerpt-hellip\"> [\u2026]<\/span><\/p>\n","protected":false},"featured_media":0,"template":"","meta":{"_monsterinsights_skip_tracking":false,"_monsterinsights_sitenote_active":false,"_monsterinsights_sitenote_note":"","_monsterinsights_sitenote_category":0},"product_brand":[],"product_cat":[12274,24599],"product_tag":[],"class_list":{"0":"post-722175","1":"product","2":"type-product","3":"status-publish","5":"product_cat-cocuk-ve-genclik-kitaplari","6":"product_cat-zeka-gelisimi","7":"pa_cilt-ciltsiz","8":"pa_tur-kitap","9":"pa_yayinevi-eglenceli-bilgi-yayinlari","10":"pa_yazar-kjartan-poskitt","12":"first","13":"instock","14":"sale","15":"shipping-taxable","16":"purchasable","17":"product-type-simple"},"_links":{"self":[{"href":"https:\/\/roveyayinevi.com.tr\/index.php\/wp-json\/wp\/v2\/product\/722175","targetHints":{"allow":["GET"]}}],"collection":[{"href":"https:\/\/roveyayinevi.com.tr\/index.php\/wp-json\/wp\/v2\/product"}],"about":[{"href":"https:\/\/roveyayinevi.com.tr\/index.php\/wp-json\/wp\/v2\/types\/product"}],"wp:attachment":[{"href":"https:\/\/roveyayinevi.com.tr\/index.php\/wp-json\/wp\/v2\/media?parent=722175"}],"wp:term":[{"taxonomy":"product_brand","embeddable":true,"href":"https:\/\/roveyayinevi.com.tr\/index.php\/wp-json\/wp\/v2\/product_brand?post=722175"},{"taxonomy":"product_cat","embeddable":true,"href":"https:\/\/roveyayinevi.com.tr\/index.php\/wp-json\/wp\/v2\/product_cat?post=722175"},{"taxonomy":"product_tag","embeddable":true,"href":"https:\/\/roveyayinevi.com.tr\/index.php\/wp-json\/wp\/v2\/product_tag?post=722175"}],"curies":[{"name":"wp","href":"https:\/\/api.w.org\/{rel}","templated":true}]}}