{"id":722174,"date":"2025-08-27T19:00:46","date_gmt":"2025-08-27T16:00:46","guid":{"rendered":"https:\/\/roveyayinevi.com.tr\/index.php\/urun\/kotu-adamin-on-gunu\/"},"modified":"2026-04-16T02:29:54","modified_gmt":"2026-04-15T23:29:54","slug":"kotu-adamin-on-gunu","status":"publish","type":"product","link":"https:\/\/roveyayinevi.com.tr\/index.php\/urun\/kotu-adamin-on-gunu\/","title":{"rendered":"K\u00f6t\u00fc Adam\u0131n On G\u00fcn\u00fc"},"content":{"rendered":"<p>Hayatta sahip oldu\u011fu her \u015feyi kaybettikten sonra art\u0131k k\u00f6t\u00fc bir adam olmaya karar veren eski avukat Sad\u0131k\u2019\u0131n, gizemli bir k\u00f6\u015fk etraf\u0131nda ve burada i\u015flenen tuhaf bir cinayetin pe\u015finde ge\u00e7en on g\u00fcn\u00fc&#8230;Mehmet Ero\u011flu, zora gelince vazge\u00e7en, d\u00fc\u015f\u00fcnd\u00fck\u00e7e yaln\u0131zla\u015fan, yaln\u0131zken d\u00fc\u015f\u00fcnceleri eninde sonunda \u00f6l\u00fcmle bulu\u015fan bir ya\u015fam korka\u011f\u0131n\u0131 ve onun karanl\u0131\u011fa g\u00f6m\u00fcl\u00fc d\u00fcnyas\u0131n\u0131 anlat\u0131yor&#8230; K\u00f6t\u00fc Adam\u0131n On G\u00fcn\u00fc, iyilik ve k\u00f6t\u00fcl\u00fck aras\u0131ndaki ince \u00e7izgiyi mesele edinen; ya\u015fam\u0131n en steril alanlar\u0131ndan, k\u00fcf kokulu en izbe k\u00f6\u015felerine uzanan bir g\u00fcn\u00fcm\u00fcz tragedyas\u0131&#8230; Soluk solu\u011fa okunacak, cehennemi bir polisiye&#8230;Ne Hamlet\u2019im ne de Raskolnikov\u2019um; ku\u015fand\u0131\u011f\u0131m andan itibaren \u00fczerimdee\u011freti duran her iki ki\u015fili\u011fin de iyi bi\u00e7ilerek dikilmemi\u015f giysiler gibi \u00fczerimden kay\u0131p gitti\u011finin fark\u0131nday\u0131m. Ben, galiba benim&#8230; Evet, kabul etmesi zor da olsa, ben en \u00e7ok benim: Biraz iyi, biraz adil, biraz da k\u00f6t\u00fc&#8230;<\/p>\n","protected":false},"excerpt":{"rendered":"<p>Hayatta sahip oldu\u011fu her \u015feyi kaybettikten sonra art\u0131k k\u00f6t\u00fc bir adam olmaya karar veren eski avukat Sad\u0131k\u2019\u0131n, gizemli bir k\u00f6\u015fk etraf\u0131nda ve burada i\u015flenen tuhaf bir<span class=\"excerpt-hellip\"> [\u2026]<\/span><\/p>\n","protected":false},"featured_media":0,"template":"","meta":{"_monsterinsights_skip_tracking":false,"_monsterinsights_sitenote_active":false,"_monsterinsights_sitenote_note":"","_monsterinsights_sitenote_category":0},"product_brand":[],"product_cat":[12291,12711],"product_tag":[],"class_list":{"0":"post-722174","1":"product","2":"type-product","3":"status-publish","5":"product_cat-edebiyat","6":"product_cat-roman-oyku","7":"pa_cilt-ciltsiz","8":"pa_tur-kitap","9":"pa_yayinevi-iletisim-yayinlari","10":"pa_yazar-mehmet-eroglu","12":"first","13":"instock","14":"sale","15":"shipping-taxable","16":"purchasable","17":"product-type-simple"},"_links":{"self":[{"href":"https:\/\/roveyayinevi.com.tr\/index.php\/wp-json\/wp\/v2\/product\/722174","targetHints":{"allow":["GET"]}}],"collection":[{"href":"https:\/\/roveyayinevi.com.tr\/index.php\/wp-json\/wp\/v2\/product"}],"about":[{"href":"https:\/\/roveyayinevi.com.tr\/index.php\/wp-json\/wp\/v2\/types\/product"}],"wp:attachment":[{"href":"https:\/\/roveyayinevi.com.tr\/index.php\/wp-json\/wp\/v2\/media?parent=722174"}],"wp:term":[{"taxonomy":"product_brand","embeddable":true,"href":"https:\/\/roveyayinevi.com.tr\/index.php\/wp-json\/wp\/v2\/product_brand?post=722174"},{"taxonomy":"product_cat","embeddable":true,"href":"https:\/\/roveyayinevi.com.tr\/index.php\/wp-json\/wp\/v2\/product_cat?post=722174"},{"taxonomy":"product_tag","embeddable":true,"href":"https:\/\/roveyayinevi.com.tr\/index.php\/wp-json\/wp\/v2\/product_tag?post=722174"}],"curies":[{"name":"wp","href":"https:\/\/api.w.org\/{rel}","templated":true}]}}