{"id":722170,"date":"2025-08-27T19:00:42","date_gmt":"2025-08-27T16:00:42","guid":{"rendered":"https:\/\/roveyayinevi.com.tr\/index.php\/urun\/dayi-parcasi\/"},"modified":"2026-04-07T02:38:25","modified_gmt":"2026-04-06T23:38:25","slug":"dayi-parcasi","status":"publish","type":"product","link":"https:\/\/roveyayinevi.com.tr\/index.php\/urun\/dayi-parcasi\/","title":{"rendered":"Day\u0131 Par\u00e7as\u0131"},"content":{"rendered":"<p>Belki biraz incinmi\u015f, biraz k\u0131r\u0131lm\u0131\u015f, biraz bitkin, belki biraz y\u0131lg\u0131n da ama ya\u015fama d\u00f6n\u00fck, direnmeye istekli. Benzi sararm\u0131\u015f ama hastal\u0131ktan, d\u00fc\u015fk\u00fcnl\u00fckten yana durmuyor g\u00f6vdesi.Aczini vakar\u0131na gizlemi\u015f ak\u0131betini bekliyor.Ge\u00e7ecek mi, yaralar\u0131 onacak m\u0131? O g\u00fczelim h\u0131rg\u00fcrl\u00fc, s\u00f6z dinlemez g\u00fcnlerine esenlikle d\u00f6necek mi?\u201cDay\u0131 Par\u00e7as\u0131\u201d ba\u015fl\u0131\u011f\u0131 bir yerde aslan par\u00e7as\u0131 deyi\u015fini an\u0131\u015ft\u0131r\u0131yor bir yerde de tam tersini, zay\u0131fl\u0131\u011f\u0131 hatta par\u00e7alanm\u0131\u015fl\u0131\u011f\u0131\u2026 Roman\u0131n anlat\u0131c\u0131s\u0131, gen\u00e7li\u011finde sol g\u00f6r\u00fc\u015fl\u00fc bir adam olan \u00e7ok sevdi\u011fi day\u0131s\u0131n\u0131n giderek milliyet\u00e7i-mukaddesat\u00e7\u0131 kesili\u015fini, uzun s\u00fcren hastal\u0131k d\u00f6nemindeyse kendini b\u00fcsb\u00fct\u00fcn \u00f6b\u00fcr d\u00fcnyaya adam\u0131\u015fl\u0131\u011f\u0131n\u0131 anlat\u0131yor.\u00d6z\u00fcnde ka\u00e7\u0131n\u0131lmaz tecr\u00fcbeleri irdeleyen bir roman bu. D\u00f6rt b\u00f6l\u00fcme ayr\u0131lan, otuz dokuz k\u0131sa \u00f6yk\u00fcden olu\u015fan Day\u0131 Par\u00e7as\u0131\u2019nda Murat Yal\u00e7\u0131n, anlat\u0131c\u0131n\u0131n g\u00f6z\u00fcnden \u00f6l\u00fcme yazg\u0131l\u0131 bir ki\u015finin hastanedeki, evindeki tedavi s\u00fcrecini, cenazesinin ard\u0131ndan da sevenleri ve yak\u0131nlar\u0131 taraf\u0131ndan hat\u0131rlan\u0131\u015f\u0131n\u0131, hatta hayat\u0131n\u0131n yeniden kurgulan\u0131\u015f\u0131n\u0131 g\u00f6zler \u00f6n\u00fcne seriyor. Ancak derinden derine sergiledi\u011fi mizahi yakla\u015f\u0131m sayesinde, ya\u015fam sevgisini yeniden kazanmak i\u00e7in hastal\u0131k, ya\u015fl\u0131l\u0131k, \u00f6l\u00fcm, yas gibi olgularla bir nevi dost olmay\u0131 se\u00e7memiz gerekti\u011fini f\u0131s\u0131ld\u0131yor.   #\u00f6l\u00fcm #hastal\u0131k #tedavi #ge\u00e7mi\u015f #hat\u0131rlay\u0131\u015f #yas #ya\u015famsevgisi #mizah #y\u00fczle\u015fmek #ya\u015flanmak<\/p>\n","protected":false},"excerpt":{"rendered":"<p>Belki biraz incinmi\u015f, biraz k\u0131r\u0131lm\u0131\u015f, biraz bitkin, belki biraz y\u0131lg\u0131n da ama ya\u015fama d\u00f6n\u00fck, direnmeye istekli. Benzi sararm\u0131\u015f ama hastal\u0131ktan, d\u00fc\u015fk\u00fcnl\u00fckten yana durmuyor g\u00f6vdesi.Aczini vakar\u0131na gizlemi\u015f<span class=\"excerpt-hellip\"> [\u2026]<\/span><\/p>\n","protected":false},"featured_media":0,"template":"","meta":{"_monsterinsights_skip_tracking":false,"_monsterinsights_sitenote_active":false,"_monsterinsights_sitenote_note":"","_monsterinsights_sitenote_category":0},"product_brand":[],"product_cat":[12291,12711],"product_tag":[],"class_list":{"0":"post-722170","1":"product","2":"type-product","3":"status-publish","5":"product_cat-edebiyat","6":"product_cat-roman-oyku","7":"pa_cilt-ciltsiz","8":"pa_tur-kitap","9":"pa_yayinevi-can-yayinlari","10":"pa_yazar-murat-yalcin","12":"first","13":"instock","14":"sale","15":"shipping-taxable","16":"purchasable","17":"product-type-simple"},"_links":{"self":[{"href":"https:\/\/roveyayinevi.com.tr\/index.php\/wp-json\/wp\/v2\/product\/722170","targetHints":{"allow":["GET"]}}],"collection":[{"href":"https:\/\/roveyayinevi.com.tr\/index.php\/wp-json\/wp\/v2\/product"}],"about":[{"href":"https:\/\/roveyayinevi.com.tr\/index.php\/wp-json\/wp\/v2\/types\/product"}],"wp:attachment":[{"href":"https:\/\/roveyayinevi.com.tr\/index.php\/wp-json\/wp\/v2\/media?parent=722170"}],"wp:term":[{"taxonomy":"product_brand","embeddable":true,"href":"https:\/\/roveyayinevi.com.tr\/index.php\/wp-json\/wp\/v2\/product_brand?post=722170"},{"taxonomy":"product_cat","embeddable":true,"href":"https:\/\/roveyayinevi.com.tr\/index.php\/wp-json\/wp\/v2\/product_cat?post=722170"},{"taxonomy":"product_tag","embeddable":true,"href":"https:\/\/roveyayinevi.com.tr\/index.php\/wp-json\/wp\/v2\/product_tag?post=722170"}],"curies":[{"name":"wp","href":"https:\/\/api.w.org\/{rel}","templated":true}]}}