{"id":722168,"date":"2025-08-27T19:00:40","date_gmt":"2025-08-27T16:00:40","guid":{"rendered":"https:\/\/roveyayinevi.com.tr\/index.php\/urun\/cocuklugun-sonu-2\/"},"modified":"2026-04-03T02:36:12","modified_gmt":"2026-04-02T23:36:12","slug":"cocuklugun-sonu-2","status":"publish","type":"product","link":"https:\/\/roveyayinevi.com.tr\/index.php\/urun\/cocuklugun-sonu-2\/","title":{"rendered":"\u00c7ocuklu\u011fun Sonu"},"content":{"rendered":"<p>Kocas\u0131 Richard\u2019\u0131n \u00f6l\u00fcm\u00fcnden bir ay sonra Mary Mahony, o\u011flu Cuffy ve k\u0131z\u0131 Lucie\u2019yle ba\u015fka bir kasabaya ta\u015f\u0131n\u0131r. \u00c7ocuklar\u0131 i\u00e7in her \u015feyi g\u00f6ze alan anneye g\u00f6re dokuz ya\u015f\u0131ndaki o\u011flu akl\u0131 havada, hayalperest bir \u00e7ocuktur. Ancak ya\u015fam\u0131n ac\u0131 s\u00fcrprizleri kar\u015f\u0131s\u0131nda kendisini ve k\u0131z karde\u015fini ayakta tutabilmek i\u00e7in Cuffy \u00e7ocuklu\u011funu bir g\u00fcnde geride b\u0131rakacakt\u0131r. Bir ailenin ba\u015f\u0131ndan ge\u00e7enlerle bir d\u00f6nemin hik\u00e2yesini \u00e7\u0131karan \u00c7ocuklu\u011fun Sonu, d\u00f6rt b\u00f6l\u00fcml\u00fck bir \u00f6yk\u00fcn\u00fcn i\u00e7ine b\u00fct\u00fcn bir roman\u0131 s\u0131\u011fd\u0131r\u0131yor. #avustralyamodernleri #b\u00fcy\u00fcmek #babas\u0131zl\u0131k #fedakarl\u0131k #karde\u015flik #ge\u00e7im<\/p>\n","protected":false},"excerpt":{"rendered":"<p>Kocas\u0131 Richard\u2019\u0131n \u00f6l\u00fcm\u00fcnden bir ay sonra Mary Mahony, o\u011flu Cuffy ve k\u0131z\u0131 Lucie\u2019yle ba\u015fka bir kasabaya ta\u015f\u0131n\u0131r. \u00c7ocuklar\u0131 i\u00e7in her \u015feyi g\u00f6ze alan anneye g\u00f6re dokuz<span class=\"excerpt-hellip\"> [\u2026]<\/span><\/p>\n","protected":false},"featured_media":0,"template":"","meta":{"_monsterinsights_skip_tracking":false,"_monsterinsights_sitenote_active":false,"_monsterinsights_sitenote_note":"","_monsterinsights_sitenote_category":0},"product_brand":[],"product_cat":[12291,12711],"product_tag":[],"class_list":{"0":"post-722168","1":"product","2":"type-product","3":"status-publish","5":"product_cat-edebiyat","6":"product_cat-roman-oyku","7":"pa_cilt-ciltsiz","8":"pa_tur-kitap","9":"pa_yayinevi-can-yayinlari","10":"pa_yazar-henry-handel-richardson","12":"first","13":"instock","14":"sale","15":"shipping-taxable","16":"purchasable","17":"product-type-simple"},"_links":{"self":[{"href":"https:\/\/roveyayinevi.com.tr\/index.php\/wp-json\/wp\/v2\/product\/722168","targetHints":{"allow":["GET"]}}],"collection":[{"href":"https:\/\/roveyayinevi.com.tr\/index.php\/wp-json\/wp\/v2\/product"}],"about":[{"href":"https:\/\/roveyayinevi.com.tr\/index.php\/wp-json\/wp\/v2\/types\/product"}],"wp:attachment":[{"href":"https:\/\/roveyayinevi.com.tr\/index.php\/wp-json\/wp\/v2\/media?parent=722168"}],"wp:term":[{"taxonomy":"product_brand","embeddable":true,"href":"https:\/\/roveyayinevi.com.tr\/index.php\/wp-json\/wp\/v2\/product_brand?post=722168"},{"taxonomy":"product_cat","embeddable":true,"href":"https:\/\/roveyayinevi.com.tr\/index.php\/wp-json\/wp\/v2\/product_cat?post=722168"},{"taxonomy":"product_tag","embeddable":true,"href":"https:\/\/roveyayinevi.com.tr\/index.php\/wp-json\/wp\/v2\/product_tag?post=722168"}],"curies":[{"name":"wp","href":"https:\/\/api.w.org\/{rel}","templated":true}]}}