{"id":722158,"date":"2025-08-27T19:00:32","date_gmt":"2025-08-27T16:00:32","guid":{"rendered":"https:\/\/roveyayinevi.com.tr\/index.php\/urun\/orgutlerde-otantik-liderlik-ve-politik-yeti\/"},"modified":"2026-04-16T02:29:54","modified_gmt":"2026-04-15T23:29:54","slug":"orgutlerde-otantik-liderlik-ve-politik-yeti","status":"publish","type":"product","link":"https:\/\/roveyayinevi.com.tr\/index.php\/urun\/orgutlerde-otantik-liderlik-ve-politik-yeti\/","title":{"rendered":"\u00d6rg\u00fctlerde Otantik Liderlik ve Politik Yeti"},"content":{"rendered":"<p>Bu kitapta; \u00f6rg\u00fctsel davran\u0131\u015f alanyaz\u0131n\u0131nda ele al\u0131nan &#8220;otantik liderlik\u201d, &#8220;politik yeti\u201d, &#8220;g\u00fcven\u201d, &#8220;lider etkilili\u011fi\u201d ve &#8220;alturistik davran\u0131\u015flar\u201d konular\u0131 biraraya getirilmektedir. Ayr\u0131ca hem\u015firelik mesle\u011fi a\u00e7\u0131s\u0131ndan \u00f6nem arz eden bu konulardan hareketle bir ara\u015ft\u0131rma modeli kurulmakta ve bu model hem\u015fireler \u00fczerinde test edilmektedir. <\/p>\n","protected":false},"excerpt":{"rendered":"<p>Bu kitapta; \u00f6rg\u00fctsel davran\u0131\u015f alanyaz\u0131n\u0131nda ele al\u0131nan &#8220;otantik liderlik\u201d, &#8220;politik yeti\u201d, &#8220;g\u00fcven\u201d, &#8220;lider etkilili\u011fi\u201d ve &#8220;alturistik davran\u0131\u015flar\u201d konular\u0131 biraraya getirilmektedir. Ayr\u0131ca hem\u015firelik mesle\u011fi a\u00e7\u0131s\u0131ndan \u00f6nem arz<span class=\"excerpt-hellip\"> [\u2026]<\/span><\/p>\n","protected":false},"featured_media":0,"template":"","meta":{"_monsterinsights_skip_tracking":false,"_monsterinsights_sitenote_active":false,"_monsterinsights_sitenote_note":"","_monsterinsights_sitenote_category":0},"product_brand":[],"product_cat":[13043,14381],"product_tag":[],"class_list":{"0":"post-722158","1":"product","2":"type-product","3":"status-publish","5":"product_cat-ekonomi","6":"product_cat-isletme-muhasebe-maliye","7":"pa_cilt-ciltsiz","8":"pa_tur-kitap","9":"pa_yayinevi-gazi-kitabevi","10":"pa_yazar-zulfi-umut-ozkara","12":"first","13":"instock","14":"sale","15":"shipping-taxable","16":"purchasable","17":"product-type-simple"},"_links":{"self":[{"href":"https:\/\/roveyayinevi.com.tr\/index.php\/wp-json\/wp\/v2\/product\/722158","targetHints":{"allow":["GET"]}}],"collection":[{"href":"https:\/\/roveyayinevi.com.tr\/index.php\/wp-json\/wp\/v2\/product"}],"about":[{"href":"https:\/\/roveyayinevi.com.tr\/index.php\/wp-json\/wp\/v2\/types\/product"}],"wp:attachment":[{"href":"https:\/\/roveyayinevi.com.tr\/index.php\/wp-json\/wp\/v2\/media?parent=722158"}],"wp:term":[{"taxonomy":"product_brand","embeddable":true,"href":"https:\/\/roveyayinevi.com.tr\/index.php\/wp-json\/wp\/v2\/product_brand?post=722158"},{"taxonomy":"product_cat","embeddable":true,"href":"https:\/\/roveyayinevi.com.tr\/index.php\/wp-json\/wp\/v2\/product_cat?post=722158"},{"taxonomy":"product_tag","embeddable":true,"href":"https:\/\/roveyayinevi.com.tr\/index.php\/wp-json\/wp\/v2\/product_tag?post=722158"}],"curies":[{"name":"wp","href":"https:\/\/api.w.org\/{rel}","templated":true}]}}