{"id":722157,"date":"2025-08-27T19:00:31","date_gmt":"2025-08-27T16:00:31","guid":{"rendered":"https:\/\/roveyayinevi.com.tr\/index.php\/urun\/anca-beraber-kanka-beraber-acayip-isler-takimi\/"},"modified":"2026-04-16T02:29:54","modified_gmt":"2026-04-15T23:29:54","slug":"anca-beraber-kanka-beraber-acayip-isler-takimi","status":"publish","type":"product","link":"https:\/\/roveyayinevi.com.tr\/index.php\/urun\/anca-beraber-kanka-beraber-acayip-isler-takimi\/","title":{"rendered":"Anca Beraber Kanka Beraber &#8211; Acayip \u0130\u015fler Tak\u0131m\u0131"},"content":{"rendered":"<p>Acayip \u0130\u015fler Tak\u0131m\u0131 bu sefer Londra\u2019y\u0131 kar\u0131\u015ft\u0131r\u0131yor.Efe ve arkada\u015flar\u0131, \u0130ngilizce \u00f6\u011fretmenleri \u00d6mer Hoca ile birlikte, \u0130ngiltere\u2019de bir dil okulundaki yaz kamp\u0131na gidebilmek i\u00e7in ailelerini zorla ikna ediyorlar. Ama \u0130ngilizcelerini geli\u015ftirmek i\u00e7in gittikleri kampta, \u0130ngilizceleri hari\u00e7 her bi\u2019\u015feyleri geli\u015fiyor.Farkl\u0131 k\u00fclt\u00fcrlerle tan\u0131\u015f\u0131p adeta bir k\u00fclt\u00fcr \u015foku ya\u015fayan, \u0130ngilizlere T\u00fcrk\u00e7e \u00f6\u011fretmeye kalk\u0131\u015fan ekibimiz zeka, beceri ve kondisyon oyunu Level&#8217;a da kat\u0131l\u0131yor.Ormanl\u0131k bir alan ve d\u00fcnyan\u0131n farkl\u0131 \u00fclkelerinden gelen tak\u0131mlarla yar\u0131\u015f&#8230; Alt\u0131 saat i\u00e7inde tamamlanmas\u0131 gereken \u00fc\u00e7 zorlu g\u00f6rev\u2026 Tabii yar\u0131\u015fanlar Efe ve kankalar\u0131 olunca da i\u015fler epey bir kar\u0131\u015f\u0131yor.Adrenalin ve komedinin kol gezdi\u011fi bu hik\u00e2yede bazen g\u00fclmekten kat\u0131lacak, bazen heyecandan kas\u0131lacaks\u0131n. Anlayaca\u011f\u0131n Acayip \u0130\u015fler Tak\u0131m\u0131 yine ezberleri fena halde bozuyor.<\/p>\n","protected":false},"excerpt":{"rendered":"<p>Acayip \u0130\u015fler Tak\u0131m\u0131 bu sefer Londra\u2019y\u0131 kar\u0131\u015ft\u0131r\u0131yor.Efe ve arkada\u015flar\u0131, \u0130ngilizce \u00f6\u011fretmenleri \u00d6mer Hoca ile birlikte, \u0130ngiltere\u2019de bir dil okulundaki yaz kamp\u0131na gidebilmek i\u00e7in ailelerini zorla ikna<span class=\"excerpt-hellip\"> [\u2026]<\/span><\/p>\n","protected":false},"featured_media":0,"template":"","meta":{"_monsterinsights_skip_tracking":false,"_monsterinsights_sitenote_active":false,"_monsterinsights_sitenote_note":"","_monsterinsights_sitenote_category":0},"product_brand":[],"product_cat":[12274,12284],"product_tag":[],"class_list":{"0":"post-722157","1":"product","2":"type-product","3":"status-publish","5":"product_cat-cocuk-ve-genclik-kitaplari","6":"product_cat-hikayeler","7":"pa_cilt-ciltsiz","8":"pa_tur-kitap","9":"pa_yayinevi-carpe-diem-kitaplari","10":"pa_yazar-salih-uyan","12":"first","13":"instock","14":"sale","15":"shipping-taxable","16":"purchasable","17":"product-type-simple"},"_links":{"self":[{"href":"https:\/\/roveyayinevi.com.tr\/index.php\/wp-json\/wp\/v2\/product\/722157","targetHints":{"allow":["GET"]}}],"collection":[{"href":"https:\/\/roveyayinevi.com.tr\/index.php\/wp-json\/wp\/v2\/product"}],"about":[{"href":"https:\/\/roveyayinevi.com.tr\/index.php\/wp-json\/wp\/v2\/types\/product"}],"wp:attachment":[{"href":"https:\/\/roveyayinevi.com.tr\/index.php\/wp-json\/wp\/v2\/media?parent=722157"}],"wp:term":[{"taxonomy":"product_brand","embeddable":true,"href":"https:\/\/roveyayinevi.com.tr\/index.php\/wp-json\/wp\/v2\/product_brand?post=722157"},{"taxonomy":"product_cat","embeddable":true,"href":"https:\/\/roveyayinevi.com.tr\/index.php\/wp-json\/wp\/v2\/product_cat?post=722157"},{"taxonomy":"product_tag","embeddable":true,"href":"https:\/\/roveyayinevi.com.tr\/index.php\/wp-json\/wp\/v2\/product_tag?post=722157"}],"curies":[{"name":"wp","href":"https:\/\/api.w.org\/{rel}","templated":true}]}}