{"id":722155,"date":"2025-08-27T19:00:29","date_gmt":"2025-08-27T16:00:29","guid":{"rendered":"https:\/\/roveyayinevi.com.tr\/index.php\/urun\/kuruluslarda-surec-performans-ve-risk-analizi-yonetimi\/"},"modified":"2026-04-16T02:29:54","modified_gmt":"2026-04-15T23:29:54","slug":"kuruluslarda-surec-performans-ve-risk-analizi-yonetimi","status":"publish","type":"product","link":"https:\/\/roveyayinevi.com.tr\/index.php\/urun\/kuruluslarda-surec-performans-ve-risk-analizi-yonetimi\/","title":{"rendered":"Kurulu\u015flarda S\u00fcre\u00e7, Performans ve Risk Analizi Y\u00f6netimi"},"content":{"rendered":"<p>Gerek \u00f6zel sekt\u00f6rde gerekse de kamu sekt\u00f6r\u00fcnde kurulu\u015flar\u0131n etkin ve verimli \u00e7al\u0131\u015fmalar\u0131 ve kaliteli hizmetler sunmalar\u0131, t\u00fcm \u00fclke ekonomisini ve y\u00f6netimini do\u011frudan etkilemektedir. G\u00fcn\u00fcm\u00fczde \u00f6zel sekt\u00f6r kurulu\u015flar\u0131n\u0131n mal ve hizmet kalitesinin g\u00fcn\u00fcn \u015fartlar\u0131n\u0131n gerektirdi\u011fi \u015fekilde iyile\u015ftirmemeleri halinde varl\u0131klar\u0131n\u0131n sona ermesi, kamu kurulu\u015flar\u0131 i\u00e7in de ge\u00e7erli bir olgu haline gelmi\u015ftir. Art\u0131k kamu kurulu\u015flar\u0131 da i\u00e7inde bulunduklar\u0131 verimsizlik ve i\u015f yapmaktan \u00e7ok i\u015f \u00fcretmeyen kurumlar haline gelmeleri sonucunda ger\u00e7ek varl\u0131k sebeplerini ortadan kald\u0131rmakta, fiziksel olarak var olsalar da kamuoyu g\u00f6z\u00fcnde b\u00fcy\u00fck imaj kayb\u0131na u\u011framaktad\u0131rlar.    T\u00fcm d\u00fcnyada 1970&#8217;lerin ortalar\u0131ndan ba\u015flayarak hizmet sunumunda performans\u0131 art\u0131rmak, temel bir politika olmu\u015f ve 1990&#8217;l\u0131 y\u0131llardaki geli\u015fmeler t\u00fcm kurulu\u015flar\u0131n\u0131 ciddi bir \u015fekilde etkilemeye ba\u015flam\u0131\u015ft\u0131r. Bu s\u00fcre\u00e7te g\u00fcndeme gelen s\u00fcre\u00e7 ve performans y\u00f6netimi uygulamalar\u0131; \u00f6zellikle kamu kurulu\u015flar\u0131na, etkinli\u011fi ve verimlili\u011fi izleme, kontrol etme ve stratejik \u00f6ncelikleri yerine getirme imk\u00e2n\u0131 veren yeni bir y\u00f6netim anlay\u0131\u015f\u0131 olarak dikkat \u00e7ekmi\u015ftir. Son y\u0131llarda d\u00fcnya genelinde ya\u015fanan de\u011fi\u015fim \u00fclkemizde ba\u015fta kamu sekt\u00f6r\u00fc olmak \u00fczere t\u00fcm kurulu\u015flar\u0131m\u0131z\u0131 do\u011frudan etkilemektedir. \u00d6zellikle yasal d\u00fczeyde yap\u0131lan \u00e7al\u0131\u015fmalar bu kurulu\u015flar\u0131n yap\u0131lar\u0131n\u0131 ve hizmet sunma felsefelerini do\u011frudan etkilemektedir. T\u00fcrkiye&#8217;de bu alanda ya\u015fanan en kapsaml\u0131 de\u011fi\u015fim, eski denetim anlay\u0131\u015f\u0131 kar\u015f\u0131s\u0131nda kamu mali y\u00f6netiminde yeni sistemin kurulmas\u0131 ve yeni denetim anlay\u0131\u015f\u0131na ge\u00e7ilmesi \u015feklinde olmu\u015ftur.<\/p>\n","protected":false},"excerpt":{"rendered":"<p>Gerek \u00f6zel sekt\u00f6rde gerekse de kamu sekt\u00f6r\u00fcnde kurulu\u015flar\u0131n etkin ve verimli \u00e7al\u0131\u015fmalar\u0131 ve kaliteli hizmetler sunmalar\u0131, t\u00fcm \u00fclke ekonomisini ve y\u00f6netimini do\u011frudan etkilemektedir. G\u00fcn\u00fcm\u00fczde \u00f6zel sekt\u00f6r<span class=\"excerpt-hellip\"> [\u2026]<\/span><\/p>\n","protected":false},"featured_media":0,"template":"","meta":{"_monsterinsights_skip_tracking":false,"_monsterinsights_sitenote_active":false,"_monsterinsights_sitenote_note":"","_monsterinsights_sitenote_category":0},"product_brand":[],"product_cat":[13043,19008],"product_tag":[],"class_list":{"0":"post-722155","1":"product","2":"type-product","3":"status-publish","5":"product_cat-ekonomi","6":"product_cat-yonetim","7":"pa_cilt-ciltsiz","8":"pa_tur-kitap","9":"pa_yayinevi-gazi-kitabevi","10":"pa_yazar-m-akif-ozer","12":"first","13":"instock","14":"sale","15":"shipping-taxable","16":"purchasable","17":"product-type-simple"},"_links":{"self":[{"href":"https:\/\/roveyayinevi.com.tr\/index.php\/wp-json\/wp\/v2\/product\/722155","targetHints":{"allow":["GET"]}}],"collection":[{"href":"https:\/\/roveyayinevi.com.tr\/index.php\/wp-json\/wp\/v2\/product"}],"about":[{"href":"https:\/\/roveyayinevi.com.tr\/index.php\/wp-json\/wp\/v2\/types\/product"}],"wp:attachment":[{"href":"https:\/\/roveyayinevi.com.tr\/index.php\/wp-json\/wp\/v2\/media?parent=722155"}],"wp:term":[{"taxonomy":"product_brand","embeddable":true,"href":"https:\/\/roveyayinevi.com.tr\/index.php\/wp-json\/wp\/v2\/product_brand?post=722155"},{"taxonomy":"product_cat","embeddable":true,"href":"https:\/\/roveyayinevi.com.tr\/index.php\/wp-json\/wp\/v2\/product_cat?post=722155"},{"taxonomy":"product_tag","embeddable":true,"href":"https:\/\/roveyayinevi.com.tr\/index.php\/wp-json\/wp\/v2\/product_tag?post=722155"}],"curies":[{"name":"wp","href":"https:\/\/api.w.org\/{rel}","templated":true}]}}