{"id":722151,"date":"2025-08-27T19:00:26","date_gmt":"2025-08-27T16:00:26","guid":{"rendered":"https:\/\/roveyayinevi.com.tr\/index.php\/urun\/alevi-olmak\/"},"modified":"2026-04-16T02:29:54","modified_gmt":"2026-04-15T23:29:54","slug":"alevi-olmak","status":"publish","type":"product","link":"https:\/\/roveyayinevi.com.tr\/index.php\/urun\/alevi-olmak\/","title":{"rendered":"Alevi Olmak"},"content":{"rendered":"<p>Alevilerle M\u00fcsl\u00fcman topluluklar aras\u0131nda ya\u015fanan \u00e7at\u0131\u015fmada Alevilerin yeri nedir? \u00c7at\u0131\u015fma s\u00fcrecinde \u201c\u0130slam \u00f6ncesi\u201d, \u201c\u0130slami d\u00f6nem\u201d gibi alanlara s\u0131k\u0131\u015ft\u0131r\u0131larak ele al\u0131nan Alevilik, kendi d\u0131\u015f\u0131na, ait \u201colmad\u0131\u011f\u0131\u201d yere itildi. Cumhuriyet boyunca Aleviler zorla M\u00fcsl\u00fcman ve T\u00fcrk say\u0131ld\u0131. Alevili\u011fin ve Alevilerin bir \u201cyere\u201d yamanma ihtiyac\u0131, Alevi ger\u00e7e\u011fini gizledi\u011fi gibi, Alevilerin kafas\u0131n\u0131 da kar\u0131\u015ft\u0131rd\u0131. Bu nedenle Alevi teosofisi, teolojik inan\u00e7larla ku\u015fat\u0131ld\u0131. \u00c7evre k\u00fclt\u00fcrlerin, inan\u00e7lar\u0131n ve dinlerin bi\u00e7imlendirdi\u011fi bask\u0131n bir s\u00fcrece hapsedilmeye \u00e7al\u0131\u015f\u0131ld\u0131. Bu \u00e7al\u0131\u015fmada, Alevi d\u00fc\u015f\u00fcncesine temel olan siyasal ruha ve onun k\u00f6kenine \u00f6nem verildi. Bu kapsamda Alevilik mayalanma, kurumsalla\u015fma ve de\u011fi\u015fim d\u00f6nemleri olarak ele al\u0131nd\u0131. Alevili\u011fe dair bilinen yalanlar\u0131 y\u0131kmak, par\u00e7alanan hakikatin izini s\u00fcrmek, Alevilikte \u00e7eli\u015fki diye sunulan talan ile ger\u00e7e\u011fi ay\u0131rmak istedik. Alevili\u011fi var eden ilkeleri ve yaratt\u0131\u011f\u0131 etkileri ele almak Alevili\u011fi anlamam\u0131z\u0131 kolayla\u015ft\u0131r\u0131r. Bu ama\u00e7la Alevi \u00f6zg\u00fcnl\u00fc\u011f\u00fcn\u00fc merkeze alan kronolojik s\u00fcrece dair veriler kullan\u0131ld\u0131. Bu \u00e7al\u0131\u015fmada Alevili\u011fi kendi diliyle anlamak, okumak i\u00e7in Alevili\u011fin etnosantrik y\u00f6n\u00fcyle ortaya konulmas\u0131na \u00f6nem verildi. <\/p>\n","protected":false},"excerpt":{"rendered":"<p>Alevilerle M\u00fcsl\u00fcman topluluklar aras\u0131nda ya\u015fanan \u00e7at\u0131\u015fmada Alevilerin yeri nedir? \u00c7at\u0131\u015fma s\u00fcrecinde \u201c\u0130slam \u00f6ncesi\u201d, \u201c\u0130slami d\u00f6nem\u201d gibi alanlara s\u0131k\u0131\u015ft\u0131r\u0131larak ele al\u0131nan Alevilik, kendi d\u0131\u015f\u0131na, ait \u201colmad\u0131\u011f\u0131\u201d yere<span class=\"excerpt-hellip\"> [\u2026]<\/span><\/p>\n","protected":false},"featured_media":0,"template":"","meta":{"_monsterinsights_skip_tracking":false,"_monsterinsights_sitenote_active":false,"_monsterinsights_sitenote_note":"","_monsterinsights_sitenote_category":0},"product_brand":[],"product_cat":[13575,12718,12719],"product_tag":[],"class_list":{"0":"post-722151","1":"product","2":"type-product","3":"status-publish","5":"product_cat-alevilik-bektasilik","6":"product_cat-din","7":"product_cat-islam","8":"pa_cilt-ciltsiz","9":"pa_tur-kitap","10":"pa_yayinevi-nika-yayinevi","11":"pa_yazar-hasan-harmanci","13":"first","14":"instock","15":"sale","16":"shipping-taxable","17":"purchasable","18":"product-type-simple"},"_links":{"self":[{"href":"https:\/\/roveyayinevi.com.tr\/index.php\/wp-json\/wp\/v2\/product\/722151","targetHints":{"allow":["GET"]}}],"collection":[{"href":"https:\/\/roveyayinevi.com.tr\/index.php\/wp-json\/wp\/v2\/product"}],"about":[{"href":"https:\/\/roveyayinevi.com.tr\/index.php\/wp-json\/wp\/v2\/types\/product"}],"wp:attachment":[{"href":"https:\/\/roveyayinevi.com.tr\/index.php\/wp-json\/wp\/v2\/media?parent=722151"}],"wp:term":[{"taxonomy":"product_brand","embeddable":true,"href":"https:\/\/roveyayinevi.com.tr\/index.php\/wp-json\/wp\/v2\/product_brand?post=722151"},{"taxonomy":"product_cat","embeddable":true,"href":"https:\/\/roveyayinevi.com.tr\/index.php\/wp-json\/wp\/v2\/product_cat?post=722151"},{"taxonomy":"product_tag","embeddable":true,"href":"https:\/\/roveyayinevi.com.tr\/index.php\/wp-json\/wp\/v2\/product_tag?post=722151"}],"curies":[{"name":"wp","href":"https:\/\/api.w.org\/{rel}","templated":true}]}}