{"id":722146,"date":"2025-08-27T19:00:22","date_gmt":"2025-08-27T16:00:22","guid":{"rendered":"https:\/\/roveyayinevi.com.tr\/index.php\/urun\/okuloncesi-miniklere-sarkilar\/"},"modified":"2026-04-16T02:29:54","modified_gmt":"2026-04-15T23:29:54","slug":"okuloncesi-miniklere-sarkilar","status":"publish","type":"product","link":"https:\/\/roveyayinevi.com.tr\/index.php\/urun\/okuloncesi-miniklere-sarkilar\/","title":{"rendered":"Okul\u00f6ncesi Miniklere \u015eark\u0131lar"},"content":{"rendered":"<p>Bu kitap m\u00fczik e\u011fitimcisi bir annenin, asl\u0131nda kendi \u00e7ocuklar\u0131n\u0131 b\u00fcy\u00fct\u00fcrken ihtiya\u00e7 duydu\u011fu, g\u00fcnl\u00fck etkinlikler yapmak i\u00e7in kulland\u0131\u011f\u0131 ve bu ama\u00e7la besteledi\u011fi k\u00fc\u00e7\u00fck \u00f6l\u00e7ekli 14 \u015fark\u0131dan (Renkler, Bebe\u011fim, Temizlik, Aydede, Ninni, Sallan, Top Oynayal\u0131m, Y\u0131ld\u0131zlar, Burnum, Di\u015flerim, K\u0131\u015f Keyfi, Di\u015flerim, Ku\u015f, Minik \u00c7antam) olu\u015fmaktad\u0131r. Bu \u015fark\u0131lar 2-6 ya\u015f d\u00f6nemi okul\u00f6ncesi \u00e7ocuklar\u0131n m\u00fczik e\u011fitimine ve geli\u015fimlerine, okul \u00f6ncesi kurumlardaki etkinliklere ve m\u00fczik derslerine, e\u011fitim fak\u00fcltelerine ba\u011fl\u0131 m\u00fczik dersi i\u015flenen b\u00f6l\u00fcmlerin \u00f6\u011frencilerine ve \u00f6\u011fretmenlerine y\u00f6neliktir. Kitab\u0131m\u0131z\u0131n anne babalara, e\u011fitimcilere ve gelece\u011fin b\u00fcy\u00fckleri miniklerimize yararl\u0131 olmas\u0131 dile\u011fiyle\u2026 <\/p>\n","protected":false},"excerpt":{"rendered":"<p>Bu kitap m\u00fczik e\u011fitimcisi bir annenin, asl\u0131nda kendi \u00e7ocuklar\u0131n\u0131 b\u00fcy\u00fct\u00fcrken ihtiya\u00e7 duydu\u011fu, g\u00fcnl\u00fck etkinlikler yapmak i\u00e7in kulland\u0131\u011f\u0131 ve bu ama\u00e7la besteledi\u011fi k\u00fc\u00e7\u00fck \u00f6l\u00e7ekli 14 \u015fark\u0131dan (Renkler,<span class=\"excerpt-hellip\"> [\u2026]<\/span><\/p>\n","protected":false},"featured_media":0,"template":"","meta":{"_monsterinsights_skip_tracking":false,"_monsterinsights_sitenote_active":false,"_monsterinsights_sitenote_note":"","_monsterinsights_sitenote_category":0},"product_brand":[],"product_cat":[12274,12518],"product_tag":[],"class_list":{"0":"post-722146","1":"product","2":"type-product","3":"status-publish","5":"product_cat-cocuk-ve-genclik-kitaplari","6":"product_cat-okul-oncesi-kitaplar","7":"pa_cilt-ciltsiz","8":"pa_tur-kitap","9":"pa_yayinevi-muzik-egitimi-yayinlari","10":"pa_yazar-emine-kivanc-oztug","12":"first","13":"instock","14":"sale","15":"shipping-taxable","16":"purchasable","17":"product-type-simple"},"_links":{"self":[{"href":"https:\/\/roveyayinevi.com.tr\/index.php\/wp-json\/wp\/v2\/product\/722146","targetHints":{"allow":["GET"]}}],"collection":[{"href":"https:\/\/roveyayinevi.com.tr\/index.php\/wp-json\/wp\/v2\/product"}],"about":[{"href":"https:\/\/roveyayinevi.com.tr\/index.php\/wp-json\/wp\/v2\/types\/product"}],"wp:attachment":[{"href":"https:\/\/roveyayinevi.com.tr\/index.php\/wp-json\/wp\/v2\/media?parent=722146"}],"wp:term":[{"taxonomy":"product_brand","embeddable":true,"href":"https:\/\/roveyayinevi.com.tr\/index.php\/wp-json\/wp\/v2\/product_brand?post=722146"},{"taxonomy":"product_cat","embeddable":true,"href":"https:\/\/roveyayinevi.com.tr\/index.php\/wp-json\/wp\/v2\/product_cat?post=722146"},{"taxonomy":"product_tag","embeddable":true,"href":"https:\/\/roveyayinevi.com.tr\/index.php\/wp-json\/wp\/v2\/product_tag?post=722146"}],"curies":[{"name":"wp","href":"https:\/\/api.w.org\/{rel}","templated":true}]}}