{"id":722145,"date":"2025-08-27T19:00:22","date_gmt":"2025-08-27T16:00:22","guid":{"rendered":"https:\/\/roveyayinevi.com.tr\/index.php\/urun\/chp-uzerine-denemeler\/"},"modified":"2025-11-21T05:47:42","modified_gmt":"2025-11-21T02:47:42","slug":"chp-uzerine-denemeler","status":"publish","type":"product","link":"https:\/\/roveyayinevi.com.tr\/index.php\/urun\/chp-uzerine-denemeler\/","title":{"rendered":"Chp \u00dczerine Denemeler"},"content":{"rendered":"<p>Cumhuriyet Halk Partisi (CHP), d\u00fcnyada ilk kez emperyalizme kar\u015f\u0131 kurtulu\u015f sava\u015f\u0131 veren Ba\u011f\u0131ms\u0131z T\u00fcrkiye Cumhuriyetini kuran bir d\u00fc\u015f\u00fcncenin \u00fcr\u00fcn\u00fcd\u00fcr. CHP, d\u00fcnya da ilk kez kan d\u00f6kmeden, Avrupa\u2019n\u0131n y\u00fczy\u0131llara s\u0131\u011fd\u0131rd\u0131\u011f\u0131 devrimleri k\u0131sa s\u00fcrede ger\u00e7ekle\u015ftirmi\u015f bir partidir. T\u00fcrkiye\u2019de, tarihinde ya\u015famad\u0131\u011f\u0131 \u00e7arp\u0131kl\u0131kta , yokluk, yolsuzluk, i\u015fsizlik, adaletsizlik, haks\u0131zl\u0131k ve hukuksuzluk ya\u015fat\u0131l\u0131yor. \u00d6zg\u00fcrl\u00fckler a\u011f\u0131r bir sald\u0131r\u0131 alt\u0131ndad\u0131r. K\u00fcresel g\u00fc\u00e7ler T\u00fcrkiye siyasetini ve d\u00fczenini yeniden dizayn ediyor\u2026 Bir yanda kirli operasyonlar, karalamalar, ahlaks\u0131zl\u0131klar, di\u011fer yanda ger\u00e7e\u011fi arayanlar, karanl\u0131kta \u0131\u015f\u0131k olanlar. \u201cM\u00fccadele edenler her zaman kazanamaz, ama kazananlar her zaman m\u00fccadele etmi\u015ftir.\u201d diyor Av. Ali G\u00fcven\u00e7 Kiraz, CHP gen\u00e7lik kollar\u0131nda g\u00f6rev yapm\u0131\u015f, CHP mutfa\u011f\u0131nda yeti\u015fmi\u015f, Sosyal Demokrat CHP k\u00fclt\u00fcr\u00fcn\u00fc \u00f6z\u00fcmsemi\u015f, gen\u00e7 ya\u015f\u0131nda CHP \u00fczerine kitap yazd\u0131. Bug\u00fcn on y\u0131l sonra geli\u015ftirilmi\u015f yeni bask\u0131s\u0131n\u0131 okuyaca\u011f\u0131z\u2026 T\u00fcrkiye\u2019nin \u201ckurucu partisi\u201d CHP\u2019ye k\u00fcresel g\u00fc\u00e7 odaklar\u0131nca yap\u0131lan operasyonu bu kitap da okuyacaks\u0131n\u0131z. Ali G\u00fcven\u00e7 Kiraz, \u00fclkemizin  ve b\u00f6lgemizin d\u00fcnyan\u0131n g\u00fcven duydu\u011fu bar\u0131\u015f ve istikrar i\u00e7inde ya\u015fan\u0131lan \u00fclke olmas\u0131n\u0131 CHP\u2019nin sa\u011flayaca\u011f\u0131na olan \u00fcmidini hi\u00e7bir zaman kay\u0131p etmedi. Kitap da, T\u00fcrkiye\u2019nin bug\u00fcnk\u00fc y\u00f6neticilerinden kurtulmadan do\u011fru hedeflere gitmesinin m\u00fcmk\u00fcn olmad\u0131\u011f\u0131n\u0131 ve  Cumhuriyet Halk Partisi\u2019ne d\u00fc\u015fen g\u00f6revin, bu y\u00f6neticilerin egemenli\u011fine   son vermek oldu\u011funu okuyacaks\u0131n\u0131z. T\u00fcrkiye\u2019nin yeniden yeni bir demokratik ya\u015fama  ge\u00e7mesinin  \u00f6nc\u00fcl\u00fc\u011f\u00fcn\u00fc  CHP yapacakt\u0131r. Cumhuriyeti kuran parti T\u00fcrkiye\u2019de demokrasiyi tekrar kurum ve kurallar\u0131yla kuracakt\u0131r.  CHP kurtar\u0131lmadan T\u00fcrkiye kurtar\u0131lamaz\u2026 CHP de yukar\u0131dan a\u015fa\u011f\u0131ya de\u011fi\u015fim \u015fart. De\u011fi\u015fim ve yenile\u015fme CHP\u2019 den ba\u015flan\u0131larak T\u00fcrkiye de\u011fi\u015fecek ve yenilenecektir\u2026 Cezmi Do\u011faner Avrupa Sosyal Demokrat Hareketi Ba\u015fkan\u0131 Rotterdam-Hollanda<\/p>\n","protected":false},"excerpt":{"rendered":"<p>Cumhuriyet Halk Partisi (CHP), d\u00fcnyada ilk kez emperyalizme kar\u015f\u0131 kurtulu\u015f sava\u015f\u0131 veren Ba\u011f\u0131ms\u0131z T\u00fcrkiye Cumhuriyetini kuran bir d\u00fc\u015f\u00fcncenin \u00fcr\u00fcn\u00fcd\u00fcr. CHP, d\u00fcnya da ilk kez kan d\u00f6kmeden,<span class=\"excerpt-hellip\"> [\u2026]<\/span><\/p>\n","protected":false},"featured_media":0,"template":"","meta":{"_monsterinsights_skip_tracking":false,"_monsterinsights_sitenote_active":false,"_monsterinsights_sitenote_note":"","_monsterinsights_sitenote_category":0},"product_brand":[],"product_cat":[13590,12337],"product_tag":[],"class_list":{"0":"post-722145","1":"product","2":"type-product","3":"status-publish","5":"product_cat-arastirma-inceleme-politika-siyaset","6":"product_cat-politika-siyaset","7":"pa_cilt-ciltsiz","8":"pa_tur-kitap","9":"pa_yayinevi-asi-kitap","10":"pa_yazar-ali-guvenc-kiraz","12":"first","13":"instock","14":"sale","15":"shipping-taxable","16":"purchasable","17":"product-type-simple"},"_links":{"self":[{"href":"https:\/\/roveyayinevi.com.tr\/index.php\/wp-json\/wp\/v2\/product\/722145","targetHints":{"allow":["GET"]}}],"collection":[{"href":"https:\/\/roveyayinevi.com.tr\/index.php\/wp-json\/wp\/v2\/product"}],"about":[{"href":"https:\/\/roveyayinevi.com.tr\/index.php\/wp-json\/wp\/v2\/types\/product"}],"wp:attachment":[{"href":"https:\/\/roveyayinevi.com.tr\/index.php\/wp-json\/wp\/v2\/media?parent=722145"}],"wp:term":[{"taxonomy":"product_brand","embeddable":true,"href":"https:\/\/roveyayinevi.com.tr\/index.php\/wp-json\/wp\/v2\/product_brand?post=722145"},{"taxonomy":"product_cat","embeddable":true,"href":"https:\/\/roveyayinevi.com.tr\/index.php\/wp-json\/wp\/v2\/product_cat?post=722145"},{"taxonomy":"product_tag","embeddable":true,"href":"https:\/\/roveyayinevi.com.tr\/index.php\/wp-json\/wp\/v2\/product_tag?post=722145"}],"curies":[{"name":"wp","href":"https:\/\/api.w.org\/{rel}","templated":true}]}}