{"id":722144,"date":"2025-08-27T19:00:21","date_gmt":"2025-08-27T16:00:21","guid":{"rendered":"https:\/\/roveyayinevi.com.tr\/index.php\/urun\/hurinin-cocuklari\/"},"modified":"2026-02-02T02:33:58","modified_gmt":"2026-02-01T23:33:58","slug":"hurinin-cocuklari","status":"publish","type":"product","link":"https:\/\/roveyayinevi.com.tr\/index.php\/urun\/hurinin-cocuklari\/","title":{"rendered":"Hurin\u2019in \u00c7ocuklar\u0131"},"content":{"rendered":"<p>Sonra Morgoth uzun kolunu Dor-l\u00f3min\u2019e do\u011fru uzatt\u0131 ve \u015fu s\u00f6zlerle H\u00farin, Morwen ve soylar\u0131n\u0131 lanetledi: \u2018G\u00f6r\u00fcn! Zihnimin g\u00f6lgesi her gittikleri yerde \u00fcstlerine \u00e7\u00f6kecek ve nefretim onlar\u0131 d\u00fcnyan\u0131n sonuna dek takip edecek.\u201d   Tek Y\u00fcz\u00fck yok edilmeden alt\u0131 bin y\u0131l \u00f6nce Orta D\u00fcnya, Karanl\u0131k Lord Morgoth\u2019un g\u00f6lgesi alt\u0131nda eziliyordu. Elflerin ve \u0130nsanlar\u0131n en y\u00fcce sava\u015f\u00e7\u0131lar\u0131 Morgoth\u2019a kar\u015f\u0131 koyam\u0131yor, onun kar\u015f\u0131s\u0131nda bir bir d\u00fc\u015f\u00fcyorlard\u0131. Tam bu \u00fcmitsizlik \u00e7a\u011f\u0131nda yeni bir lider \u00e7\u0131kt\u0131 ortaya: H\u00farin\u2019in o\u011flu T\u00farin. Yol arkada\u015flar\u0131yla, Morgoth\u2019a kar\u015f\u0131 Orta D\u00fcnya u\u011fruna verdi\u011fi sava\u015f\u0131 lehine \u00e7evirmeye ba\u015flayan T\u00farin kaderiyle y\u00fczle\u015fece\u011fi g\u00fcn\u00fc beklemekteydi.   J. R. R. Tolkien\u2019in kendi deyi\u015fiyle, Beren ile Luthien ve Gondolin\u2019in D\u00fc\u015f\u00fc\u015f\u00fc\u2019yle birlikte \u201c\u00fc\u00e7 b\u00fcy\u00fck \u00f6yk\u00fcden biri\u201d olan Hurin\u2019in \u00c7ocuklar\u0131, Christopher Tolkien\u2019in, babas\u0131n\u0131n el yazmalar\u0131n\u0131 inceleyip bir araya getirmesiyle bir b\u00fct\u00fcn halinde Orta D\u00fcnya hayranlar\u0131n\u0131n huzuruna \u00e7\u0131k\u0131yor. <\/p>\n","protected":false},"excerpt":{"rendered":"<p>Sonra Morgoth uzun kolunu Dor-l\u00f3min\u2019e do\u011fru uzatt\u0131 ve \u015fu s\u00f6zlerle H\u00farin, Morwen ve soylar\u0131n\u0131 lanetledi: \u2018G\u00f6r\u00fcn! Zihnimin g\u00f6lgesi her gittikleri yerde \u00fcstlerine \u00e7\u00f6kecek ve nefretim onlar\u0131<span class=\"excerpt-hellip\"> [\u2026]<\/span><\/p>\n","protected":false},"featured_media":0,"template":"","meta":{"_monsterinsights_skip_tracking":false,"_monsterinsights_sitenote_active":false,"_monsterinsights_sitenote_note":"","_monsterinsights_sitenote_category":0},"product_brand":[],"product_cat":[12291,14777],"product_tag":[],"class_list":{"0":"post-722144","1":"product","2":"type-product","3":"status-publish","5":"product_cat-edebiyat","6":"product_cat-fantastik","7":"pa_cilt-ciltsiz","8":"pa_tur-kitap","9":"pa_yayinevi-ithaki-yayinlari","10":"pa_yazar-j-r-r-tolkien","12":"first","13":"instock","14":"sale","15":"shipping-taxable","16":"purchasable","17":"product-type-simple"},"_links":{"self":[{"href":"https:\/\/roveyayinevi.com.tr\/index.php\/wp-json\/wp\/v2\/product\/722144","targetHints":{"allow":["GET"]}}],"collection":[{"href":"https:\/\/roveyayinevi.com.tr\/index.php\/wp-json\/wp\/v2\/product"}],"about":[{"href":"https:\/\/roveyayinevi.com.tr\/index.php\/wp-json\/wp\/v2\/types\/product"}],"wp:attachment":[{"href":"https:\/\/roveyayinevi.com.tr\/index.php\/wp-json\/wp\/v2\/media?parent=722144"}],"wp:term":[{"taxonomy":"product_brand","embeddable":true,"href":"https:\/\/roveyayinevi.com.tr\/index.php\/wp-json\/wp\/v2\/product_brand?post=722144"},{"taxonomy":"product_cat","embeddable":true,"href":"https:\/\/roveyayinevi.com.tr\/index.php\/wp-json\/wp\/v2\/product_cat?post=722144"},{"taxonomy":"product_tag","embeddable":true,"href":"https:\/\/roveyayinevi.com.tr\/index.php\/wp-json\/wp\/v2\/product_tag?post=722144"}],"curies":[{"name":"wp","href":"https:\/\/api.w.org\/{rel}","templated":true}]}}