{"id":722141,"date":"2025-08-27T19:00:19","date_gmt":"2025-08-27T16:00:19","guid":{"rendered":"https:\/\/roveyayinevi.com.tr\/index.php\/urun\/seni-yenecegim-borsa\/"},"modified":"2026-04-16T02:29:54","modified_gmt":"2026-04-15T23:29:54","slug":"seni-yenecegim-borsa","status":"publish","type":"product","link":"https:\/\/roveyayinevi.com.tr\/index.php\/urun\/seni-yenecegim-borsa\/","title":{"rendered":"Seni Yenece\u011fim Borsa"},"content":{"rendered":"<p>Borsa\u2026 Umudun ve d\u00fc\u015f k\u0131r\u0131kl\u0131\u011f\u0131n\u0131n kol kola gezdi\u011fi, o en tehlikeli may\u0131n tarlas\u0131\u2026T\u00fcm hayallerini; saniyeler i\u00e7inde de\u011fi\u015fen o ekrana kilitleyen ve \u201cBu defa olacak!\u201d diyenlerin korku dolu r\u00fcyas\u0131\u2026Bir \u00f6m\u00fcr harcay\u0131p kazand\u0131\u011f\u0131 emekli ikramiyesini, bir \u00e7\u0131rp\u0131da kurtlar sofras\u0131nda kaybedenlerin, evini, arabas\u0131n\u0131 sat\u0131p\u201cBiz sana dememi\u015f miydik?\u201d nasihatlerini duydu\u011funda bo\u011faz\u0131 d\u00fc\u011f\u00fcmlenenlerin d\u00fcnyas\u0131\u2026Borsa\u2026 G\u00f6z\u00fcn\u00fcz\u00fcn ya\u015f\u0131na bakmayan ve hi\u00e7 \u015fakas\u0131 olmayan bir kazanma ya da kaybetme sahas\u0131\u2026Bir sava\u015ft\u0131r borsa&#8230; Bu sava\u015f\u0131 korkaklar kazanamaz! Bir sava\u015ft\u0131r borsa\u2026E\u011fer kurallara uymuyorsan\u0131z, d\u00f6kt\u00fc\u011f\u00fcn\u00fcz g\u00f6zya\u015flar\u0131n\u0131 umursamaz!Ya kazan\u0131rs\u0131n\u0131z, ya da kaybedersiniz bu sava\u015fta. Ortas\u0131 yoktur!Kaybetmeyi kim ister ki? \u00d6zellikle de, borsa gibi ola\u011fan\u00fcst\u00fc \u00f6d\u00fclleri olan bir oyunda?Ama borsada her zaman i\u00e7in, kaybedenlerin say\u0131s\u0131, kazananlar\u0131n say\u0131s\u0131ndan \u00e7ok daha fazlad\u0131r.\u00c7\u00fcnk\u00fc kaybedenler kurallar\u0131 bilmezler. Bilseler de uygulamazlar\u2026E\u011fer siz de, kaybetmekten s\u0131k\u0131ld\u0131ysan\u0131z ve bu b\u00fcy\u00fck d\u00fcelloda g\u00fc\u00e7l\u00fc yumruklarla sava\u015fmaya haz\u0131rsan\u0131z, \u015fu anda elinizdedo\u011fru kitab\u0131 tutuyorsunuz.Bu kitab\u0131 okur ve i\u00e7indekileri uygularsan\u0131z, borsa konusunda bir daha, \u201cKe\u015fke bu hatay\u0131 yapmasayd\u0131m\u201d gibi c\u00fcmleler kurmayacaks\u0131n\u0131z.Belki de \u015fu ana kadar borsa sizi yendi.Ama durun\u2026Acele etmeyin. Art\u0131k s\u0131ra sizin.Bu defa siz borsay\u0131 yeneceksiniz!<\/p>\n","protected":false},"excerpt":{"rendered":"<p>Borsa\u2026 Umudun ve d\u00fc\u015f k\u0131r\u0131kl\u0131\u011f\u0131n\u0131n kol kola gezdi\u011fi, o en tehlikeli may\u0131n tarlas\u0131\u2026T\u00fcm hayallerini; saniyeler i\u00e7inde de\u011fi\u015fen o ekrana kilitleyen ve \u201cBu defa olacak!\u201d diyenlerin korku<span class=\"excerpt-hellip\"> [\u2026]<\/span><\/p>\n","protected":false},"featured_media":0,"template":"","meta":{"_monsterinsights_skip_tracking":false,"_monsterinsights_sitenote_active":false,"_monsterinsights_sitenote_note":"","_monsterinsights_sitenote_category":0},"product_brand":[],"product_cat":[17249,13043],"product_tag":[],"class_list":{"0":"post-722141","1":"product","2":"type-product","3":"status-publish","5":"product_cat-borsa-finans","6":"product_cat-ekonomi","7":"pa_cilt-ciltsiz","8":"pa_tur-kitap","9":"pa_yayinevi-la-kitap-yayinlari","10":"pa_yazar-ufuk-ozcan","12":"first","13":"instock","14":"sale","15":"shipping-taxable","16":"purchasable","17":"product-type-simple"},"_links":{"self":[{"href":"https:\/\/roveyayinevi.com.tr\/index.php\/wp-json\/wp\/v2\/product\/722141","targetHints":{"allow":["GET"]}}],"collection":[{"href":"https:\/\/roveyayinevi.com.tr\/index.php\/wp-json\/wp\/v2\/product"}],"about":[{"href":"https:\/\/roveyayinevi.com.tr\/index.php\/wp-json\/wp\/v2\/types\/product"}],"wp:attachment":[{"href":"https:\/\/roveyayinevi.com.tr\/index.php\/wp-json\/wp\/v2\/media?parent=722141"}],"wp:term":[{"taxonomy":"product_brand","embeddable":true,"href":"https:\/\/roveyayinevi.com.tr\/index.php\/wp-json\/wp\/v2\/product_brand?post=722141"},{"taxonomy":"product_cat","embeddable":true,"href":"https:\/\/roveyayinevi.com.tr\/index.php\/wp-json\/wp\/v2\/product_cat?post=722141"},{"taxonomy":"product_tag","embeddable":true,"href":"https:\/\/roveyayinevi.com.tr\/index.php\/wp-json\/wp\/v2\/product_tag?post=722141"}],"curies":[{"name":"wp","href":"https:\/\/api.w.org\/{rel}","templated":true}]}}