{"id":722139,"date":"2025-08-27T19:00:17","date_gmt":"2025-08-27T16:00:17","guid":{"rendered":"https:\/\/roveyayinevi.com.tr\/index.php\/urun\/bana-anne-deme\/"},"modified":"2026-04-16T02:29:53","modified_gmt":"2026-04-15T23:29:53","slug":"bana-anne-deme","status":"publish","type":"product","link":"https:\/\/roveyayinevi.com.tr\/index.php\/urun\/bana-anne-deme\/","title":{"rendered":"Bana Anne Deme"},"content":{"rendered":"<p>\u201cBir \u00e7ocuk i\u00e7in anne, Tanr\u0131\u2019n\u0131n yery\u00fcz\u00fcndeki yans\u0131mas\u0131d\u0131r.Tanr\u0131 e\u011fer isteseydi, \u00e7ocuklar\u0131 yumurta kabu\u011funun i\u00e7inde de d\u00fcnyaya g\u00f6nderirdi. Ama \u00f6yle yapmad\u0131. Ona bir kad\u0131n verdi ki daha \u00e7ok sevilsin, daha \u00e7ok kollans\u0131n, daha \u00f6zenli b\u00fcy\u00fcs\u00fcn diye.Anne tanr\u0131n\u0131n elidir. \u0130nsana onunla uzan\u0131r.Onunla dokunur.Do\u011furmak da yetmez \u015eeyma. Annelik hissetmektir. Ben seni y\u0131llarca hissettim. T\u0131pk\u0131 \u015fimdi Deniz\u2019i hissetti\u011fim gibi.\u201dDo\u011furmak fiziksel bir ac\u0131d\u0131r&#8230; Ge\u00e7er!Anne olmak ise, ruha i\u015fleyen bir eylemdir&#8230; \u00c7ok uzun s\u00fcrer!<\/p>\n","protected":false},"excerpt":{"rendered":"<p>\u201cBir \u00e7ocuk i\u00e7in anne, Tanr\u0131\u2019n\u0131n yery\u00fcz\u00fcndeki yans\u0131mas\u0131d\u0131r.Tanr\u0131 e\u011fer isteseydi, \u00e7ocuklar\u0131 yumurta kabu\u011funun i\u00e7inde de d\u00fcnyaya g\u00f6nderirdi. Ama \u00f6yle yapmad\u0131. Ona bir kad\u0131n verdi ki daha \u00e7ok<span class=\"excerpt-hellip\"> [\u2026]<\/span><\/p>\n","protected":false},"featured_media":0,"template":"","meta":{"_monsterinsights_skip_tracking":false,"_monsterinsights_sitenote_active":false,"_monsterinsights_sitenote_note":"","_monsterinsights_sitenote_category":0},"product_brand":[],"product_cat":[12291,12711],"product_tag":[],"class_list":{"0":"post-722139","1":"product","2":"type-product","3":"status-publish","5":"product_cat-edebiyat","6":"product_cat-roman-oyku","7":"pa_cilt-ciltsiz","8":"pa_tur-kitap","9":"pa_yayinevi-herdem-kitap","10":"pa_yazar-sacide-kuru","12":"first","13":"instock","14":"sale","15":"shipping-taxable","16":"purchasable","17":"product-type-simple"},"_links":{"self":[{"href":"https:\/\/roveyayinevi.com.tr\/index.php\/wp-json\/wp\/v2\/product\/722139","targetHints":{"allow":["GET"]}}],"collection":[{"href":"https:\/\/roveyayinevi.com.tr\/index.php\/wp-json\/wp\/v2\/product"}],"about":[{"href":"https:\/\/roveyayinevi.com.tr\/index.php\/wp-json\/wp\/v2\/types\/product"}],"wp:attachment":[{"href":"https:\/\/roveyayinevi.com.tr\/index.php\/wp-json\/wp\/v2\/media?parent=722139"}],"wp:term":[{"taxonomy":"product_brand","embeddable":true,"href":"https:\/\/roveyayinevi.com.tr\/index.php\/wp-json\/wp\/v2\/product_brand?post=722139"},{"taxonomy":"product_cat","embeddable":true,"href":"https:\/\/roveyayinevi.com.tr\/index.php\/wp-json\/wp\/v2\/product_cat?post=722139"},{"taxonomy":"product_tag","embeddable":true,"href":"https:\/\/roveyayinevi.com.tr\/index.php\/wp-json\/wp\/v2\/product_tag?post=722139"}],"curies":[{"name":"wp","href":"https:\/\/api.w.org\/{rel}","templated":true}]}}