{"id":722137,"date":"2025-08-27T19:00:15","date_gmt":"2025-08-27T16:00:15","guid":{"rendered":"https:\/\/roveyayinevi.com.tr\/index.php\/urun\/gorevimin-basindayim\/"},"modified":"2026-04-16T02:29:53","modified_gmt":"2026-04-15T23:29:53","slug":"gorevimin-basindayim","status":"publish","type":"product","link":"https:\/\/roveyayinevi.com.tr\/index.php\/urun\/gorevimin-basindayim\/","title":{"rendered":"G\u00f6revimin Ba\u015f\u0131nday\u0131m"},"content":{"rendered":"<p>Yazar\u0131n eserde kulland\u0131\u011f\u0131 dil \u00e7ok yal\u0131n, ak\u0131c\u0131 ve s\u00fcr\u00fckleyici. En b\u00fcy\u00fck \u00f6zelli\u011fi ise T\u00fcrk\u00e7eyi sade ve halk diliyle kullan\u0131yor olmas\u0131d\u0131r. Bu sebepten, ifadeler de diyaloglar da, okuyucuya daha sevimli, daha yak\u0131n ve ya\u015fad\u0131\u011f\u0131 toplumdaki birinin konu\u015fmas\u0131 gibi gelmektedir.Okurken olaylar okuyucuyu b\u00fcy\u00fck bir ilgiyle neticeye do\u011fru s\u00fcr\u00fcklemekte.Sonucun ise nas\u0131l bitece\u011fini, nas\u0131l bir espriyle noktalanaca\u011f\u0131n\u0131, okuyucunun \u00f6nceden kestirmesini, ola\u011fan d\u0131\u015f\u0131 kabul etmeli.Okuyucu \u00f6yk\u00fcy\u00fc okuyup bitirdi\u011finde ise, y\u00fczlerindeki sevin\u00e7 g\u00f6r\u00fclmeye de\u011fer.Yazar fantastik olaylara dayanan \u00f6yk\u00fcleri de\u011fil de ya\u015fanan veya ya\u015fanacak olaylar\u0131 kaleme almas\u0131, \u00f6yk\u00fclere bir ba\u015fka renk, bir ba\u015fka canl\u0131l\u0131k ve bir ba\u015fka renk katmaktad\u0131r. Her \u00f6yk\u00fcde, bu ya\u015fanm\u0131\u015fl\u0131\u011f\u0131n izlerini g\u00f6rmek m\u00fcmk\u00fcnd\u00fcr.Di\u011fer kitaplar\u0131nda oldu\u011fu gibi, bu kitab\u0131nda da yazar, mizah\u0131n \u00e7arp\u0131kl\u0131klar\u0131n\u0131, \u00e7eli\u015fkilerini abartmadan, kimseyi incitmeden ve kimseyi k\u0131rmadan, ince bir dille g\u00f6zler \u00f6n\u00fcne sermektedir. Onun i\u00e7in \u00f6yk\u00fclerde ince bir mizah tebess\u00fcm\u00fcn\u00fc veya mizah d\u00fc\u015f\u00fcncesini g\u00f6rmekteyiz.Siyasetin, g\u00fcnl\u00fck olaylar\u0131n ve \u00e7arp\u0131kl\u0131klar\u0131n\u0131n, d\u00fc\u015f\u00fcnd\u00fcren ve g\u00fcld\u00fcren yanlar\u0131n\u0131 anlatan G\u00f6revimin Ba\u015f\u0131nday\u0131m adl\u0131 11 \u00f6yk\u00fcn\u00fcn anlat\u0131ld\u0131\u011f\u0131 kitap, okuyucuda derin izler b\u0131rakacakt\u0131r.<\/p>\n","protected":false},"excerpt":{"rendered":"<p>Yazar\u0131n eserde kulland\u0131\u011f\u0131 dil \u00e7ok yal\u0131n, ak\u0131c\u0131 ve s\u00fcr\u00fckleyici. En b\u00fcy\u00fck \u00f6zelli\u011fi ise T\u00fcrk\u00e7eyi sade ve halk diliyle kullan\u0131yor olmas\u0131d\u0131r. Bu sebepten, ifadeler de diyaloglar da,<span class=\"excerpt-hellip\"> [\u2026]<\/span><\/p>\n","protected":false},"featured_media":0,"template":"","meta":{"_monsterinsights_skip_tracking":false,"_monsterinsights_sitenote_active":false,"_monsterinsights_sitenote_note":"","_monsterinsights_sitenote_category":0},"product_brand":[],"product_cat":[12291,12711],"product_tag":[],"class_list":{"0":"post-722137","1":"product","2":"type-product","3":"status-publish","5":"product_cat-edebiyat","6":"product_cat-roman-oyku","7":"pa_cilt-ciltsiz","8":"pa_tur-kitap","9":"pa_yayinevi-herdem-kitap","10":"pa_yazar-erdal-altunlu","12":"first","13":"instock","14":"sale","15":"shipping-taxable","16":"purchasable","17":"product-type-simple"},"_links":{"self":[{"href":"https:\/\/roveyayinevi.com.tr\/index.php\/wp-json\/wp\/v2\/product\/722137","targetHints":{"allow":["GET"]}}],"collection":[{"href":"https:\/\/roveyayinevi.com.tr\/index.php\/wp-json\/wp\/v2\/product"}],"about":[{"href":"https:\/\/roveyayinevi.com.tr\/index.php\/wp-json\/wp\/v2\/types\/product"}],"wp:attachment":[{"href":"https:\/\/roveyayinevi.com.tr\/index.php\/wp-json\/wp\/v2\/media?parent=722137"}],"wp:term":[{"taxonomy":"product_brand","embeddable":true,"href":"https:\/\/roveyayinevi.com.tr\/index.php\/wp-json\/wp\/v2\/product_brand?post=722137"},{"taxonomy":"product_cat","embeddable":true,"href":"https:\/\/roveyayinevi.com.tr\/index.php\/wp-json\/wp\/v2\/product_cat?post=722137"},{"taxonomy":"product_tag","embeddable":true,"href":"https:\/\/roveyayinevi.com.tr\/index.php\/wp-json\/wp\/v2\/product_tag?post=722137"}],"curies":[{"name":"wp","href":"https:\/\/api.w.org\/{rel}","templated":true}]}}