{"id":722136,"date":"2025-08-27T19:00:14","date_gmt":"2025-08-27T16:00:14","guid":{"rendered":"https:\/\/roveyayinevi.com.tr\/index.php\/urun\/murekkebin-vurgun-tonlari\/"},"modified":"2026-04-16T02:29:53","modified_gmt":"2026-04-15T23:29:53","slug":"murekkebin-vurgun-tonlari","status":"publish","type":"product","link":"https:\/\/roveyayinevi.com.tr\/index.php\/urun\/murekkebin-vurgun-tonlari\/","title":{"rendered":"M\u00fcrekkebin Vurgun Tonlar\u0131"},"content":{"rendered":"<p>Suskundu m\u00fcrekkep damlalar\u0131, bir o kadar da vurgun. Pare pare da\u011f\u0131t\u0131lan s\u00f6z heceleri bir g\u00fcn \u00f6yle bir dillendi ki, g\u00f6n\u00fcl kafesi h\u00fcz\u00fcn notalar\u0131yla titredi. A\u015fk k\u0131l\u0131f\u0131 yasakland\u0131, bitap d\u00fc\u015fen k\u00f6m\u00fcr y\u00fcrek, ac\u0131yla veryans\u0131n etti. \u00c7\u0131\u011fl\u0131klar art\u0131k sessiz d\u00fc\u011f\u00fcmlerden ibaretti. Gece saltanat\u0131na d\u00f6k\u00fclen aydedenin g\u00f6lgesi aile bah\u00e7esindeki y\u0131ld\u0131zlar\u0131n \u00fczerine d\u00fc\u015f\u00fcverdi. G\u00fcn \u0131\u015f\u0131\u011f\u0131 yerini sonsuz gecelere b\u0131rakm\u0131\u015ft\u0131, gecelerin \u0131\u015f\u0131\u011f\u0131n\u0131 y\u00fcklenen ay perdesi, ans\u0131z\u0131n mahzen kuyuya g\u00f6m\u00fclm\u00fc\u015ft\u00fc.Ve sonra aradan zaman ge\u00e7ti, g\u00fcnler aylar\u0131, aylar y\u0131llar\u0131 kovalad\u0131, zaman a\u011flar\u0131n\u0131 sevenleri ay\u0131rmak i\u00e7in \u00f6rd\u00fck\u00e7e \u00f6rd\u00fc, g\u00f6n\u00fcl nakka\u015flar\u0131 i\u015flendi dizelerce. Her damlada, her sat\u0131rda m\u00fcrekkebin na\u011fmeleri d\u00f6k\u00fcl\u00fcverdi \u00f6ylece. M\u00fcrekkebin vurgun tonlar\u0131, seven g\u00f6nl\u00fcn senelerce i\u00e7inde saklad\u0131\u011f\u0131, g\u00fcmb\u00fcrdeyen, oluk oluk akan bir nehirdi. Bir g\u00fcn \u00e7a\u011flad\u0131, \u00e7\u0131\u011fl\u0131klar\u0131n\u0131 kopard\u0131, f\u0131rt\u0131nalar\u0131n\u0131 konu\u015fturdu, her m\u0131sraya, her sat\u0131ra g\u00fcr\u00fclt\u00fcyle d\u00f6k\u00fcl\u00fcverdi.M\u00fcrekkebin vurgun tonlar\u0131,Bulutlu g\u00f6z\u00fcn hikayesiydi.A\u015fk tutmu\u015ftu can evinden,\u00dc\u015f\u00fctm\u00fc\u015ft\u00fc kanatlanan kalbini.Soba gibi t\u00fcten bir a\u015fkt\u0131 onlar\u0131nki,&#8221;H\u00fcz\u00fcnl\u00fc Masal&#8221; ya\u015fam\u0131\u015flard\u0131,Lakin k\u0131sayd\u0131 a\u015fk masallar\u0131,Bulutlu g\u00f6z d\u00f6kerdi s\u00f6zl\u00fc ya\u015flar\u0131n\u0131,M\u00fcrekkep vurgulard\u0131 tonlar\u0131n\u0131.<\/p>\n","protected":false},"excerpt":{"rendered":"<p>Suskundu m\u00fcrekkep damlalar\u0131, bir o kadar da vurgun. Pare pare da\u011f\u0131t\u0131lan s\u00f6z heceleri bir g\u00fcn \u00f6yle bir dillendi ki, g\u00f6n\u00fcl kafesi h\u00fcz\u00fcn notalar\u0131yla titredi. A\u015fk k\u0131l\u0131f\u0131<span class=\"excerpt-hellip\"> [\u2026]<\/span><\/p>\n","protected":false},"featured_media":0,"template":"","meta":{"_monsterinsights_skip_tracking":false,"_monsterinsights_sitenote_active":false,"_monsterinsights_sitenote_note":"","_monsterinsights_sitenote_category":0},"product_brand":[],"product_cat":[12777,12291],"product_tag":[],"class_list":{"0":"post-722136","1":"product","2":"type-product","3":"status-publish","5":"product_cat-deneme","6":"product_cat-edebiyat","7":"pa_cilt-ciltsiz","8":"pa_tur-kitap","9":"pa_yayinevi-herdem-kitap","10":"pa_yazar-gozde-altay","12":"first","13":"instock","14":"sale","15":"shipping-taxable","16":"purchasable","17":"product-type-simple"},"_links":{"self":[{"href":"https:\/\/roveyayinevi.com.tr\/index.php\/wp-json\/wp\/v2\/product\/722136","targetHints":{"allow":["GET"]}}],"collection":[{"href":"https:\/\/roveyayinevi.com.tr\/index.php\/wp-json\/wp\/v2\/product"}],"about":[{"href":"https:\/\/roveyayinevi.com.tr\/index.php\/wp-json\/wp\/v2\/types\/product"}],"wp:attachment":[{"href":"https:\/\/roveyayinevi.com.tr\/index.php\/wp-json\/wp\/v2\/media?parent=722136"}],"wp:term":[{"taxonomy":"product_brand","embeddable":true,"href":"https:\/\/roveyayinevi.com.tr\/index.php\/wp-json\/wp\/v2\/product_brand?post=722136"},{"taxonomy":"product_cat","embeddable":true,"href":"https:\/\/roveyayinevi.com.tr\/index.php\/wp-json\/wp\/v2\/product_cat?post=722136"},{"taxonomy":"product_tag","embeddable":true,"href":"https:\/\/roveyayinevi.com.tr\/index.php\/wp-json\/wp\/v2\/product_tag?post=722136"}],"curies":[{"name":"wp","href":"https:\/\/api.w.org\/{rel}","templated":true}]}}