{"id":722131,"date":"2025-08-27T19:00:10","date_gmt":"2025-08-27T16:00:10","guid":{"rendered":"https:\/\/roveyayinevi.com.tr\/index.php\/urun\/beni-boya-serisi-sebzeler-meyveler\/"},"modified":"2026-04-16T02:29:53","modified_gmt":"2026-04-15T23:29:53","slug":"beni-boya-serisi-sebzeler-meyveler","status":"publish","type":"product","link":"https:\/\/roveyayinevi.com.tr\/index.php\/urun\/beni-boya-serisi-sebzeler-meyveler\/","title":{"rendered":"Beni Boya Serisi &#8211; Sebzeler, Meyveler"},"content":{"rendered":"<p>Beni boya serisi \u00e7ocuklar\u0131m\u0131za hem e\u011flenerek, hem de d\u00fc\u015f\u00fcnmelerini sa\u011flayarak onlar\u0131n zihinsel geli\u015fimini destekler.Ayr\u0131ca t\u00fcm resimlerdeki, nesneler \u0130ngilizce T\u00fcrk\u00e7e olarak haz\u0131rlanm\u0131\u015ft\u0131r. <\/p>\n","protected":false},"excerpt":{"rendered":"<p>Beni boya serisi \u00e7ocuklar\u0131m\u0131za hem e\u011flenerek, hem de d\u00fc\u015f\u00fcnmelerini sa\u011flayarak onlar\u0131n zihinsel geli\u015fimini destekler.Ayr\u0131ca t\u00fcm resimlerdeki, nesneler \u0130ngilizce T\u00fcrk\u00e7e olarak haz\u0131rlanm\u0131\u015ft\u0131r.<\/p>\n","protected":false},"featured_media":0,"template":"","meta":{"_monsterinsights_skip_tracking":false,"_monsterinsights_sitenote_active":false,"_monsterinsights_sitenote_note":"","_monsterinsights_sitenote_category":0},"product_brand":[],"product_cat":[12644,12274],"product_tag":[],"class_list":{"0":"post-722131","1":"product","2":"type-product","3":"status-publish","5":"product_cat-boyama-kitaplari","6":"product_cat-cocuk-ve-genclik-kitaplari","7":"pa_cilt-ciltsiz","8":"pa_tur-kitap","9":"pa_yayinevi-fark-yayinlari","10":"pa_yazar-tugce-yesilbayrak","12":"first","13":"instock","14":"sale","15":"shipping-taxable","16":"purchasable","17":"product-type-simple"},"_links":{"self":[{"href":"https:\/\/roveyayinevi.com.tr\/index.php\/wp-json\/wp\/v2\/product\/722131","targetHints":{"allow":["GET"]}}],"collection":[{"href":"https:\/\/roveyayinevi.com.tr\/index.php\/wp-json\/wp\/v2\/product"}],"about":[{"href":"https:\/\/roveyayinevi.com.tr\/index.php\/wp-json\/wp\/v2\/types\/product"}],"wp:attachment":[{"href":"https:\/\/roveyayinevi.com.tr\/index.php\/wp-json\/wp\/v2\/media?parent=722131"}],"wp:term":[{"taxonomy":"product_brand","embeddable":true,"href":"https:\/\/roveyayinevi.com.tr\/index.php\/wp-json\/wp\/v2\/product_brand?post=722131"},{"taxonomy":"product_cat","embeddable":true,"href":"https:\/\/roveyayinevi.com.tr\/index.php\/wp-json\/wp\/v2\/product_cat?post=722131"},{"taxonomy":"product_tag","embeddable":true,"href":"https:\/\/roveyayinevi.com.tr\/index.php\/wp-json\/wp\/v2\/product_tag?post=722131"}],"curies":[{"name":"wp","href":"https:\/\/api.w.org\/{rel}","templated":true}]}}