{"id":722128,"date":"2025-08-27T19:00:07","date_gmt":"2025-08-27T16:00:07","guid":{"rendered":"https:\/\/roveyayinevi.com.tr\/index.php\/urun\/sermaye-sirketlerinde-ve-kooperatiflerdeki-ek-tasfiye\/"},"modified":"2026-04-16T02:29:53","modified_gmt":"2026-04-15T23:29:53","slug":"sermaye-sirketlerinde-ve-kooperatiflerdeki-ek-tasfiye","status":"publish","type":"product","link":"https:\/\/roveyayinevi.com.tr\/index.php\/urun\/sermaye-sirketlerinde-ve-kooperatiflerdeki-ek-tasfiye\/","title":{"rendered":"Sermaye \u015eirketlerinde ve Kooperatiflerdeki Ek Tasfiye"},"content":{"rendered":"<p>\u0130\u00e7indekiler Birinci B\u00f6l\u00fcm Ek Tasfiyenin Teorik Temelleri Ve Kar\u015fila\u015ftirmali Hukukta Ek Tasfiye 1.      Ek Tasfiyenin Teorik Temelleri Ve Tarihi Geli\u015fimi. 2.      Kar\u015fila\u015ftirmali Hukukta Ek Tasfiye   \u0130kinci B\u00f6l\u00fcm Ek Tasfiye A\u00e7isindan Anonim \u015eirketin Sona Ermesi Ve Ek Tasfiyenin Unsurlari 1.      Tasfiyenin Tamamlanmasi Ve Terkinin Ehliyete Etkisi 2.    Maddi Hukuk Ve Usul Hukuku A\u00e7isindan Ek Tasfiyenin \u015eartlari \u00dc\u00e7\u00fcnc\u00fc B\u00f6l\u00fcm Ek Tasfiyenin Maddi Hukuk A\u00e7isindan Sonu\u00e7lari Ve Uygulanacak Tasfiye H\u00fck\u00fcmleri 1.      Ek Tasfiyenin Maddi Hukuk A\u00e7isindan Sonu\u00e7lari 2.      Ek Tasfiyeyenin \u0130crasi 3.      Ek Tasfiye Usul\u00fc 4.      Ek Tasfiye Memurlari   D\u00f6rd\u00fcnc\u00fc B\u00f6l\u00fcm Ek Tasfiyeye \u0130li\u015fkin \u00d6zel Durumlar 1.      Ek Tasfiye H\u00fck\u00fcmlerinin \u0130flas Tasfiyesine Gidilen \u015eirketler A\u00e7isindan De\u011ferlendirilmesi 2.      Tmsf Kontrol\u00fcndeki \u015eirketlerin Sona Ermesi Ve Ek Tasfiye H\u00fck\u00fcmlerinin Tmsf Kontrol\u00fcndeki \u015eirketlerin Tasfiyesi Kapsaminda De\u011ferlendirilmesi 3.      Ttk Ge\u00e7ici Madde 7 Uyarinca Ek Tasfiye 4.      Ek Tasfiye H\u00fck\u00fcmlerinin Ticaret Hmk \u015eirketlerinin Tasfiyesiz Sona Erme Halleri A\u00e7isindan De\u011ferlendirilmesi 5.      Ek Tasfiye H\u00fck\u00fcmlerinin Kooperatifler A\u00e7isinda De\u011ferlendirilmesi <\/p>\n","protected":false},"excerpt":{"rendered":"<p>\u0130\u00e7indekiler Birinci B\u00f6l\u00fcm Ek Tasfiyenin Teorik Temelleri Ve Kar\u015fila\u015ftirmali Hukukta Ek Tasfiye 1. Ek Tasfiyenin Teorik Temelleri Ve Tarihi Geli\u015fimi. 2. Kar\u015fila\u015ftirmali Hukukta Ek Tasfiye \u0130kinci<span class=\"excerpt-hellip\"> [\u2026]<\/span><\/p>\n","protected":false},"featured_media":0,"template":"","meta":{"_monsterinsights_skip_tracking":false,"_monsterinsights_sitenote_active":false,"_monsterinsights_sitenote_note":"","_monsterinsights_sitenote_category":0},"product_brand":[],"product_cat":[13043,14381],"product_tag":[],"class_list":{"0":"post-722128","1":"product","2":"type-product","3":"status-publish","5":"product_cat-ekonomi","6":"product_cat-isletme-muhasebe-maliye","7":"pa_cilt-ciltsiz","8":"pa_tur-kitap","9":"pa_yayinevi-gazi-kitabevi","10":"pa_yazar-mehmet-ali-aksoy","12":"first","13":"instock","14":"sale","15":"shipping-taxable","16":"purchasable","17":"product-type-simple"},"_links":{"self":[{"href":"https:\/\/roveyayinevi.com.tr\/index.php\/wp-json\/wp\/v2\/product\/722128","targetHints":{"allow":["GET"]}}],"collection":[{"href":"https:\/\/roveyayinevi.com.tr\/index.php\/wp-json\/wp\/v2\/product"}],"about":[{"href":"https:\/\/roveyayinevi.com.tr\/index.php\/wp-json\/wp\/v2\/types\/product"}],"wp:attachment":[{"href":"https:\/\/roveyayinevi.com.tr\/index.php\/wp-json\/wp\/v2\/media?parent=722128"}],"wp:term":[{"taxonomy":"product_brand","embeddable":true,"href":"https:\/\/roveyayinevi.com.tr\/index.php\/wp-json\/wp\/v2\/product_brand?post=722128"},{"taxonomy":"product_cat","embeddable":true,"href":"https:\/\/roveyayinevi.com.tr\/index.php\/wp-json\/wp\/v2\/product_cat?post=722128"},{"taxonomy":"product_tag","embeddable":true,"href":"https:\/\/roveyayinevi.com.tr\/index.php\/wp-json\/wp\/v2\/product_tag?post=722128"}],"curies":[{"name":"wp","href":"https:\/\/api.w.org\/{rel}","templated":true}]}}