{"id":722127,"date":"2025-08-27T19:00:07","date_gmt":"2025-08-27T16:00:07","guid":{"rendered":"https:\/\/roveyayinevi.com.tr\/index.php\/urun\/www-wonder-mucize\/"},"modified":"2026-04-16T02:29:53","modified_gmt":"2026-04-15T23:29:53","slug":"www-wonder-mucize","status":"publish","type":"product","link":"https:\/\/roveyayinevi.com.tr\/index.php\/urun\/www-wonder-mucize\/","title":{"rendered":"www. Wonder &#8211; Mucize"},"content":{"rendered":"<p>&#8220;Sawyer, karma\u015f\u0131k bilimsel teorilerle i\u00e7ten ve ger\u00e7ek\u00e7i karakterler aras\u0131nda ili\u015fki kurma becerisindeki ustal\u0131\u011f\u0131n\u0131 bir kez daha sergiliyor.&#8221;The Globe and MailGer\u00e7ek olmayacak kada iyi mi?World Wide Web&#8217;in yap\u0131s\u0131nda kendili\u011finden ortaya \u00e7\u0131kan Webmind&#8217;\u0131n varl\u0131\u011f\u0131 her \u015feyi de\u011fi\u015ftiriyor. Kanserin tedavisini bulmaktan uluslar aras\u0131 gerilimlerin yumu\u015famas\u0131ndaki katk\u0131s\u0131na kadar Webmind insanl\u0131k i\u00e7in bir nimet gibi g\u00f6r\u00fcn\u00fcyor. Ancak Pentagonun yapay zek\u00e2 konusundaki ba\u015f dan\u0131\u015fman\u0131 onu bir tehdit olarak g\u00f6r\u00fcp yok etmeye \u00e7abal\u0131yor. Kar\u015f\u0131s\u0131nda ise arkada\u015f\u0131n\u0131 korumak i\u00e7in umutsuzca m\u00fccadele eden, bir zamanlar g\u00f6rme engelli olan ve Webmind&#8217;\u0131n varl\u0131\u011f\u0131n\u0131 ke\u015ffeden on alt\u0131 ya\u015f\u0131ndaki matematik dehas\u0131 Caitlin Decter var. Bu mucizev\u00ee d\u00fcnya var olmaya devam m\u0131 edecek yoksa sona m\u0131 erecek?Mucize\u2019nin \u00f6yk\u00fcs\u00fc geli\u015fir ve amans\u0131zca sona yakla\u015f\u0131rken, Webmind&#8217;\u0131n insanl\u0131k i\u00e7in bir nimet mi yoksa felaket mi olaca\u011f\u0131 sorusunun etkisinden kurtulam\u0131yorsunuz.&#8221;Thewalrus&#8221;\u0130\u015fte bu zirvedeki Robert J. Sawyer.&#8221;Analog&#8221;Sawyer, karma\u015f\u0131k bilimsel teorilerle i\u00e7ten ve ger\u00e7ek\u00e7i karakterler aras\u0131nda ili\u015fki kurma becerisindeki ustal\u0131\u011f\u0131n\u0131 bir kez daha sergiliyor.&#8221;The globe and mailGer\u00e7ek olmayacak kadar iyi mi?World Wide Web&#8217;in yap\u0131s\u0131nda kendili\u011finden ortaya \u00e7\u0131kan Webmind&#8217;\u0131n varl\u0131\u011f\u0131 her \u015feyi de\u011fi\u015ftiriyor. Kanserin tedavisini bulmaktan uluslar aras\u0131 gerilimlerin yumu\u015famas\u0131ndaki katk\u0131s\u0131na kadar Webmind insanl\u0131k i\u00e7in bir nimet gibi g\u00f6r\u00fcn\u00fcyor. Ancak Pentagonun yapay zek\u00e2 konusundaki ba\u015f dan\u0131\u015fman\u0131 onu bir tehdit olarak g\u00f6r\u00fcp yok etmeye \u00e7abal\u0131yor. Kar\u015f\u0131s\u0131nda ise arkada\u015f\u0131n\u0131 korumak i\u00e7in umutsuzca m\u00fccadele eden, bir zamanlar g\u00f6rme engelli olan ve Webmind&#8217;\u0131n varl\u0131\u011f\u0131n\u0131 ke\u015ffeden on alt\u0131 ya\u015f\u0131ndaki matematik dehas\u0131 Caitlin Decter var. Bu mucizev\u00ee d\u00fcnya var olmaya devam m\u0131 edecek yoksa sona m\u0131 erecek?Mucize\u2019nin \u00f6yk\u00fcs\u00fc geli\u015fir ve amans\u0131zca sona yakla\u015f\u0131rken, Webmind&#8217;\u0131n insanl\u0131k i\u00e7in bir nimet mi yoksa felaket mi olaca\u011f\u0131 sorusunun etkisinden kurtulam\u0131yorsunuz.&#8221;Thewalrus&#8221;\u0130\u015fte bu zirvedeki Robert J. Sawyer.&#8221;Analog<\/p>\n","protected":false},"excerpt":{"rendered":"<p>&#8220;Sawyer, karma\u015f\u0131k bilimsel teorilerle i\u00e7ten ve ger\u00e7ek\u00e7i karakterler aras\u0131nda ili\u015fki kurma becerisindeki ustal\u0131\u011f\u0131n\u0131 bir kez daha sergiliyor.&#8221;The Globe and MailGer\u00e7ek olmayacak kada iyi mi?World Wide Web&#8217;in<span class=\"excerpt-hellip\"> [\u2026]<\/span><\/p>\n","protected":false},"featured_media":0,"template":"","meta":{"_monsterinsights_skip_tracking":false,"_monsterinsights_sitenote_active":false,"_monsterinsights_sitenote_note":"","_monsterinsights_sitenote_category":0},"product_brand":[],"product_cat":[12540,12291],"product_tag":[],"class_list":{"0":"post-722127","1":"product","2":"type-product","3":"status-publish","5":"product_cat-bilim-kurgu","6":"product_cat-edebiyat","7":"pa_cilt-ciltsiz","8":"pa_tur-kitap","9":"pa_yayinevi-abis-yayincilik","10":"pa_yazar-robert-j-sawyer","12":"first","13":"instock","14":"sale","15":"shipping-taxable","16":"purchasable","17":"product-type-simple"},"_links":{"self":[{"href":"https:\/\/roveyayinevi.com.tr\/index.php\/wp-json\/wp\/v2\/product\/722127","targetHints":{"allow":["GET"]}}],"collection":[{"href":"https:\/\/roveyayinevi.com.tr\/index.php\/wp-json\/wp\/v2\/product"}],"about":[{"href":"https:\/\/roveyayinevi.com.tr\/index.php\/wp-json\/wp\/v2\/types\/product"}],"wp:attachment":[{"href":"https:\/\/roveyayinevi.com.tr\/index.php\/wp-json\/wp\/v2\/media?parent=722127"}],"wp:term":[{"taxonomy":"product_brand","embeddable":true,"href":"https:\/\/roveyayinevi.com.tr\/index.php\/wp-json\/wp\/v2\/product_brand?post=722127"},{"taxonomy":"product_cat","embeddable":true,"href":"https:\/\/roveyayinevi.com.tr\/index.php\/wp-json\/wp\/v2\/product_cat?post=722127"},{"taxonomy":"product_tag","embeddable":true,"href":"https:\/\/roveyayinevi.com.tr\/index.php\/wp-json\/wp\/v2\/product_tag?post=722127"}],"curies":[{"name":"wp","href":"https:\/\/api.w.org\/{rel}","templated":true}]}}