{"id":722120,"date":"2025-08-27T19:00:00","date_gmt":"2025-08-27T16:00:00","guid":{"rendered":"https:\/\/roveyayinevi.com.tr\/index.php\/urun\/dedektif-tayfa-seti-5-kitap-takim\/"},"modified":"2026-04-16T02:29:53","modified_gmt":"2026-04-15T23:29:53","slug":"dedektif-tayfa-seti-5-kitap-takim","status":"publish","type":"product","link":"https:\/\/roveyayinevi.com.tr\/index.php\/urun\/dedektif-tayfa-seti-5-kitap-takim\/","title":{"rendered":"Dedektif Tayfa Seti (5 Kitap Tak\u0131m)"},"content":{"rendered":"<p>Her \u015fey okuldaki o korkun\u00e7, hem de \u00e7ok korkun\u00e7 olayla ba\u015flad\u0131. Ard\u0131ndan olaylar birbirini kovalad\u0131. Okulun bodrumundaki m\u00fccevher h\u0131rs\u0131zlar\u0131\u2026Ma\u011fara gezisindeki \u00fcrk\u00fct\u00fcc\u00fc g\u00f6lgeler\u2026 Ko\u015fu yar\u0131\u015f\u0131nda hileyle birinci olmaya \u00e7al\u0131\u015fan k\u0131z\u2026 Piknikte kaybolup ormanc\u0131ya tutsak olan bizler\u2026Kantinci diye okula gelen soyguncular\u2026 Arkada\u015flar\u0131mla bu kadar olay\u0131 nas\u0131l \u00e7\u00f6zd\u00fck?\u201cDedektif Tayfa\u201d grubu nas\u0131l kuruldu? Hademe Hasbi Abi ve Ahmet \u00d6\u011fretmen, Dedektif Tayfa\u2019ya nas\u0131l kat\u0131ld\u0131? \u0130nan\u0131n ben de bilmiyorum. Tek bildi\u011fim \u015fey, \u201cDedektif Tayfa art\u0131k i\u015f ba\u015f\u0131nda!\u201d Savulun k\u00f6t\u00fcler! \u00c7\u00f6z\u00fclemeyen girift olaylar, tuhafl\u0131klar, k\u00f6t\u00fc kalpli insanlar, hile yapanlar, hakk\u0131 olmayan\u0131 almaya \u00e7al\u0131\u015fanlar\u2026 Biz geldiiik!<\/p>\n","protected":false},"excerpt":{"rendered":"<p>Her \u015fey okuldaki o korkun\u00e7, hem de \u00e7ok korkun\u00e7 olayla ba\u015flad\u0131. Ard\u0131ndan olaylar birbirini kovalad\u0131. Okulun bodrumundaki m\u00fccevher h\u0131rs\u0131zlar\u0131\u2026Ma\u011fara gezisindeki \u00fcrk\u00fct\u00fcc\u00fc g\u00f6lgeler\u2026 Ko\u015fu yar\u0131\u015f\u0131nda hileyle birinci<span class=\"excerpt-hellip\"> [\u2026]<\/span><\/p>\n","protected":false},"featured_media":0,"template":"","meta":{"_monsterinsights_skip_tracking":false,"_monsterinsights_sitenote_active":false,"_monsterinsights_sitenote_note":"","_monsterinsights_sitenote_category":0},"product_brand":[],"product_cat":[12274,12284],"product_tag":[],"class_list":{"0":"post-722120","1":"product","2":"type-product","3":"status-publish","5":"product_cat-cocuk-ve-genclik-kitaplari","6":"product_cat-hikayeler","7":"pa_cilt-ciltsiz","8":"pa_tur-kitap","9":"pa_yayinevi-ugurbocegi-yayinlari","10":"pa_yazar-sebnem-guler-karacan","12":"first","13":"instock","14":"sale","15":"shipping-taxable","16":"purchasable","17":"product-type-simple"},"_links":{"self":[{"href":"https:\/\/roveyayinevi.com.tr\/index.php\/wp-json\/wp\/v2\/product\/722120","targetHints":{"allow":["GET"]}}],"collection":[{"href":"https:\/\/roveyayinevi.com.tr\/index.php\/wp-json\/wp\/v2\/product"}],"about":[{"href":"https:\/\/roveyayinevi.com.tr\/index.php\/wp-json\/wp\/v2\/types\/product"}],"wp:attachment":[{"href":"https:\/\/roveyayinevi.com.tr\/index.php\/wp-json\/wp\/v2\/media?parent=722120"}],"wp:term":[{"taxonomy":"product_brand","embeddable":true,"href":"https:\/\/roveyayinevi.com.tr\/index.php\/wp-json\/wp\/v2\/product_brand?post=722120"},{"taxonomy":"product_cat","embeddable":true,"href":"https:\/\/roveyayinevi.com.tr\/index.php\/wp-json\/wp\/v2\/product_cat?post=722120"},{"taxonomy":"product_tag","embeddable":true,"href":"https:\/\/roveyayinevi.com.tr\/index.php\/wp-json\/wp\/v2\/product_tag?post=722120"}],"curies":[{"name":"wp","href":"https:\/\/api.w.org\/{rel}","templated":true}]}}