{"id":722118,"date":"2025-08-27T18:59:58","date_gmt":"2025-08-27T15:59:58","guid":{"rendered":"https:\/\/roveyayinevi.com.tr\/index.php\/urun\/hafiye-yusuf-3-rodos-sehitleri\/"},"modified":"2026-04-16T02:29:53","modified_gmt":"2026-04-15T23:29:53","slug":"hafiye-yusuf-3-rodos-sehitleri","status":"publish","type":"product","link":"https:\/\/roveyayinevi.com.tr\/index.php\/urun\/hafiye-yusuf-3-rodos-sehitleri\/","title":{"rendered":"Hafiye Yusuf 3: Rodos \u015eehitleri"},"content":{"rendered":"<p>Yusuf, gizemli mektuptan sonra yerinde rahat duramad\u0131. \u00d6nce Hattat Efendi\u2019yi bulup ona durumu anlatt\u0131. Hattat, sakal\u0131n\u0131 s\u0131vazlay\u0131p hi\u00e7bir \u015fey demeden uzun uzun d\u00fc\u015f\u00fcnd\u00fc. Sonra:\u2013 Belki de i\u015fin gizemi Rodos\u2019ta \u00e7\u00f6z\u00fcl\u00fcr Yusuf, dedi.Yusuf anlamam\u0131\u015ft\u0131. Hattat Efendi a\u00e7\u0131klamaya devam etti:\u2013 Ustan \u00f6ld\u00fc\u011f\u00fcnde g\u00f6\u011fs\u00fcnden \u00e7\u0131kan han\u00e7er Rodos i\u015fiydi. Belli ki Rodos\u2019tan gelen birisi taraf\u0131ndan ustan \u015fehit edildi.\u2013 Bu Rodos adas\u0131nda, b\u00fcy\u00fck s\u0131rlar \u00e7\u00f6z\u00fclecek gibi duruyor, diye m\u0131r\u0131ldand\u0131 Yusuf.Hattat ba\u015f\u0131n\u0131 sallad\u0131:\u2013 Sen orada gizemi \u00e7\u00f6zmeye \u00e7al\u0131\u015f, ben de burada katili yakalamaya \u00e7al\u0131\u015fay\u0131m. \u0130\u00e7imden bir his katilin hala \u0130stanbul\u2019da oldu\u011funu s\u00f6yl\u00fcyor.Kafadarlar\u0131n yolu bu defa, Rodos\u2019a, nefes kesen bir maceran\u0131n i\u00e7ine d\u00fc\u015f\u00fcyor. Hem de y\u00fcz y\u0131l \u00f6nce ya\u015fanm\u0131\u015f olaylar\u0131n i\u00e7ine&#8230; Nas\u0131l m\u0131?<\/p>\n","protected":false},"excerpt":{"rendered":"<p>Yusuf, gizemli mektuptan sonra yerinde rahat duramad\u0131. \u00d6nce Hattat Efendi\u2019yi bulup ona durumu anlatt\u0131. Hattat, sakal\u0131n\u0131 s\u0131vazlay\u0131p hi\u00e7bir \u015fey demeden uzun uzun d\u00fc\u015f\u00fcnd\u00fc. Sonra:\u2013 Belki de<span class=\"excerpt-hellip\"> [\u2026]<\/span><\/p>\n","protected":false},"featured_media":0,"template":"","meta":{"_monsterinsights_skip_tracking":false,"_monsterinsights_sitenote_active":false,"_monsterinsights_sitenote_note":"","_monsterinsights_sitenote_category":0},"product_brand":[],"product_cat":[12274,12284],"product_tag":[],"class_list":{"0":"post-722118","1":"product","2":"type-product","3":"status-publish","5":"product_cat-cocuk-ve-genclik-kitaplari","6":"product_cat-hikayeler","7":"pa_cilt-ciltsiz","8":"pa_tur-kitap","9":"pa_yayinevi-ugurbocegi-yayinlari","10":"pa_yazar-zehra-aygul","12":"first","13":"instock","14":"sale","15":"shipping-taxable","16":"purchasable","17":"product-type-simple"},"_links":{"self":[{"href":"https:\/\/roveyayinevi.com.tr\/index.php\/wp-json\/wp\/v2\/product\/722118","targetHints":{"allow":["GET"]}}],"collection":[{"href":"https:\/\/roveyayinevi.com.tr\/index.php\/wp-json\/wp\/v2\/product"}],"about":[{"href":"https:\/\/roveyayinevi.com.tr\/index.php\/wp-json\/wp\/v2\/types\/product"}],"wp:attachment":[{"href":"https:\/\/roveyayinevi.com.tr\/index.php\/wp-json\/wp\/v2\/media?parent=722118"}],"wp:term":[{"taxonomy":"product_brand","embeddable":true,"href":"https:\/\/roveyayinevi.com.tr\/index.php\/wp-json\/wp\/v2\/product_brand?post=722118"},{"taxonomy":"product_cat","embeddable":true,"href":"https:\/\/roveyayinevi.com.tr\/index.php\/wp-json\/wp\/v2\/product_cat?post=722118"},{"taxonomy":"product_tag","embeddable":true,"href":"https:\/\/roveyayinevi.com.tr\/index.php\/wp-json\/wp\/v2\/product_tag?post=722118"}],"curies":[{"name":"wp","href":"https:\/\/api.w.org\/{rel}","templated":true}]}}