{"id":722117,"date":"2025-08-27T18:59:57","date_gmt":"2025-08-27T15:59:57","guid":{"rendered":"https:\/\/roveyayinevi.com.tr\/index.php\/urun\/hafiye-yusuf-2-gizemli-madalyon\/"},"modified":"2026-04-16T02:29:53","modified_gmt":"2026-04-15T23:29:53","slug":"hafiye-yusuf-2-gizemli-madalyon","status":"publish","type":"product","link":"https:\/\/roveyayinevi.com.tr\/index.php\/urun\/hafiye-yusuf-2-gizemli-madalyon\/","title":{"rendered":"Hafiye Yusuf 2: Gizemli Madalyon"},"content":{"rendered":"<p>Yusuf ve arkada\u015flar\u0131 her \u015feyin ba\u015flad\u0131\u011f\u0131 yerde, Yerebatan Sarn\u0131c\u0131\u2019nda, gizemli lahdin kar\u015f\u0131s\u0131nda duruyorlard\u0131. Ellerindeki par\u015f\u00f6mende y\u00fczlerce kilo a\u011f\u0131rl\u0131\u011f\u0131ndaki lahdi a\u00e7malar\u0131 i\u00e7in gerekli yollar g\u00f6sterilmi\u015fti. Lahdin kapa\u011f\u0131ndaki k\u00fc\u00e7\u00fck kutuya benzer mekanizman\u0131n \u00f6n\u00fcnde anahtar deli\u011fi vard\u0131.Yusuf heyecanla \u00e7\u0131ra\u011f\u0131n kendilerine verdi\u011fi anahtar\u0131 cebinden \u00e7\u0131kart\u0131p deli\u011fe soktu. Anahtar\u0131 yava\u015f\u00e7a \u00e7evirdi. Lahit kapa\u011f\u0131 mekanik bir \u015fekilde usul usul a\u00e7\u0131ld\u0131, demir ask\u0131lara tutturulmu\u015f bir \u015fekilde aral\u0131k kald\u0131.Yusuf elleriyle lahdin i\u00e7 y\u00fczeyini taramaya ba\u015flad\u0131. Belli ki yarat\u0131k bir aldatmacayd\u0131. Ama yine de madalyon burada bir yerlerde olabilirdi. Kapak tam a\u00e7\u0131k olmad\u0131\u011f\u0131 i\u00e7in i\u00e7erisini iyi g\u00f6remese de sab\u0131rla yoklamaya devam etti. Sonunda lahdin u\u00e7 k\u0131sm\u0131na yak\u0131n yerde bir \u00e7\u0131k\u0131nt\u0131 ke\u015ffetti. Heyecanla ba\u011f\u0131rd\u0131:\u2013 Cing\u00f6z, feneri buraya do\u011fru tut!\u00dc\u00e7 kafadar, bu defa Yerebatan Sarn\u0131c\u0131\u2019n\u0131n derinliklerinde, dudak u\u00e7uklatan bir maceran\u0131n i\u00e7inde dola\u015f\u0131yor.<\/p>\n","protected":false},"excerpt":{"rendered":"<p>Yusuf ve arkada\u015flar\u0131 her \u015feyin ba\u015flad\u0131\u011f\u0131 yerde, Yerebatan Sarn\u0131c\u0131\u2019nda, gizemli lahdin kar\u015f\u0131s\u0131nda duruyorlard\u0131. Ellerindeki par\u015f\u00f6mende y\u00fczlerce kilo a\u011f\u0131rl\u0131\u011f\u0131ndaki lahdi a\u00e7malar\u0131 i\u00e7in gerekli yollar g\u00f6sterilmi\u015fti. Lahdin kapa\u011f\u0131ndaki<span class=\"excerpt-hellip\"> [\u2026]<\/span><\/p>\n","protected":false},"featured_media":0,"template":"","meta":{"_monsterinsights_skip_tracking":false,"_monsterinsights_sitenote_active":false,"_monsterinsights_sitenote_note":"","_monsterinsights_sitenote_category":0},"product_brand":[],"product_cat":[12274,12284],"product_tag":[],"class_list":{"0":"post-722117","1":"product","2":"type-product","3":"status-publish","5":"product_cat-cocuk-ve-genclik-kitaplari","6":"product_cat-hikayeler","7":"pa_cilt-ciltsiz","8":"pa_tur-kitap","9":"pa_yayinevi-ugurbocegi-yayinlari","10":"pa_yazar-zehra-aygul","12":"first","13":"instock","14":"sale","15":"shipping-taxable","16":"purchasable","17":"product-type-simple"},"_links":{"self":[{"href":"https:\/\/roveyayinevi.com.tr\/index.php\/wp-json\/wp\/v2\/product\/722117","targetHints":{"allow":["GET"]}}],"collection":[{"href":"https:\/\/roveyayinevi.com.tr\/index.php\/wp-json\/wp\/v2\/product"}],"about":[{"href":"https:\/\/roveyayinevi.com.tr\/index.php\/wp-json\/wp\/v2\/types\/product"}],"wp:attachment":[{"href":"https:\/\/roveyayinevi.com.tr\/index.php\/wp-json\/wp\/v2\/media?parent=722117"}],"wp:term":[{"taxonomy":"product_brand","embeddable":true,"href":"https:\/\/roveyayinevi.com.tr\/index.php\/wp-json\/wp\/v2\/product_brand?post=722117"},{"taxonomy":"product_cat","embeddable":true,"href":"https:\/\/roveyayinevi.com.tr\/index.php\/wp-json\/wp\/v2\/product_cat?post=722117"},{"taxonomy":"product_tag","embeddable":true,"href":"https:\/\/roveyayinevi.com.tr\/index.php\/wp-json\/wp\/v2\/product_tag?post=722117"}],"curies":[{"name":"wp","href":"https:\/\/api.w.org\/{rel}","templated":true}]}}