{"id":722116,"date":"2025-08-27T18:59:56","date_gmt":"2025-08-27T15:59:56","guid":{"rendered":"https:\/\/roveyayinevi.com.tr\/index.php\/urun\/dank\/"},"modified":"2026-04-08T02:37:42","modified_gmt":"2026-04-07T23:37:42","slug":"dank","status":"publish","type":"product","link":"https:\/\/roveyayinevi.com.tr\/index.php\/urun\/dank\/","title":{"rendered":"Dank"},"content":{"rendered":"<p>Sinem Sal\u2019dan ar\u0131nma ve ayd\u0131nlanma \u00f6yk\u00fcleri.Dank, sonsuz bir karanl\u0131\u011f\u0131n ve kaosun i\u00e7inde \u00e7ak\u0131lm\u0131\u015f bir k\u0131v\u0131lc\u0131m gibi.S\u00fcper olmayan s\u00fcper kahramanlar, tekkesini terk eden dervi\u015fler, bir y\u0131ld\u0131z tohumunun pe\u015finde ellerini kana bulayanlar, sar\u0131 bir tablo i\u00e7in yoku\u015f yukar\u0131 ko\u015fmas\u0131n\u0131 \u00f6\u011frenenler, t\u00fcm \u015fehri etkisi alt\u0131na alan hissizlik hastal\u0131\u011f\u0131yla sava\u015fanlar, yast\u0131klar\u0131n\u0131n alt\u0131na may\u0131n d\u00f6\u015feyen aileler, gizli te\u015fkilatlar, patlayan silahlar, patlamayan silahlar, cenaze evleri, mezarl\u0131klar, yiv, set, dank!\u0130\u015fte buraday\u0131z. Yani D\u00fcnya\u2019da. Kalbimizi, par\u00e7alanana kadar harcad\u0131k. B\u00fct\u00fcn duygular\u0131m\u0131z\u0131 s\u00f6m\u00fcrd\u00fck. \u0130\u015fte buraday\u0131z. D\u00fcnya\u2019da. Egomuzu, bizi yutana kadar besledik. \u0130\u015fte buraday\u0131z&#8230; D\u00fcnya\u2019da. Yumruklar\u0131m\u0131z\u0131 s\u0131kt\u0131k, yumruklar\u0131m\u0131z\u0131 ge\u00e7irdik. Be\u011fenmedi\u011fimiz b\u00fct\u00fcn i\u015flerden istifa ettik. \u0130\u015fte buraday\u0131z. D\u00fcnya\u2019da. A\u015f\u0131k olduk, \u00e7ok a\u015f\u0131k olduk, fazla a\u015f\u0131k olduk. T\u00fckettik. Duygular\u0131m\u0131z\u0131n sonuna geldik. Son kullanma tarihi ge\u00e7ti. Bozuk bir tad\u0131 var art\u0131k duygular\u0131m\u0131z\u0131n. \u0130\u015fte buraday\u0131z. D\u00fcnya\u2019da. Sahi, neden buraday\u0131z?<\/p>\n","protected":false},"excerpt":{"rendered":"<p>Sinem Sal\u2019dan ar\u0131nma ve ayd\u0131nlanma \u00f6yk\u00fcleri.Dank, sonsuz bir karanl\u0131\u011f\u0131n ve kaosun i\u00e7inde \u00e7ak\u0131lm\u0131\u015f bir k\u0131v\u0131lc\u0131m gibi.S\u00fcper olmayan s\u00fcper kahramanlar, tekkesini terk eden dervi\u015fler, bir y\u0131ld\u0131z tohumunun<span class=\"excerpt-hellip\"> [\u2026]<\/span><\/p>\n","protected":false},"featured_media":0,"template":"","meta":{"_monsterinsights_skip_tracking":false,"_monsterinsights_sitenote_active":false,"_monsterinsights_sitenote_note":"","_monsterinsights_sitenote_category":0},"product_brand":[],"product_cat":[12291,12711],"product_tag":[],"class_list":{"0":"post-722116","1":"product","2":"type-product","3":"status-publish","5":"product_cat-edebiyat","6":"product_cat-roman-oyku","7":"pa_cilt-ciltsiz","8":"pa_tur-kitap","9":"pa_yayinevi-kara-karga-yayinlari","10":"pa_yazar-sinem-sal","12":"first","13":"instock","14":"sale","15":"shipping-taxable","16":"purchasable","17":"product-type-simple"},"_links":{"self":[{"href":"https:\/\/roveyayinevi.com.tr\/index.php\/wp-json\/wp\/v2\/product\/722116","targetHints":{"allow":["GET"]}}],"collection":[{"href":"https:\/\/roveyayinevi.com.tr\/index.php\/wp-json\/wp\/v2\/product"}],"about":[{"href":"https:\/\/roveyayinevi.com.tr\/index.php\/wp-json\/wp\/v2\/types\/product"}],"wp:attachment":[{"href":"https:\/\/roveyayinevi.com.tr\/index.php\/wp-json\/wp\/v2\/media?parent=722116"}],"wp:term":[{"taxonomy":"product_brand","embeddable":true,"href":"https:\/\/roveyayinevi.com.tr\/index.php\/wp-json\/wp\/v2\/product_brand?post=722116"},{"taxonomy":"product_cat","embeddable":true,"href":"https:\/\/roveyayinevi.com.tr\/index.php\/wp-json\/wp\/v2\/product_cat?post=722116"},{"taxonomy":"product_tag","embeddable":true,"href":"https:\/\/roveyayinevi.com.tr\/index.php\/wp-json\/wp\/v2\/product_tag?post=722116"}],"curies":[{"name":"wp","href":"https:\/\/api.w.org\/{rel}","templated":true}]}}