{"id":722115,"date":"2025-08-27T18:59:55","date_gmt":"2025-08-27T15:59:55","guid":{"rendered":"https:\/\/roveyayinevi.com.tr\/index.php\/urun\/www-wake-uyanis\/"},"modified":"2026-04-16T02:29:53","modified_gmt":"2026-04-15T23:29:53","slug":"www-wake-uyanis","status":"publish","type":"product","link":"https:\/\/roveyayinevi.com.tr\/index.php\/urun\/www-wake-uyanis\/","title":{"rendered":"WWW: Wake &#8211; Uyan\u0131\u015f"},"content":{"rendered":"<p>Caitlin Decter g\u00fczel, ta\u015fk\u0131n, matematik dehas\u0131 bir gen\u00e7 k\u0131zd\u0131r ve k\u00f6rd\u00fcr. Ancak zihninde takip etti\u011fi karma\u015f\u0131k yollarla internette \u00e7ok h\u0131zl\u0131 gezinmektedir. Japon bir ara\u015ft\u0131rmac\u0131, belki de kendisine g\u00f6r\u00fc\u015f yetene\u011fi kazand\u0131racak bir sinyal i\u015fleme implant\u0131 geli\u015ftirince Caitlin bu f\u0131rsattan yararlanmak i\u00e7in Japonya&#8217;ya gider.Ancak Caitlin&#8217;in beyni ana g\u00f6rsel korteksini \u00e7evrimi\u00e7i gezinti i\u00e7in \u00e7ok \u00f6ncesinden y\u00f6nlendirmi\u015ftir. \u0130mplant \u00e7al\u0131\u015ft\u0131r\u0131ld\u0131\u011f\u0131nda, fiziksel d\u00fcnyan\u0131n ger\u00e7ekli\u011fi yerine World Wide Web&#8217;in manzaras\u0131 bir renkler ve \u015fekiller festivali gibi g\u00f6r\u00fc\u015f\u00fcn\u00fc d\u00f6rt yandan saracakt\u0131r. Bu mucizevi evreni ke\u015ffederken Caitlin bir \u015feyin \u2014 \u00d6teki&#8217;nin- fark\u0131na varacakt\u0131r. \u00d6teki ise her saniye geli\u015fmeye, ilerlemeye ba\u015flam\u0131\u015ft\u0131r&#8230;&#8221;Robert J. Sawyer&#8217;\u0131n yeni bir kitab\u0131n\u0131 a\u00e7mak d\u00fcnyan\u0131n tuhaf ve ke\u015ffedilmemi\u015f yerlerini gezen bir dosttan hediye almak gibi. Bu sefer neyle \u015fa\u015f\u0131rtacak acaba d\u00fc\u015f\u00fcncesiyle kitaba kendinizi kapt\u0131rmaktan kurtulam\u0131yorsunuz.&#8221;- John Scalzi&#8221;Uyan\u0131\u015f, bilim ile ger\u00e7ek ya\u015fam, bilin\u00e7 ile alg\u0131, hayal g\u00fcc\u00fc ile potansiyelin yepyeni bir kesi\u015fimini veriyor. Sawyer bilim kurguya bilimi geri getirirken bunu \u015fatafatl\u0131 bir tarzda yap\u0131yor.&#8221;- Bitten by Books<\/p>\n","protected":false},"excerpt":{"rendered":"<p>Caitlin Decter g\u00fczel, ta\u015fk\u0131n, matematik dehas\u0131 bir gen\u00e7 k\u0131zd\u0131r ve k\u00f6rd\u00fcr. Ancak zihninde takip etti\u011fi karma\u015f\u0131k yollarla internette \u00e7ok h\u0131zl\u0131 gezinmektedir. Japon bir ara\u015ft\u0131rmac\u0131, belki de<span class=\"excerpt-hellip\"> [\u2026]<\/span><\/p>\n","protected":false},"featured_media":0,"template":"","meta":{"_monsterinsights_skip_tracking":false,"_monsterinsights_sitenote_active":false,"_monsterinsights_sitenote_note":"","_monsterinsights_sitenote_category":0},"product_brand":[],"product_cat":[12540,12291],"product_tag":[],"class_list":{"0":"post-722115","1":"product","2":"type-product","3":"status-publish","5":"product_cat-bilim-kurgu","6":"product_cat-edebiyat","7":"pa_cilt-ciltsiz","8":"pa_tur-kitap","9":"pa_yayinevi-abis-yayincilik","10":"pa_yazar-robert-j-sawyer","12":"first","13":"instock","14":"sale","15":"shipping-taxable","16":"purchasable","17":"product-type-simple"},"_links":{"self":[{"href":"https:\/\/roveyayinevi.com.tr\/index.php\/wp-json\/wp\/v2\/product\/722115","targetHints":{"allow":["GET"]}}],"collection":[{"href":"https:\/\/roveyayinevi.com.tr\/index.php\/wp-json\/wp\/v2\/product"}],"about":[{"href":"https:\/\/roveyayinevi.com.tr\/index.php\/wp-json\/wp\/v2\/types\/product"}],"wp:attachment":[{"href":"https:\/\/roveyayinevi.com.tr\/index.php\/wp-json\/wp\/v2\/media?parent=722115"}],"wp:term":[{"taxonomy":"product_brand","embeddable":true,"href":"https:\/\/roveyayinevi.com.tr\/index.php\/wp-json\/wp\/v2\/product_brand?post=722115"},{"taxonomy":"product_cat","embeddable":true,"href":"https:\/\/roveyayinevi.com.tr\/index.php\/wp-json\/wp\/v2\/product_cat?post=722115"},{"taxonomy":"product_tag","embeddable":true,"href":"https:\/\/roveyayinevi.com.tr\/index.php\/wp-json\/wp\/v2\/product_tag?post=722115"}],"curies":[{"name":"wp","href":"https:\/\/api.w.org\/{rel}","templated":true}]}}