{"id":722114,"date":"2025-08-27T18:59:54","date_gmt":"2025-08-27T15:59:54","guid":{"rendered":"https:\/\/roveyayinevi.com.tr\/index.php\/urun\/hafiye-yusuf-serisi-4-kitap\/"},"modified":"2026-04-16T02:29:53","modified_gmt":"2026-04-15T23:29:53","slug":"hafiye-yusuf-serisi-4-kitap","status":"publish","type":"product","link":"https:\/\/roveyayinevi.com.tr\/index.php\/urun\/hafiye-yusuf-serisi-4-kitap\/","title":{"rendered":"Hafiye Yusuf Serisi (4 Kitap)"},"content":{"rendered":"<p>K\u00fc\u00e7\u00fck bir \u00e7ocukken korsanlar taraf\u0131ndan ka\u00e7\u0131r\u0131l\u0131p esir pazar\u0131nda sat\u0131lan Yusuf\u2019un hik\u00e2yesi, Cing\u00f6z Mustafa ve F\u0131ld\u0131rdak Necmi\u2019yle birlikte \u00fc\u00e7 arkada\u015f\u0131n ortak kaderi oldu adeta&#8230; Mahallenin \u00fc\u00e7 delikanl\u0131s\u0131 bir anda kendilerini s\u00fcrpriz ve heyecan dolu olaylar\u0131n i\u00e7inde buldular. \u00dc\u00e7 arkada\u015f, b\u00fct\u00fcn olaylarda cin gibi ak\u0131llar\u0131n\u0131, maharet ve ustal\u0131k dolu zek\u00e2lar\u0131n\u0131 kullanarak olaylar\u0131 \u00e7\u00f6zmeyi ba\u015fard\u0131lar.Yusuf\u2019u ka\u00e7\u0131r\u0131p esir pazar\u0131nda satan Patates Suratl\u0131 Korsan\u2019\u0131 yakalama m\u00fccadelesi \u00fc\u00e7 arkada\u015fa zor anlar ya\u015fatt\u0131.Yerebatan Sarn\u0131c\u0131\u2019nda saklanm\u0131\u015f lahdin i\u00e7indeki gizemli madalyon onlar\u0131 az kals\u0131n canlar\u0131ndan ediyordu.Rodos\u2019ta y\u00fcz y\u0131l \u00f6nce ya\u015fanm\u0131\u015f esrarengiz bir olay\u0131 \u00e7\u00f6zmek i\u00e7in adaya gitmeleri hi\u00e7 de ak\u0131l k\u00e2r\u0131 de\u011fildi.Padi\u015fah i\u00e7in haz\u0131rlanm\u0131\u015f t\u0131ls\u0131ml\u0131 g\u00f6mle\u011fin ard\u0131 s\u0131ra ya\u015fananlar ise onlar\u0131 yerinde tutacak cinsten de\u011fildi.\u00dc\u00e7 arkada\u015f, b\u00fct\u00fcn olaylarda cin gibi ak\u0131llar\u0131n\u0131, maharet ve ustal\u0131k dolu zek\u00e2lar\u0131n\u0131 kullanarak olaylar\u0131 \u00e7\u00f6zmeyi ba\u015fard\u0131lar. Ancak ya\u015fad\u0131klar\u0131 unutulmayacak cinstendi.<\/p>\n","protected":false},"excerpt":{"rendered":"<p>K\u00fc\u00e7\u00fck bir \u00e7ocukken korsanlar taraf\u0131ndan ka\u00e7\u0131r\u0131l\u0131p esir pazar\u0131nda sat\u0131lan Yusuf\u2019un hik\u00e2yesi, Cing\u00f6z Mustafa ve F\u0131ld\u0131rdak Necmi\u2019yle birlikte \u00fc\u00e7 arkada\u015f\u0131n ortak kaderi oldu adeta&#8230; Mahallenin \u00fc\u00e7 delikanl\u0131s\u0131<span class=\"excerpt-hellip\"> [\u2026]<\/span><\/p>\n","protected":false},"featured_media":0,"template":"","meta":{"_monsterinsights_skip_tracking":false,"_monsterinsights_sitenote_active":false,"_monsterinsights_sitenote_note":"","_monsterinsights_sitenote_category":0},"product_brand":[],"product_cat":[12274,12284],"product_tag":[],"class_list":{"0":"post-722114","1":"product","2":"type-product","3":"status-publish","5":"product_cat-cocuk-ve-genclik-kitaplari","6":"product_cat-hikayeler","7":"pa_cilt-ciltsiz","8":"pa_tur-kitap","9":"pa_yayinevi-ugurbocegi-yayinlari","10":"pa_yazar-zehra-aygul","12":"first","13":"instock","14":"sale","15":"shipping-taxable","16":"purchasable","17":"product-type-simple"},"_links":{"self":[{"href":"https:\/\/roveyayinevi.com.tr\/index.php\/wp-json\/wp\/v2\/product\/722114","targetHints":{"allow":["GET"]}}],"collection":[{"href":"https:\/\/roveyayinevi.com.tr\/index.php\/wp-json\/wp\/v2\/product"}],"about":[{"href":"https:\/\/roveyayinevi.com.tr\/index.php\/wp-json\/wp\/v2\/types\/product"}],"wp:attachment":[{"href":"https:\/\/roveyayinevi.com.tr\/index.php\/wp-json\/wp\/v2\/media?parent=722114"}],"wp:term":[{"taxonomy":"product_brand","embeddable":true,"href":"https:\/\/roveyayinevi.com.tr\/index.php\/wp-json\/wp\/v2\/product_brand?post=722114"},{"taxonomy":"product_cat","embeddable":true,"href":"https:\/\/roveyayinevi.com.tr\/index.php\/wp-json\/wp\/v2\/product_cat?post=722114"},{"taxonomy":"product_tag","embeddable":true,"href":"https:\/\/roveyayinevi.com.tr\/index.php\/wp-json\/wp\/v2\/product_tag?post=722114"}],"curies":[{"name":"wp","href":"https:\/\/api.w.org\/{rel}","templated":true}]}}