{"id":722113,"date":"2025-08-27T18:59:53","date_gmt":"2025-08-27T15:59:53","guid":{"rendered":"https:\/\/roveyayinevi.com.tr\/index.php\/urun\/su-acayip-seyler-dizisi-seti-21-kitap\/"},"modified":"2026-04-16T02:29:53","modified_gmt":"2026-04-15T23:29:53","slug":"su-acayip-seyler-dizisi-seti-21-kitap","status":"publish","type":"product","link":"https:\/\/roveyayinevi.com.tr\/index.php\/urun\/su-acayip-seyler-dizisi-seti-21-kitap\/","title":{"rendered":"\u015eu Acayip \u015eeyler Dizisi Seti (21 Kitap)"},"content":{"rendered":"<p>T\u00fcrkiye&#8217;nin en \u00e7ok okunan pop\u00fcler bilim dizisi 10. y\u0131l\u0131nda \u015fimdi 20 kitap!Terc\u00fcme de\u011fil, tamamen yerli mal\u0131; \u00fcstelik \u00e7ocuklar i\u00e7in!\u00c7ok g\u00fczel bir seri. Hepsini okudum, herkesin de okumas\u0131n\u0131 isterim. (feyzu\u015f)\u015eu Acayip Serisi ger\u00e7ekten \u00e7ok acayip. Bilimi \u00e7ocuklar\u0131n anlayaca\u011f\u0131 bir dille ele alm\u0131\u015f.G\u00fcn\u00fcm\u00fcz \u00e7ocuklar\u0131n\u0131n anlayaca\u011f\u0131 esprilerle kar\u0131\u015f\u0131k, s\u00fcr\u00fckleyici. Bu tip kitaplar\u0131n say\u0131s\u0131 artt\u0131r\u0131lmal\u0131&#8230; (inge\u00e7)Tar\u0131k Uslu hep yazs\u0131n. Okullardaki e\u011fitim kitaplar\u0131 b\u00f6yle olsayd\u0131 zor konular daima severek \u00f6\u011frenilirdi. \u00d6\u011fretmenler bu kitaplar\u0131 okumal\u0131 ve anlatmal\u0131lar. (eeldmr)\u015eu Acayip Serisi\u2019ni okumak \u00e7ocuklar\u0131 parka g\u00f6t\u00fcr\u00fcp kendi sallanan anne-baba gibi hissettiriyor. Kendinize bu iyili\u011fi yap\u0131n\u0131z; okuyun, okutun. (Mahfice)Acayip \u015eeyler Serisi\u2019ni \u00f6\u011frencilerime ald\u0131m. Elden ele dola\u015f\u0131yor \u015fimdi kitaplar. \u00c7ocuklar\u0131n kitap okumas\u0131n\u0131 istiyorsak onlara g\u00f6re haz\u0131rlanm\u0131\u015f kitaplar\u0131 sunmal\u0131y\u0131z.Tavsiye ederim. (mqnsz)Ben bir ortaokulda fen bilgisi \u00f6\u011fretmeniyim. Bu kitap serisini al\u0131p s\u0131navlarda ba\u015far\u0131l\u0131 olan \u00f6\u011frencilerime da\u011f\u0131tt\u0131m ve emin olun fen dersini daha \u00e7ok sevmeye ve anlamaya ba\u015flad\u0131lar&#8230; (okuyan_gezgin)\u015eu ana kadar okudu\u011fum en g\u00fczel seri. Bize bilgiyi e\u011flenceli bir \u015fekilde anlatan yazar\u0131 tebrik ediyorum. Bir bilgi ancak bu kadar g\u00fczel anlat\u0131labilir. \u00c7ocuklar \u015eu Acayip Serisi\u2019ni ka\u00e7\u0131rmamal\u0131. (Melisa \u00c7am)\u00d6zellikle m\u00fcfredattaki kazan\u0131mlar\u0131n bir\u00e7o\u011fu bu kitap vas\u0131tas\u0131yla t\u00fcm \u00f6\u011frencilere kazand\u0131r\u0131labilir. (yap\u0131c\u01312)<\/p>\n","protected":false},"excerpt":{"rendered":"<p>T\u00fcrkiye&#8217;nin en \u00e7ok okunan pop\u00fcler bilim dizisi 10. y\u0131l\u0131nda \u015fimdi 20 kitap!Terc\u00fcme de\u011fil, tamamen yerli mal\u0131; \u00fcstelik \u00e7ocuklar i\u00e7in!\u00c7ok g\u00fczel bir seri. Hepsini okudum, herkesin de<span class=\"excerpt-hellip\"> [\u2026]<\/span><\/p>\n","protected":false},"featured_media":0,"template":"","meta":{"_monsterinsights_skip_tracking":false,"_monsterinsights_sitenote_active":false,"_monsterinsights_sitenote_note":"","_monsterinsights_sitenote_category":0},"product_brand":[],"product_cat":[13005,13006],"product_tag":[],"class_list":{"0":"post-722113","1":"product","2":"type-product","3":"status-publish","5":"product_cat-bilim-muhendislik","6":"product_cat-populer-bilim","7":"pa_cilt-ciltsiz","8":"pa_tur-kitap","9":"pa_yayinevi-ugurbocegi-yayinlari","10":"pa_yazar-tarik-uslu","12":"first","13":"instock","14":"sale","15":"shipping-taxable","16":"purchasable","17":"product-type-simple"},"_links":{"self":[{"href":"https:\/\/roveyayinevi.com.tr\/index.php\/wp-json\/wp\/v2\/product\/722113","targetHints":{"allow":["GET"]}}],"collection":[{"href":"https:\/\/roveyayinevi.com.tr\/index.php\/wp-json\/wp\/v2\/product"}],"about":[{"href":"https:\/\/roveyayinevi.com.tr\/index.php\/wp-json\/wp\/v2\/types\/product"}],"wp:attachment":[{"href":"https:\/\/roveyayinevi.com.tr\/index.php\/wp-json\/wp\/v2\/media?parent=722113"}],"wp:term":[{"taxonomy":"product_brand","embeddable":true,"href":"https:\/\/roveyayinevi.com.tr\/index.php\/wp-json\/wp\/v2\/product_brand?post=722113"},{"taxonomy":"product_cat","embeddable":true,"href":"https:\/\/roveyayinevi.com.tr\/index.php\/wp-json\/wp\/v2\/product_cat?post=722113"},{"taxonomy":"product_tag","embeddable":true,"href":"https:\/\/roveyayinevi.com.tr\/index.php\/wp-json\/wp\/v2\/product_tag?post=722113"}],"curies":[{"name":"wp","href":"https:\/\/api.w.org\/{rel}","templated":true}]}}