{"id":722101,"date":"2025-08-27T18:59:43","date_gmt":"2025-08-27T15:59:43","guid":{"rendered":"https:\/\/roveyayinevi.com.tr\/index.php\/urun\/istanbul-masallari\/"},"modified":"2026-04-16T02:29:53","modified_gmt":"2026-04-15T23:29:53","slug":"istanbul-masallari","status":"publish","type":"product","link":"https:\/\/roveyayinevi.com.tr\/index.php\/urun\/istanbul-masallari\/","title":{"rendered":"\u0130stanbul Masallar\u0131"},"content":{"rendered":"<p>\u201cFolklorcu \u00fcstatlar\u0131m ve arkada\u015flar\u0131m bana \u0130stanbul\u2019da s\u00f6ylenen T\u00fcrk masallar\u0131n\u0131 derlemek \u00fczere faaliyetimi geni\u015fletmemi ve bunun \u00e7ok yerinde, hay\u0131rl\u0131 bir i\u015f olaca\u011f\u0131n\u0131 s\u00f6ylediler. Esasen birka\u00e7 sene evvelinden beri \u0130stanbul\u2019un muhtelif semtlerindeki ahbaplara, dostlara, kom\u015fulara, akrabalara gittik\u00e7e bir f\u0131rsat\u0131n\u0131 bulup ya\u015fl\u0131lara, iyi bilenlere masal s\u00f6yletiyor ve s\u00f6ylenen masal\u0131 aynen kaydediyordum. Fakat bu te\u015fvikler, \u0130stanbul masallar\u0131n\u0131 daha esasl\u0131 bir \u015fekilde derlemek hususunda bana h\u0131z verdi ve k\u0131\u015f gecelerini ekseriya masal dinlemek ve yazmakla ge\u00e7irdim. \u0130\u015fte \u00fc\u00e7, d\u00f6rt seneden beri toplayabildi\u011fim masallar\u0131, hi\u00e7bir noktas\u0131n\u0131, anlatan\u0131n kulland\u0131\u011f\u0131 kelimeleri ve tabirleri de\u011fi\u015ftirmeden ve fakat yaln\u0131z p\u00fcr\u00fczs\u00fcz bir lisanla yazmaya gayret ederek \u0130stanbul Masallar\u0131\u2019n\u0131 yay\u0131mlad\u0131m.\u201d \u2013Naki Tezel <\/p>\n","protected":false},"excerpt":{"rendered":"<p>\u201cFolklorcu \u00fcstatlar\u0131m ve arkada\u015flar\u0131m bana \u0130stanbul\u2019da s\u00f6ylenen T\u00fcrk masallar\u0131n\u0131 derlemek \u00fczere faaliyetimi geni\u015fletmemi ve bunun \u00e7ok yerinde, hay\u0131rl\u0131 bir i\u015f olaca\u011f\u0131n\u0131 s\u00f6ylediler. Esasen birka\u00e7 sene evvelinden<span class=\"excerpt-hellip\"> [\u2026]<\/span><\/p>\n","protected":false},"featured_media":0,"template":"","meta":{"_monsterinsights_skip_tracking":false,"_monsterinsights_sitenote_active":false,"_monsterinsights_sitenote_note":"","_monsterinsights_sitenote_category":0},"product_brand":[],"product_cat":[12291,12711],"product_tag":[],"class_list":{"0":"post-722101","1":"product","2":"type-product","3":"status-publish","5":"product_cat-edebiyat","6":"product_cat-roman-oyku","7":"pa_cilt-ciltsiz","8":"pa_tur-kitap","9":"pa_yayinevi-alfa-yayinlari","10":"pa_yazar-naki-tezel","12":"first","13":"instock","14":"sale","15":"shipping-taxable","16":"purchasable","17":"product-type-simple"},"_links":{"self":[{"href":"https:\/\/roveyayinevi.com.tr\/index.php\/wp-json\/wp\/v2\/product\/722101","targetHints":{"allow":["GET"]}}],"collection":[{"href":"https:\/\/roveyayinevi.com.tr\/index.php\/wp-json\/wp\/v2\/product"}],"about":[{"href":"https:\/\/roveyayinevi.com.tr\/index.php\/wp-json\/wp\/v2\/types\/product"}],"wp:attachment":[{"href":"https:\/\/roveyayinevi.com.tr\/index.php\/wp-json\/wp\/v2\/media?parent=722101"}],"wp:term":[{"taxonomy":"product_brand","embeddable":true,"href":"https:\/\/roveyayinevi.com.tr\/index.php\/wp-json\/wp\/v2\/product_brand?post=722101"},{"taxonomy":"product_cat","embeddable":true,"href":"https:\/\/roveyayinevi.com.tr\/index.php\/wp-json\/wp\/v2\/product_cat?post=722101"},{"taxonomy":"product_tag","embeddable":true,"href":"https:\/\/roveyayinevi.com.tr\/index.php\/wp-json\/wp\/v2\/product_tag?post=722101"}],"curies":[{"name":"wp","href":"https:\/\/api.w.org\/{rel}","templated":true}]}}