{"id":722100,"date":"2025-08-27T18:59:43","date_gmt":"2025-08-27T15:59:43","guid":{"rendered":"https:\/\/roveyayinevi.com.tr\/index.php\/urun\/eski-misir-2\/"},"modified":"2026-04-16T02:29:53","modified_gmt":"2026-04-15T23:29:53","slug":"eski-misir-2","status":"publish","type":"product","link":"https:\/\/roveyayinevi.com.tr\/index.php\/urun\/eski-misir-2\/","title":{"rendered":"Eski M\u0131s\u0131r"},"content":{"rendered":"<p>Eski M\u0131s\u0131r, antik\u00e7a\u011fdan bu yana an\u0131tsal yap\u0131lar\u0131, sanat eserleri, muazzam yaz\u0131l\u0131 belgeleri ve gizemli diniyle b\u00fcy\u00fcleyici olmu\u015ftur. Hermann A. Schl\u00f6gl bu kitapta tarih \u00f6ncesi d\u00f6nemden firavunlar\u0131n y\u00f6netti\u011fi M\u0131s\u0131r\u2019\u0131n sonunu m\u00fch\u00fcrleyen krali\u00e7e Kleopatra\u2019n\u0131n intihar\u0131na dek d\u00f6rt bin y\u0131ll\u0131k Eski M\u0131s\u0131r tarihini \u00f6zl\u00fc bir bi\u00e7imde aktar\u0131yor. Firavunlar tarihinin yan\u0131 s\u0131ra Nil \u00fclkesindeki din, k\u00fclt\u00fcr ve g\u00fcnl\u00fck ya\u015fam\u0131 da ayd\u0131nlat\u0131c\u0131 bir bi\u00e7imde anlat\u0131yor. <\/p>\n","protected":false},"excerpt":{"rendered":"<p>Eski M\u0131s\u0131r, antik\u00e7a\u011fdan bu yana an\u0131tsal yap\u0131lar\u0131, sanat eserleri, muazzam yaz\u0131l\u0131 belgeleri ve gizemli diniyle b\u00fcy\u00fcleyici olmu\u015ftur. Hermann A. Schl\u00f6gl bu kitapta tarih \u00f6ncesi d\u00f6nemden firavunlar\u0131n<span class=\"excerpt-hellip\"> [\u2026]<\/span><\/p>\n","protected":false},"featured_media":0,"template":"","meta":{"_monsterinsights_skip_tracking":false,"_monsterinsights_sitenote_active":false,"_monsterinsights_sitenote_note":"","_monsterinsights_sitenote_category":0},"product_brand":[],"product_cat":[12370,12304],"product_tag":[],"class_list":{"0":"post-722100","1":"product","2":"type-product","3":"status-publish","5":"product_cat-arastirma-inceleme","6":"product_cat-tarih","7":"pa_cilt-ciltsiz","8":"pa_tur-kitap","9":"pa_yayinevi-alfa-yayinlari","10":"pa_yazar-herman-a-schlogl","12":"first","13":"instock","14":"sale","15":"shipping-taxable","16":"purchasable","17":"product-type-simple"},"_links":{"self":[{"href":"https:\/\/roveyayinevi.com.tr\/index.php\/wp-json\/wp\/v2\/product\/722100","targetHints":{"allow":["GET"]}}],"collection":[{"href":"https:\/\/roveyayinevi.com.tr\/index.php\/wp-json\/wp\/v2\/product"}],"about":[{"href":"https:\/\/roveyayinevi.com.tr\/index.php\/wp-json\/wp\/v2\/types\/product"}],"wp:attachment":[{"href":"https:\/\/roveyayinevi.com.tr\/index.php\/wp-json\/wp\/v2\/media?parent=722100"}],"wp:term":[{"taxonomy":"product_brand","embeddable":true,"href":"https:\/\/roveyayinevi.com.tr\/index.php\/wp-json\/wp\/v2\/product_brand?post=722100"},{"taxonomy":"product_cat","embeddable":true,"href":"https:\/\/roveyayinevi.com.tr\/index.php\/wp-json\/wp\/v2\/product_cat?post=722100"},{"taxonomy":"product_tag","embeddable":true,"href":"https:\/\/roveyayinevi.com.tr\/index.php\/wp-json\/wp\/v2\/product_tag?post=722100"}],"curies":[{"name":"wp","href":"https:\/\/api.w.org\/{rel}","templated":true}]}}