{"id":722099,"date":"2025-08-27T18:59:42","date_gmt":"2025-08-27T15:59:42","guid":{"rendered":"https:\/\/roveyayinevi.com.tr\/index.php\/urun\/etruskler\/"},"modified":"2026-04-16T02:29:53","modified_gmt":"2026-04-15T23:29:53","slug":"etruskler","status":"publish","type":"product","link":"https:\/\/roveyayinevi.com.tr\/index.php\/urun\/etruskler\/","title":{"rendered":"Etr\u00fcskler"},"content":{"rendered":"<p>Etr\u00fcsklerin ya\u015fant\u0131lar\u0131 ve sanat eserleriyle ilgili kan\u0131tlar \u2013kaplar, silahlar ve s\u00fcs e\u015fyalar\u0131, ta\u015f lahitler, \u00f6l\u00fc k\u00fcllerinin sakland\u0131\u011f\u0131 kaplar ve \u00f6l\u00fcm d\u00f6\u015feklerinin g\u00f6m\u00fcl\u00fc oldu\u011fu muazzam mezarlar\u2013 son derece farkl\u0131 bir toplumun varl\u0131\u011f\u0131n\u0131 ortaya koyuyor. \u0130\u00d6 8. y\u00fczy\u0131ldan itibaren \u0130talya\u2019n\u0131n b\u00fcy\u00fck b\u00f6l\u00fcm\u00fcne egemen olan, Fenikeliler ve Yunanlarla geni\u015f kapsaml\u0131 ticaret ili\u015fkileri kuran, ilk Romal\u0131lar\u0131 uygarla\u015ft\u0131ran ve sonunda bu b\u00fcy\u00fcyen g\u00fcce teslim olan Etr\u00fcskler asl\u0131nda kimdi? Bu uygarl\u0131\u011f\u0131n ya\u015fam ko\u015fullar\u0131, \u00e7ok \u00e7e\u015fitli sanat eserleri, duvar resimleriyle s\u00fcsl\u00fc mezarlar\u0131, gelenekleri, dilleri, \u00e7a\u011fda\u015flar\u0131na yabanc\u0131 g\u00f6r\u00fcnen ve \u015fa\u015fk\u0131nl\u0131k uyand\u0131ran dinsel d\u00fc\u015f\u00fcncelerine dair bildiklerimize k\u0131sa bir giri\u015f. <\/p>\n","protected":false},"excerpt":{"rendered":"<p>Etr\u00fcsklerin ya\u015fant\u0131lar\u0131 ve sanat eserleriyle ilgili kan\u0131tlar \u2013kaplar, silahlar ve s\u00fcs e\u015fyalar\u0131, ta\u015f lahitler, \u00f6l\u00fc k\u00fcllerinin sakland\u0131\u011f\u0131 kaplar ve \u00f6l\u00fcm d\u00f6\u015feklerinin g\u00f6m\u00fcl\u00fc oldu\u011fu muazzam mezarlar\u2013 son<span class=\"excerpt-hellip\"> [\u2026]<\/span><\/p>\n","protected":false},"featured_media":0,"template":"","meta":{"_monsterinsights_skip_tracking":false,"_monsterinsights_sitenote_active":false,"_monsterinsights_sitenote_note":"","_monsterinsights_sitenote_category":0},"product_brand":[],"product_cat":[12370,12304],"product_tag":[],"class_list":{"0":"post-722099","1":"product","2":"type-product","3":"status-publish","5":"product_cat-arastirma-inceleme","6":"product_cat-tarih","7":"pa_cilt-ciltsiz","8":"pa_tur-kitap","9":"pa_yayinevi-alfa-yayinlari","10":"pa_yazar-friedhelm-prayon","12":"first","13":"instock","14":"sale","15":"shipping-taxable","16":"purchasable","17":"product-type-simple"},"_links":{"self":[{"href":"https:\/\/roveyayinevi.com.tr\/index.php\/wp-json\/wp\/v2\/product\/722099","targetHints":{"allow":["GET"]}}],"collection":[{"href":"https:\/\/roveyayinevi.com.tr\/index.php\/wp-json\/wp\/v2\/product"}],"about":[{"href":"https:\/\/roveyayinevi.com.tr\/index.php\/wp-json\/wp\/v2\/types\/product"}],"wp:attachment":[{"href":"https:\/\/roveyayinevi.com.tr\/index.php\/wp-json\/wp\/v2\/media?parent=722099"}],"wp:term":[{"taxonomy":"product_brand","embeddable":true,"href":"https:\/\/roveyayinevi.com.tr\/index.php\/wp-json\/wp\/v2\/product_brand?post=722099"},{"taxonomy":"product_cat","embeddable":true,"href":"https:\/\/roveyayinevi.com.tr\/index.php\/wp-json\/wp\/v2\/product_cat?post=722099"},{"taxonomy":"product_tag","embeddable":true,"href":"https:\/\/roveyayinevi.com.tr\/index.php\/wp-json\/wp\/v2\/product_tag?post=722099"}],"curies":[{"name":"wp","href":"https:\/\/api.w.org\/{rel}","templated":true}]}}