{"id":722098,"date":"2025-08-27T18:59:42","date_gmt":"2025-08-27T15:59:42","guid":{"rendered":"https:\/\/roveyayinevi.com.tr\/index.php\/urun\/virus-uc-aylik-kultur-sanat-ve-edebiyat-dergisi-sayi-2-ocak-subat-mart-2020\/"},"modified":"2026-04-16T02:29:53","modified_gmt":"2026-04-15T23:29:53","slug":"virus-uc-aylik-kultur-sanat-ve-edebiyat-dergisi-sayi-2-ocak-subat-mart-2020","status":"publish","type":"product","link":"https:\/\/roveyayinevi.com.tr\/index.php\/urun\/virus-uc-aylik-kultur-sanat-ve-edebiyat-dergisi-sayi-2-ocak-subat-mart-2020\/","title":{"rendered":"Vir\u00fcs &#8211; \u00dc\u00e7 Ayl\u0131k K\u00fclt\u00fcr Sanat ve Edebiyat Dergisi Say\u0131: 2 Ocak &#8211; \u015eubat &#8211; Mart 2020"},"content":{"rendered":"<p>\u201cV\u0130R\u00dcS\u201d\u00fcn ilk say\u0131s\u0131n\u0131 ilgiyle kar\u015f\u0131layan, sesimize ses veren herkese te\u015fekk\u00fcr ediyoruz\u2026 Yeni y\u0131lda \u201cV\u0130R\u00dcS\u201d\u00fcn 2. say\u0131s\u0131 a\u015fa\u011f\u0131daki dostlar\u0131m\u0131zla birlikte elinize\u2026   Ali Kotan, Cemal S\u00fcreya, Ahmet Say, Do\u011fan H\u0131zlan, Eray Canberk, Ahmet Telli, Ergin Sander, Adonis, Mehmet Hakk\u0131 Su\u00e7in, S\u00fcreyya Berfe, \u0130smail Mert Ba\u015fat, Zbigniew Machej, Haydar Erg\u00fclen, \u0130dil Ako\u011flu Erg\u00fclen, H\u00fcseyin Ferhad, Y\u00fcksel Pazarkaya, Liliya Gazizova, U\u011fur B\u00fcke, Arife Kalender, H\u00fclya Soy\u015fekerci, Emirhan O\u011fuz, Nazmi A\u011f\u0131l, Tar\u0131k G\u00fcnersel, Yi\u011fit Bener, Burak Abatay, Ming Di, Tozan Alkan, \u00c7i\u011fdem Sezer, Tanos Zarangalis, Fulya Ko\u00e7ak, Bet\u00fcl Tar\u0131man, Tahir Abac\u0131, Turgay Kant\u00fcrk, Caroline Stockford, A\u015fk\u0131n Duru, Azzurra D\u2019agostino, Kemal Atakay, Taner Ay, Hakan Cem, Zeki Co\u015fkun, Altay \u00d6ktem, Mete \u00d6zel, M\u00fcge \u0130plik\u00e7i, Menu\u00e7ehr Ate\u015fi, Ha\u015fim H\u00fcsrev\u015fahi, Zekiye Antakyal\u0131o\u011flu, Figen Sar\u0131ye, \u015eeref Bilsel, Soner Demirba\u015f, Ay\u015fe N\u00e2l\u00e2n, Alev Bulut, Beatriz Campos, Ay\u015fe Nihal Akbulut, G\u00f6k\u00e7enur \u00c7., Atakan Yavuz, G\u00fclce Ba\u015fer, S\u00fcreyyya Evren, Ay\u015fen Sar\u0131ba\u015f, Mehmet Ya\u015f\u0131n, G\u00fclce Ba\u015fer, Cuma Duymaz, L\u00fctfiye G\u00fczel, Hilmi Tezg\u00f6r, Ozan \u00d6ztepe, Hicran Aslan, Vya\u00e7eslav Har\u00e7enko, Neslihan Yalman, Recep \u00d6zkan, Rita Malhotra, \u00d6zge \u00d6zcengiz, M. \u00d6zg\u00fcr Mutlu, Charbel Dagher, Beh\u00e7et \u00c7elik, Neslihan \u00d6ndero\u011flu, Susan Kiguli, \u0130lyas Tun\u00e7, Semra B\u00fclgin, Ya\u011fmur Ali Co\u015fkun, Orsolya Lang, Evrim Altu\u011f, \u0130zzeddin \u00c7al\u0131\u015flar, Alahattin Kanl\u0131o\u011flu, Murat Ayta\u015f<\/p>\n","protected":false},"excerpt":{"rendered":"<p>\u201cV\u0130R\u00dcS\u201d\u00fcn ilk say\u0131s\u0131n\u0131 ilgiyle kar\u015f\u0131layan, sesimize ses veren herkese te\u015fekk\u00fcr ediyoruz\u2026 Yeni y\u0131lda \u201cV\u0130R\u00dcS\u201d\u00fcn 2. say\u0131s\u0131 a\u015fa\u011f\u0131daki dostlar\u0131m\u0131zla birlikte elinize\u2026 Ali Kotan, Cemal S\u00fcreya, Ahmet Say,<span class=\"excerpt-hellip\"> [\u2026]<\/span><\/p>\n","protected":false},"featured_media":0,"template":"","meta":{"_monsterinsights_skip_tracking":false,"_monsterinsights_sitenote_active":false,"_monsterinsights_sitenote_note":"","_monsterinsights_sitenote_category":0},"product_brand":[],"product_cat":[30023,13527],"product_tag":[],"class_list":{"0":"post-722098","1":"product","2":"type-product","3":"status-publish","5":"product_cat-edebiyat-sureli-yayinlar","6":"product_cat-sureli-yayinlar","7":"pa_cilt-ciltsiz","8":"pa_tur-dergi","9":"pa_yayinevi-virus-dergisi","10":"pa_yazar-kolektif","12":"first","13":"instock","14":"sale","15":"shipping-taxable","16":"purchasable","17":"product-type-simple"},"_links":{"self":[{"href":"https:\/\/roveyayinevi.com.tr\/index.php\/wp-json\/wp\/v2\/product\/722098","targetHints":{"allow":["GET"]}}],"collection":[{"href":"https:\/\/roveyayinevi.com.tr\/index.php\/wp-json\/wp\/v2\/product"}],"about":[{"href":"https:\/\/roveyayinevi.com.tr\/index.php\/wp-json\/wp\/v2\/types\/product"}],"wp:attachment":[{"href":"https:\/\/roveyayinevi.com.tr\/index.php\/wp-json\/wp\/v2\/media?parent=722098"}],"wp:term":[{"taxonomy":"product_brand","embeddable":true,"href":"https:\/\/roveyayinevi.com.tr\/index.php\/wp-json\/wp\/v2\/product_brand?post=722098"},{"taxonomy":"product_cat","embeddable":true,"href":"https:\/\/roveyayinevi.com.tr\/index.php\/wp-json\/wp\/v2\/product_cat?post=722098"},{"taxonomy":"product_tag","embeddable":true,"href":"https:\/\/roveyayinevi.com.tr\/index.php\/wp-json\/wp\/v2\/product_tag?post=722098"}],"curies":[{"name":"wp","href":"https:\/\/api.w.org\/{rel}","templated":true}]}}