{"id":722096,"date":"2025-08-27T18:59:40","date_gmt":"2025-08-27T15:59:40","guid":{"rendered":"https:\/\/roveyayinevi.com.tr\/index.php\/urun\/cilgin-okul-bubela-okulundaki-komik-maceralar-ciltli\/"},"modified":"2026-04-16T02:29:53","modified_gmt":"2026-04-15T23:29:53","slug":"cilgin-okul-bubela-okulundaki-komik-maceralar-ciltli","status":"publish","type":"product","link":"https:\/\/roveyayinevi.com.tr\/index.php\/urun\/cilgin-okul-bubela-okulundaki-komik-maceralar-ciltli\/","title":{"rendered":"\u00c7\u0131lg\u0131n Okul! \u2013 Bubela Okulu\u2019ndaki Komik Maceralar (Ciltli)"},"content":{"rendered":"<p>\u201c\u00c7\u0131lg\u0131n Okul! muhte\u015fem kelime oyunlar\u0131 ve h\u0131zla geli\u015fen olaylar\u0131yla okurun \u00e2deta ba\u015f\u0131n\u0131 d\u00f6nd\u00fcr\u00fcyor.\u201d-The New York Times    Bubela Okulu\u2019na ho\u015f geldiniz! Burada herkes birbirinden tuhaf ve komik. Okul m\u00fcd\u00fcr\u00fc Bayan Tekpabu\u00e7, \u00f6\u011fretmenler Bayan Doremi Fasollasido ile Bayan \u00c7okevcil, temizlik g\u00f6revlileri Bay Bidak Kadurmam ile Behi\u00e7 Durmaz, okul servisi \u015fof\u00f6r\u00fc Bay \u00c7ukurad\u00fc\u015ft\u00fc, \u00f6\u011frenciler Eyvah Sakar, Afife Hayvansever ve di\u011ferleri\u2026 Bir g\u00fcnleri bile olays\u0131z ge\u00e7miyor! Hele bu hafta \u00f6yle garip \u015feyler oluyor ki neredeyse ders bile i\u015fleyemiyorlar.Bu s\u0131ra d\u0131\u015f\u0131 ve ilgin\u00e7 karakterler birbirinden komik hik\u00e2yeleriyle kar\u015f\u0131n\u0131zda!  <\/p>\n","protected":false},"excerpt":{"rendered":"<p>\u201c\u00c7\u0131lg\u0131n Okul! muhte\u015fem kelime oyunlar\u0131 ve h\u0131zla geli\u015fen olaylar\u0131yla okurun \u00e2deta ba\u015f\u0131n\u0131 d\u00f6nd\u00fcr\u00fcyor.\u201d-The New York Times Bubela Okulu\u2019na ho\u015f geldiniz! Burada herkes birbirinden tuhaf ve komik.<span class=\"excerpt-hellip\"> [\u2026]<\/span><\/p>\n","protected":false},"featured_media":0,"template":"","meta":{"_monsterinsights_skip_tracking":false,"_monsterinsights_sitenote_active":false,"_monsterinsights_sitenote_note":"","_monsterinsights_sitenote_category":0},"product_brand":[],"product_cat":[12274,12284],"product_tag":[],"class_list":{"0":"post-722096","1":"product","2":"type-product","3":"status-publish","5":"product_cat-cocuk-ve-genclik-kitaplari","6":"product_cat-hikayeler","7":"pa_cilt-ciltli","8":"pa_tur-kitap","9":"pa_yayinevi-epsilon-yayinlari","10":"pa_yazar-kate-mcmullan","12":"first","13":"instock","14":"sale","15":"shipping-taxable","16":"purchasable","17":"product-type-simple"},"_links":{"self":[{"href":"https:\/\/roveyayinevi.com.tr\/index.php\/wp-json\/wp\/v2\/product\/722096","targetHints":{"allow":["GET"]}}],"collection":[{"href":"https:\/\/roveyayinevi.com.tr\/index.php\/wp-json\/wp\/v2\/product"}],"about":[{"href":"https:\/\/roveyayinevi.com.tr\/index.php\/wp-json\/wp\/v2\/types\/product"}],"wp:attachment":[{"href":"https:\/\/roveyayinevi.com.tr\/index.php\/wp-json\/wp\/v2\/media?parent=722096"}],"wp:term":[{"taxonomy":"product_brand","embeddable":true,"href":"https:\/\/roveyayinevi.com.tr\/index.php\/wp-json\/wp\/v2\/product_brand?post=722096"},{"taxonomy":"product_cat","embeddable":true,"href":"https:\/\/roveyayinevi.com.tr\/index.php\/wp-json\/wp\/v2\/product_cat?post=722096"},{"taxonomy":"product_tag","embeddable":true,"href":"https:\/\/roveyayinevi.com.tr\/index.php\/wp-json\/wp\/v2\/product_tag?post=722096"}],"curies":[{"name":"wp","href":"https:\/\/api.w.org\/{rel}","templated":true}]}}