{"id":722094,"date":"2025-08-27T18:59:38","date_gmt":"2025-08-27T15:59:38","guid":{"rendered":"https:\/\/roveyayinevi.com.tr\/index.php\/urun\/endustri-ici-dis-ticaret\/"},"modified":"2026-04-16T02:29:53","modified_gmt":"2026-04-15T23:29:53","slug":"endustri-ici-dis-ticaret","status":"publish","type":"product","link":"https:\/\/roveyayinevi.com.tr\/index.php\/urun\/endustri-ici-dis-ticaret\/","title":{"rendered":"End\u00fcstri \u0130\u00e7i D\u0131\u015f Ticaret"},"content":{"rendered":"<p>\u00c7al\u0131\u015fma kapsam\u0131nda \u00f6ncelikle end\u00fcstri &#8211; i\u00e7i ticaret kavram\u0131n\u0131n do\u011fu\u015funa ve geli\u015fimine yer verilmi\u015f, ayr\u0131ca uluslararas\u0131 iktisat teorisindeki yer incelenmi\u015ftir. Bu \u00e7al\u0131\u015fman\u0131n uygulama k\u0131sm\u0131nda ise, T\u00fcrkiye&#8217;nin end\u00fcstri i\u00e7i ticaretinin d\u0131\u015f ticaret ba\u011flam\u0131ndaki belirleyicileri analiz edilmi\u015ftir. \u00c7al\u0131\u015fman\u0131n analiz k\u0131sm\u0131nda end\u00fcstri i\u00e7i ticaret endekslerini hesaplamaya ge\u00e7meden \u00f6nce, end\u00fcstri i\u00e7i ticaret olgusunun T\u00fcrkiye i\u00e7in ger\u00e7ek olup olmad\u0131\u011f\u0131 ara\u015ft\u0131r\u0131lm\u0131\u015ft\u0131r. Analiz sonu\u00e7lar\u0131, end\u00fcstri i\u00e7i ticareti T\u00fcrkiye i\u00e7in ger\u00e7ek bir durum oldu\u011funu ortaya koymu\u015ftur.Daha sonra T\u00fcrkiye&#8217;nin d\u0131\u015f ticaretinde \u00f6nde gelen yirmi \u00fclkeyle olan end\u00fcstri i\u00e7i ticareti, \u00fc\u00e7 farkl\u0131 indeks (Aquino, uyarlanm\u0131\u015f Grubel- Llyod ve standard grubel &#8211; Lloyd endeksleri) kapsam\u0131nda analiz edilmi\u015ftir.\u0130\u00e7indekiler1. T\u00fcrkiye\u2019nin End\u00fcstri \u0130\u00e7i Ticaretinin Belirleyicileri: Temel Di\u015f Ticaret Partnerleri \u0130le Panel Veri Analizi2. End\u00fcstri \u0130\u00e7i Ticaret Kavrami Ve Geli\u015fimi3. End\u00fcstri \u0130\u00e7i Ticaret \u00d6l\u00e7me Y\u00f6ntemleri (Endeksleri)4. End\u00fcstri \u0130\u00e7i Ticaretin Belirleyicileri5. T\u00fcrkiye\u2019nin Di\u015f Ticareti ve End\u00fcstri \u0130\u00e7i Ticareti6. Ara\u015ft\u0131rman\u0131n Ekonometrik Y\u00f6ntemi ve Bulgular\u0131n De\u011ferlendirilmesi7. Genel De\u011ferlendirme ve Sonu\u00e7<\/p>\n","protected":false},"excerpt":{"rendered":"<p>\u00c7al\u0131\u015fma kapsam\u0131nda \u00f6ncelikle end\u00fcstri &#8211; i\u00e7i ticaret kavram\u0131n\u0131n do\u011fu\u015funa ve geli\u015fimine yer verilmi\u015f, ayr\u0131ca uluslararas\u0131 iktisat teorisindeki yer incelenmi\u015ftir. Bu \u00e7al\u0131\u015fman\u0131n uygulama k\u0131sm\u0131nda ise, T\u00fcrkiye&#8217;nin end\u00fcstri<span class=\"excerpt-hellip\"> [\u2026]<\/span><\/p>\n","protected":false},"featured_media":0,"template":"","meta":{"_monsterinsights_skip_tracking":false,"_monsterinsights_sitenote_active":false,"_monsterinsights_sitenote_note":"","_monsterinsights_sitenote_category":0},"product_brand":[],"product_cat":[20333,13043],"product_tag":[],"class_list":{"0":"post-722094","1":"product","2":"type-product","3":"status-publish","5":"product_cat-diger-ekonomi","6":"product_cat-ekonomi","7":"pa_cilt-ciltsiz","8":"pa_tur-kitap","9":"pa_yayinevi-gazi-kitabevi","10":"pa_yazar-m-ozan-saray","12":"first","13":"instock","14":"sale","15":"shipping-taxable","16":"purchasable","17":"product-type-simple"},"_links":{"self":[{"href":"https:\/\/roveyayinevi.com.tr\/index.php\/wp-json\/wp\/v2\/product\/722094","targetHints":{"allow":["GET"]}}],"collection":[{"href":"https:\/\/roveyayinevi.com.tr\/index.php\/wp-json\/wp\/v2\/product"}],"about":[{"href":"https:\/\/roveyayinevi.com.tr\/index.php\/wp-json\/wp\/v2\/types\/product"}],"wp:attachment":[{"href":"https:\/\/roveyayinevi.com.tr\/index.php\/wp-json\/wp\/v2\/media?parent=722094"}],"wp:term":[{"taxonomy":"product_brand","embeddable":true,"href":"https:\/\/roveyayinevi.com.tr\/index.php\/wp-json\/wp\/v2\/product_brand?post=722094"},{"taxonomy":"product_cat","embeddable":true,"href":"https:\/\/roveyayinevi.com.tr\/index.php\/wp-json\/wp\/v2\/product_cat?post=722094"},{"taxonomy":"product_tag","embeddable":true,"href":"https:\/\/roveyayinevi.com.tr\/index.php\/wp-json\/wp\/v2\/product_tag?post=722094"}],"curies":[{"name":"wp","href":"https:\/\/api.w.org\/{rel}","templated":true}]}}