{"id":722093,"date":"2025-08-27T18:59:37","date_gmt":"2025-08-27T15:59:37","guid":{"rendered":"https:\/\/roveyayinevi.com.tr\/index.php\/urun\/bizans-sanatinda-kadin\/"},"modified":"2026-04-16T02:29:52","modified_gmt":"2026-04-15T23:29:52","slug":"bizans-sanatinda-kadin","status":"publish","type":"product","link":"https:\/\/roveyayinevi.com.tr\/index.php\/urun\/bizans-sanatinda-kadin\/","title":{"rendered":"Bizans Sanat\u0131nda Kad\u0131n"},"content":{"rendered":"<p>Bizans\u2019ta kad\u0131nlar, kendilerine ayr\u0131lan ev i\u00e7i ya\u015fam\u0131n d\u0131\u015f\u0131nda; dini ya\u015famda, siyasette, sokaklarda, \u00e7al\u0131\u015fma hayat\u0131nda k\u0131sacas\u0131 toplumun her kesiminde s\u00f6z sahibi olmu\u015flar ve hatta \u00e7o\u011fu zaman imparatorlu\u011fa y\u00f6n vermi\u015flerdir. Bizans sanat eserleri de kad\u0131nlar\u0131n g\u00fcc\u00fcn\u00fcn tan\u0131\u011f\u0131 ve kan\u0131t\u0131 olmu\u015flard\u0131r.  Bizans sanat eserleri \u00fczerinde tasvirleri  g\u00fcn\u00fcm\u00fcze ula\u015fan kutsal kad\u0131nlar, imparatori\u00e7eler, anneler, \u00e7al\u0131\u015fan kad\u0131nlar ve b\u00e2ni kad\u0131nlar; Bizans toplumunda kad\u0131nlar\u0131n g\u00fcc\u00fcn\u00fc ve etkinli\u011fini g\u00f6zler \u00f6n\u00fcne sermektedir.  Bu kitap; kendine \u00f6zg\u00fc bir kad\u0131n tasviri yaratan Bizans sanat\u0131 ve yaz\u0131l\u0131 kaynaklar \u0131\u015f\u0131\u011f\u0131nda, \u00e7ok renkli ve \u00e7ok katmanl\u0131 bir ge\u00e7mi\u015fe sahip olan Anadolu\u2019nun \u00f6nemli bir zaman dilimine tan\u0131kl\u0131k etmi\u015f olan Bizans kad\u0131nlar\u0131n\u0131n hikayelerini, ya\u015famlar\u0131n\u0131 ve toplumdaki yerlerini incelemektedir.  <\/p>\n","protected":false},"excerpt":{"rendered":"<p>Bizans\u2019ta kad\u0131nlar, kendilerine ayr\u0131lan ev i\u00e7i ya\u015fam\u0131n d\u0131\u015f\u0131nda; dini ya\u015famda, siyasette, sokaklarda, \u00e7al\u0131\u015fma hayat\u0131nda k\u0131sacas\u0131 toplumun her kesiminde s\u00f6z sahibi olmu\u015flar ve hatta \u00e7o\u011fu zaman imparatorlu\u011fa<span class=\"excerpt-hellip\"> [\u2026]<\/span><\/p>\n","protected":false},"featured_media":0,"template":"","meta":{"_monsterinsights_skip_tracking":false,"_monsterinsights_sitenote_active":false,"_monsterinsights_sitenote_note":"","_monsterinsights_sitenote_category":0},"product_brand":[],"product_cat":[12370,12304],"product_tag":[],"class_list":{"0":"post-722093","1":"product","2":"type-product","3":"status-publish","5":"product_cat-arastirma-inceleme","6":"product_cat-tarih","7":"pa_cilt-ciltsiz","8":"pa_tur-kitap","9":"pa_yayinevi-yeditepe-yayinevi","10":"pa_yazar-dilek-maktal-canko","12":"first","13":"instock","14":"sale","15":"shipping-taxable","16":"purchasable","17":"product-type-simple"},"_links":{"self":[{"href":"https:\/\/roveyayinevi.com.tr\/index.php\/wp-json\/wp\/v2\/product\/722093","targetHints":{"allow":["GET"]}}],"collection":[{"href":"https:\/\/roveyayinevi.com.tr\/index.php\/wp-json\/wp\/v2\/product"}],"about":[{"href":"https:\/\/roveyayinevi.com.tr\/index.php\/wp-json\/wp\/v2\/types\/product"}],"wp:attachment":[{"href":"https:\/\/roveyayinevi.com.tr\/index.php\/wp-json\/wp\/v2\/media?parent=722093"}],"wp:term":[{"taxonomy":"product_brand","embeddable":true,"href":"https:\/\/roveyayinevi.com.tr\/index.php\/wp-json\/wp\/v2\/product_brand?post=722093"},{"taxonomy":"product_cat","embeddable":true,"href":"https:\/\/roveyayinevi.com.tr\/index.php\/wp-json\/wp\/v2\/product_cat?post=722093"},{"taxonomy":"product_tag","embeddable":true,"href":"https:\/\/roveyayinevi.com.tr\/index.php\/wp-json\/wp\/v2\/product_tag?post=722093"}],"curies":[{"name":"wp","href":"https:\/\/api.w.org\/{rel}","templated":true}]}}