{"id":722092,"date":"2025-08-27T18:59:37","date_gmt":"2025-08-27T15:59:37","guid":{"rendered":"https:\/\/roveyayinevi.com.tr\/index.php\/urun\/halifelik-kurumu-ve-tarihi\/"},"modified":"2026-04-16T02:29:52","modified_gmt":"2026-04-15T23:29:52","slug":"halifelik-kurumu-ve-tarihi","status":"publish","type":"product","link":"https:\/\/roveyayinevi.com.tr\/index.php\/urun\/halifelik-kurumu-ve-tarihi\/","title":{"rendered":"Halifelik Kurumu Ve Tarihi"},"content":{"rendered":"<p>Hz. Peygamber&#8217;in Medine&#8217;ye hicretiyle birlikte kurulan siyas\u00ee yap\u0131 d\u00e2hilinde D\u00f6rt Halifeler Emev\u00eelerden sonra iktidara gelen Abbas\u00eeler en uzun \u00f6m\u00fcrl\u00fc hanedand\u0131r. Onlar\u0131n sayesinde Atlas Okyanusu&#8217;ndan Seyhun Nehrine kadar uzanan \u0130slam co\u011frafyas\u0131n\u0131n kozmopolit fakat birlikten uzak yap\u0131s\u0131 b\u00fct\u00fcnle\u015fme imk\u00e2n\u0131n\u0131 yakalam\u0131\u015ft\u0131r. \u0130slam Medeniyeti kavram\u0131n\u0131n ortaya \u00e7\u0131k\u0131\u015f\u0131 da bunun bir sonucudur. Hilafet kurumu da yine onlar sayesinde \u0130slam toplumunda ger\u00e7ek yerini ve anlam\u0131n\u0131 kazanm\u0131\u015ft\u0131r. T\u00fcrk okuyucusunun be\u011fenisine sunulan el-Kalka\u015fend\u00ee&#8217;nin Me\u00e2siru&#8217;l-in\u00e2fe fi me\u00e2limi&#8217;l-hilafe ad\u0131n\u0131 ta\u015f\u0131yan bu eserde Ba\u011fdat ve M\u0131s\u0131r Abbasi halifelerinin iktidar d\u00f6nemlerdeki siyas\u00ee olaylar\u0131n\u0131n anlat\u0131mlar\u0131n\u0131n yan\u0131nda halifeli\u011fin \u015fartlar\u0131, hak ve sorumluluklar\u0131, onlara verilen lakaplar, halifelerle, h\u00e2kimlerin ve devlet g\u00f6revlilerinin aras\u0131ndaki yaz\u0131\u015fmalar ele al\u0131nm\u0131\u015ft\u0131r. M\u00fcellifinin \u0130slam tarih\u00e7ili\u011findeki yeri, bu konudaki yetkinli\u011fi ve kaleme ald\u0131\u011f\u0131 di\u011fer eserler de dikkate al\u0131nd\u0131\u011f\u0131nda Me\u00e2siru&#8217;l-in\u00e2fe&#8217;nin de\u011feri daha a\u00e7\u0131k \u015fekilde ortaya \u00e7\u0131kmaktad\u0131r. <\/p>\n","protected":false},"excerpt":{"rendered":"<p>Hz. Peygamber&#8217;in Medine&#8217;ye hicretiyle birlikte kurulan siyas\u00ee yap\u0131 d\u00e2hilinde D\u00f6rt Halifeler Emev\u00eelerden sonra iktidara gelen Abbas\u00eeler en uzun \u00f6m\u00fcrl\u00fc hanedand\u0131r. Onlar\u0131n sayesinde Atlas Okyanusu&#8217;ndan Seyhun Nehrine<span class=\"excerpt-hellip\"> [\u2026]<\/span><\/p>\n","protected":false},"featured_media":0,"template":"","meta":{"_monsterinsights_skip_tracking":false,"_monsterinsights_sitenote_active":false,"_monsterinsights_sitenote_note":"","_monsterinsights_sitenote_category":0},"product_brand":[],"product_cat":[12370,12304],"product_tag":[],"class_list":{"0":"post-722092","1":"product","2":"type-product","3":"status-publish","5":"product_cat-arastirma-inceleme","6":"product_cat-tarih","7":"pa_cilt-ciltsiz","8":"pa_tur-kitap","9":"pa_yayinevi-yeditepe-yayinevi","10":"pa_yazar-el-kalkasendi","12":"first","13":"instock","14":"sale","15":"shipping-taxable","16":"purchasable","17":"product-type-simple"},"_links":{"self":[{"href":"https:\/\/roveyayinevi.com.tr\/index.php\/wp-json\/wp\/v2\/product\/722092","targetHints":{"allow":["GET"]}}],"collection":[{"href":"https:\/\/roveyayinevi.com.tr\/index.php\/wp-json\/wp\/v2\/product"}],"about":[{"href":"https:\/\/roveyayinevi.com.tr\/index.php\/wp-json\/wp\/v2\/types\/product"}],"wp:attachment":[{"href":"https:\/\/roveyayinevi.com.tr\/index.php\/wp-json\/wp\/v2\/media?parent=722092"}],"wp:term":[{"taxonomy":"product_brand","embeddable":true,"href":"https:\/\/roveyayinevi.com.tr\/index.php\/wp-json\/wp\/v2\/product_brand?post=722092"},{"taxonomy":"product_cat","embeddable":true,"href":"https:\/\/roveyayinevi.com.tr\/index.php\/wp-json\/wp\/v2\/product_cat?post=722092"},{"taxonomy":"product_tag","embeddable":true,"href":"https:\/\/roveyayinevi.com.tr\/index.php\/wp-json\/wp\/v2\/product_tag?post=722092"}],"curies":[{"name":"wp","href":"https:\/\/api.w.org\/{rel}","templated":true}]}}