{"id":722090,"date":"2025-08-27T18:59:36","date_gmt":"2025-08-27T15:59:36","guid":{"rendered":"https:\/\/roveyayinevi.com.tr\/index.php\/urun\/ingilizcede-cumle-paragraf-ve-kompozisyon-yazma-teknikleri\/"},"modified":"2026-04-16T02:29:52","modified_gmt":"2026-04-15T23:29:52","slug":"ingilizcede-cumle-paragraf-ve-kompozisyon-yazma-teknikleri","status":"publish","type":"product","link":"https:\/\/roveyayinevi.com.tr\/index.php\/urun\/ingilizcede-cumle-paragraf-ve-kompozisyon-yazma-teknikleri\/","title":{"rendered":"\u0130ngilizce&#8217;de C\u00fcmle, Paragraf ve Kompozisyon Yazma Teknikleri"},"content":{"rendered":"<p>&#8211; Akademik yaz\u0131lar\u0131n\u0131zda, &#8211; Kolej, s\u00fcper lise, Anadolu Lisesi ve \u00fcniversite haz\u0131rl\u0131k s\u0131n\u0131flar\u0131nda verilen yazma ve kompozisyon derslerinde,- \u0130ngilizce \u00f6\u011fretmenli\u011fi ve filoloji b\u00f6l\u00fcmlerinde verilen kompozisyon derslerinde,- \u00c7e\u015fitli kurumlarda yabanc\u0131 dil seviyesi belirleme amac\u0131yla yap\u0131lan yazma ve kompozisyon s\u0131navlar\u0131nda.<\/p>\n","protected":false},"excerpt":{"rendered":"<p>&#8211; Akademik yaz\u0131lar\u0131n\u0131zda, &#8211; Kolej, s\u00fcper lise, Anadolu Lisesi ve \u00fcniversite haz\u0131rl\u0131k s\u0131n\u0131flar\u0131nda verilen yazma ve kompozisyon derslerinde,- \u0130ngilizce \u00f6\u011fretmenli\u011fi ve filoloji b\u00f6l\u00fcmlerinde verilen kompozisyon derslerinde,-<span class=\"excerpt-hellip\"> [\u2026]<\/span><\/p>\n","protected":false},"featured_media":0,"template":"","meta":{"_monsterinsights_skip_tracking":false,"_monsterinsights_sitenote_active":false,"_monsterinsights_sitenote_note":"","_monsterinsights_sitenote_category":0},"product_brand":[],"product_cat":[14597,12566],"product_tag":[],"class_list":{"0":"post-722090","1":"product","2":"type-product","3":"status-publish","5":"product_cat-dil-ogrenimi","6":"product_cat-egitim","7":"pa_cilt-ciltsiz","8":"pa_tur-kitap","9":"pa_yayinevi-inkilap-kitabevi","10":"pa_yazar-ertan-ardananci","12":"first","13":"instock","14":"sale","15":"shipping-taxable","16":"purchasable","17":"product-type-simple"},"_links":{"self":[{"href":"https:\/\/roveyayinevi.com.tr\/index.php\/wp-json\/wp\/v2\/product\/722090","targetHints":{"allow":["GET"]}}],"collection":[{"href":"https:\/\/roveyayinevi.com.tr\/index.php\/wp-json\/wp\/v2\/product"}],"about":[{"href":"https:\/\/roveyayinevi.com.tr\/index.php\/wp-json\/wp\/v2\/types\/product"}],"wp:attachment":[{"href":"https:\/\/roveyayinevi.com.tr\/index.php\/wp-json\/wp\/v2\/media?parent=722090"}],"wp:term":[{"taxonomy":"product_brand","embeddable":true,"href":"https:\/\/roveyayinevi.com.tr\/index.php\/wp-json\/wp\/v2\/product_brand?post=722090"},{"taxonomy":"product_cat","embeddable":true,"href":"https:\/\/roveyayinevi.com.tr\/index.php\/wp-json\/wp\/v2\/product_cat?post=722090"},{"taxonomy":"product_tag","embeddable":true,"href":"https:\/\/roveyayinevi.com.tr\/index.php\/wp-json\/wp\/v2\/product_tag?post=722090"}],"curies":[{"name":"wp","href":"https:\/\/api.w.org\/{rel}","templated":true}]}}