{"id":722089,"date":"2025-08-27T18:59:35","date_gmt":"2025-08-27T15:59:35","guid":{"rendered":"https:\/\/roveyayinevi.com.tr\/index.php\/urun\/ihanet\/"},"modified":"2026-04-16T02:29:52","modified_gmt":"2026-04-15T23:29:52","slug":"ihanet","status":"publish","type":"product","link":"https:\/\/roveyayinevi.com.tr\/index.php\/urun\/ihanet\/","title":{"rendered":"\u0130hanet"},"content":{"rendered":"<p>Gizli g\u00f6revlerdeki so\u011fukkanl\u0131 ve usta tav\u0131rlar\u0131ndan dolay\u0131 muhaf\u0131zlar aras\u0131nda Y\u0131lan lakab\u0131yla an\u0131lan Lachlan MacRuairi g\u00fcvenilmesi zor biridir. Sadakatini y\u0131llar \u00f6nce kaybetmi\u015f, kay\u0131ts\u0131zl\u0131\u011f\u0131 ise ya\u015fad\u0131\u011f\u0131 ac\u0131 bir ihanetle m\u00fch\u00fcrlenmi\u015ftir. Ancak soylu bir \u0130sko\u00e7 g\u00fczeli olan Bella MacDuff\u2019\u0131 ka\u00e7\u0131r\u0131p kral\u0131n ta\u00e7 giyme t\u00f6renine ula\u015ft\u0131rmakla g\u00f6revlendirilince her \u015fey de\u011fi\u015fir. Gen\u00e7 kad\u0131n\u0131n t\u00fcm kibrine ve aralar\u0131ndaki farklara ra\u011fmen Lachlan, yeniden \u00e2\u015f\u0131k olmama yeminini tehlikeye atacakt\u0131r.   Tutkulu ve fedak\u00e2r bir kad\u0131n olan Bella, Robert Bruce\u2019a ta\u00e7 giydirerek hem \u0130ngiltere kral\u0131na hem de kocas\u0131na meydan okur ve bunun bedelini \u00e7ok a\u011f\u0131r \u00f6der. K\u0131z\u0131ndan uzakla\u015ft\u0131r\u0131l\u0131r ve zaten k\u0131s\u0131tlanm\u0131\u015f olan \u00f6zg\u00fcrl\u00fc\u011f\u00fc tamamen elinden al\u0131n\u0131r. Fakat barbarca cezaland\u0131r\u0131lm\u0131\u015f olsa da direnmeye devam eder, \u00e7\u00fcnk\u00fc k\u0131z\u0131na kavu\u015fmak i\u00e7in her \u015feyi yapmaya haz\u0131rd\u0131r. Bu, \u00e7elik bak\u0131\u015fl\u0131 ac\u0131mas\u0131z sava\u015f\u00e7\u0131 Lachlan\u2019a kalbini teslim etmek anlam\u0131na gelse bile&#8230; <\/p>\n","protected":false},"excerpt":{"rendered":"<p>Gizli g\u00f6revlerdeki so\u011fukkanl\u0131 ve usta tav\u0131rlar\u0131ndan dolay\u0131 muhaf\u0131zlar aras\u0131nda Y\u0131lan lakab\u0131yla an\u0131lan Lachlan MacRuairi g\u00fcvenilmesi zor biridir. Sadakatini y\u0131llar \u00f6nce kaybetmi\u015f, kay\u0131ts\u0131zl\u0131\u011f\u0131 ise ya\u015fad\u0131\u011f\u0131 ac\u0131 bir<span class=\"excerpt-hellip\"> [\u2026]<\/span><\/p>\n","protected":false},"featured_media":0,"template":"","meta":{"_monsterinsights_skip_tracking":false,"_monsterinsights_sitenote_active":false,"_monsterinsights_sitenote_note":"","_monsterinsights_sitenote_category":0},"product_brand":[],"product_cat":[12291,12711],"product_tag":[],"class_list":{"0":"post-722089","1":"product","2":"type-product","3":"status-publish","5":"product_cat-edebiyat","6":"product_cat-roman-oyku","7":"pa_cilt-ciltsiz","8":"pa_tur-kitap","9":"pa_yayinevi-nemesis-kitap","10":"pa_yazar-monica-mccarty","12":"first","13":"instock","14":"sale","15":"shipping-taxable","16":"purchasable","17":"product-type-simple"},"_links":{"self":[{"href":"https:\/\/roveyayinevi.com.tr\/index.php\/wp-json\/wp\/v2\/product\/722089","targetHints":{"allow":["GET"]}}],"collection":[{"href":"https:\/\/roveyayinevi.com.tr\/index.php\/wp-json\/wp\/v2\/product"}],"about":[{"href":"https:\/\/roveyayinevi.com.tr\/index.php\/wp-json\/wp\/v2\/types\/product"}],"wp:attachment":[{"href":"https:\/\/roveyayinevi.com.tr\/index.php\/wp-json\/wp\/v2\/media?parent=722089"}],"wp:term":[{"taxonomy":"product_brand","embeddable":true,"href":"https:\/\/roveyayinevi.com.tr\/index.php\/wp-json\/wp\/v2\/product_brand?post=722089"},{"taxonomy":"product_cat","embeddable":true,"href":"https:\/\/roveyayinevi.com.tr\/index.php\/wp-json\/wp\/v2\/product_cat?post=722089"},{"taxonomy":"product_tag","embeddable":true,"href":"https:\/\/roveyayinevi.com.tr\/index.php\/wp-json\/wp\/v2\/product_tag?post=722089"}],"curies":[{"name":"wp","href":"https:\/\/api.w.org\/{rel}","templated":true}]}}