{"id":722088,"date":"2025-08-27T18:59:34","date_gmt":"2025-08-27T15:59:34","guid":{"rendered":"https:\/\/roveyayinevi.com.tr\/index.php\/urun\/1-yeni-bildiriminiz-var\/"},"modified":"2026-04-16T02:29:52","modified_gmt":"2026-04-15T23:29:52","slug":"1-yeni-bildiriminiz-var","status":"publish","type":"product","link":"https:\/\/roveyayinevi.com.tr\/index.php\/urun\/1-yeni-bildiriminiz-var\/","title":{"rendered":"1 Yeni Bildiriminiz Var"},"content":{"rendered":"<p>Dijital \u00e7a\u011fda \u00e7ocuk yeti\u015ftirmenin p\u00fcf noktalar\u0131 neler?   \u201cAnne babalar olarak bizim yeni bir sorumlulu\u011fumuz var; o da \u00e7ocuklar\u0131m\u0131z\u0131n tablet ve telefonlar\u0131na indirdikleri uygulamalar\u0131 kontrol etmek, incelemek ve hakk\u0131nda ara\u015ft\u0131rmalar yapmak\u2026Teknolojik cihazlarla vakit ge\u00e7irmek \u00e7ocuklar\u0131n elbette ho\u015flar\u0131na gidiyor. Onlar g\u00fcnde 3-4 saat oyun oynayan, sosyal medyada tak\u0131lan, s\u00fcrekli televizyon izleyen hallerinden memnunlar\u2026 As\u0131l soru \u015fu:Bu sizi rahats\u0131z etmiyor mu?Ben bu kitab\u0131 \u00f6zellikle ebeveynler, onlara rehberlik eden \u00f6\u011fretmenler ve teknoloji konusunda \u00e7ocuklara destek olmak isteyen herkes i\u00e7in yazd\u0131m.Bu kitapta \u00e7ocuklar ve teknolojiyle ilgili arad\u0131\u011f\u0131n\u0131z her \u015feyi bulacaks\u0131n\u0131z.\u201d<\/p>\n","protected":false},"excerpt":{"rendered":"<p>Dijital \u00e7a\u011fda \u00e7ocuk yeti\u015ftirmenin p\u00fcf noktalar\u0131 neler? \u201cAnne babalar olarak bizim yeni bir sorumlulu\u011fumuz var; o da \u00e7ocuklar\u0131m\u0131z\u0131n tablet ve telefonlar\u0131na indirdikleri uygulamalar\u0131 kontrol etmek, incelemek<span class=\"excerpt-hellip\"> [\u2026]<\/span><\/p>\n","protected":false},"featured_media":0,"template":"","meta":{"_monsterinsights_skip_tracking":false,"_monsterinsights_sitenote_active":false,"_monsterinsights_sitenote_note":"","_monsterinsights_sitenote_category":0},"product_brand":[],"product_cat":[12567,12566],"product_tag":[],"class_list":{"0":"post-722088","1":"product","2":"type-product","3":"status-publish","5":"product_cat-diger-egitim","6":"product_cat-egitim","7":"pa_cilt-ciltsiz","8":"pa_tur-kitap","9":"pa_yayinevi-nemesis-kitap","10":"pa_yazar-yavuz-samur","12":"first","13":"instock","14":"sale","15":"shipping-taxable","16":"purchasable","17":"product-type-simple"},"_links":{"self":[{"href":"https:\/\/roveyayinevi.com.tr\/index.php\/wp-json\/wp\/v2\/product\/722088","targetHints":{"allow":["GET"]}}],"collection":[{"href":"https:\/\/roveyayinevi.com.tr\/index.php\/wp-json\/wp\/v2\/product"}],"about":[{"href":"https:\/\/roveyayinevi.com.tr\/index.php\/wp-json\/wp\/v2\/types\/product"}],"wp:attachment":[{"href":"https:\/\/roveyayinevi.com.tr\/index.php\/wp-json\/wp\/v2\/media?parent=722088"}],"wp:term":[{"taxonomy":"product_brand","embeddable":true,"href":"https:\/\/roveyayinevi.com.tr\/index.php\/wp-json\/wp\/v2\/product_brand?post=722088"},{"taxonomy":"product_cat","embeddable":true,"href":"https:\/\/roveyayinevi.com.tr\/index.php\/wp-json\/wp\/v2\/product_cat?post=722088"},{"taxonomy":"product_tag","embeddable":true,"href":"https:\/\/roveyayinevi.com.tr\/index.php\/wp-json\/wp\/v2\/product_tag?post=722088"}],"curies":[{"name":"wp","href":"https:\/\/api.w.org\/{rel}","templated":true}]}}