{"id":722087,"date":"2025-08-27T18:59:33","date_gmt":"2025-08-27T15:59:33","guid":{"rendered":"https:\/\/roveyayinevi.com.tr\/index.php\/urun\/buna-hakkin-var\/"},"modified":"2026-04-16T02:29:52","modified_gmt":"2026-04-15T23:29:52","slug":"buna-hakkin-var","status":"publish","type":"product","link":"https:\/\/roveyayinevi.com.tr\/index.php\/urun\/buna-hakkin-var\/","title":{"rendered":"Buna Hakk\u0131n Var!"},"content":{"rendered":"<p>Var olmaya, sahip \u00e7\u0131k\u0131lmaya, ihtiya\u00e7lar\u0131n\u0131n kar\u015f\u0131lanmas\u0131na, e\u011fitim almaya hakk\u0131n var! D\u00fc\u015f\u00fcncelerini \u00f6zg\u00fcrce ifade etmeye, karar alma s\u00fcre\u00e7lerine kat\u0131lmaya, oyun oynamaya, dinlenmeye, sanatsal aktivitelere kat\u0131lmaya hakk\u0131n var!   Ayr\u0131ca derslerine \u00e7al\u0131\u015fma, \u00f6\u011fretmenini dinleme, arkada\u015flar\u0131n\u0131 g\u00f6zetme sorumlulu\u011fun var\u2019 Ruh ve beden sa\u011fl\u0131\u011f\u0131na dikkat etme, \u00e7evreyi temiz tutma, ba\u015fkalar\u0131n\u0131n inan\u00e7 ve d\u00fc\u015f\u00fcncelerine sayg\u0131 duyma sorumlulu\u011fun var! Bu kitapta yer alan birbirinden renkli al\u0131\u015ft\u0131rmalar\u0131 yaparak hak ve sorumluluklar\u0131n hakk\u0131nda daha fazlas\u0131n\u0131 \u00f6\u011frenecek, \u00f6\u011frenirken de \u00e7ok e\u011fleneceksin. <\/p>\n","protected":false},"excerpt":{"rendered":"<p>Var olmaya, sahip \u00e7\u0131k\u0131lmaya, ihtiya\u00e7lar\u0131n\u0131n kar\u015f\u0131lanmas\u0131na, e\u011fitim almaya hakk\u0131n var! D\u00fc\u015f\u00fcncelerini \u00f6zg\u00fcrce ifade etmeye, karar alma s\u00fcre\u00e7lerine kat\u0131lmaya, oyun oynamaya, dinlenmeye, sanatsal aktivitelere kat\u0131lmaya hakk\u0131n var!<span class=\"excerpt-hellip\"> [\u2026]<\/span><\/p>\n","protected":false},"featured_media":0,"template":"","meta":{"_monsterinsights_skip_tracking":false,"_monsterinsights_sitenote_active":false,"_monsterinsights_sitenote_note":"","_monsterinsights_sitenote_category":0},"product_brand":[],"product_cat":[12274,15842],"product_tag":[],"class_list":{"0":"post-722087","1":"product","2":"type-product","3":"status-publish","5":"product_cat-cocuk-ve-genclik-kitaplari","6":"product_cat-egitici-kitaplar","7":"pa_cilt-ciltsiz","8":"pa_tur-kitap","9":"pa_yayinevi-masalperest","10":"pa_yazar-bahar-sarikaya","12":"first","13":"instock","14":"sale","15":"shipping-taxable","16":"purchasable","17":"product-type-simple"},"_links":{"self":[{"href":"https:\/\/roveyayinevi.com.tr\/index.php\/wp-json\/wp\/v2\/product\/722087","targetHints":{"allow":["GET"]}}],"collection":[{"href":"https:\/\/roveyayinevi.com.tr\/index.php\/wp-json\/wp\/v2\/product"}],"about":[{"href":"https:\/\/roveyayinevi.com.tr\/index.php\/wp-json\/wp\/v2\/types\/product"}],"wp:attachment":[{"href":"https:\/\/roveyayinevi.com.tr\/index.php\/wp-json\/wp\/v2\/media?parent=722087"}],"wp:term":[{"taxonomy":"product_brand","embeddable":true,"href":"https:\/\/roveyayinevi.com.tr\/index.php\/wp-json\/wp\/v2\/product_brand?post=722087"},{"taxonomy":"product_cat","embeddable":true,"href":"https:\/\/roveyayinevi.com.tr\/index.php\/wp-json\/wp\/v2\/product_cat?post=722087"},{"taxonomy":"product_tag","embeddable":true,"href":"https:\/\/roveyayinevi.com.tr\/index.php\/wp-json\/wp\/v2\/product_tag?post=722087"}],"curies":[{"name":"wp","href":"https:\/\/api.w.org\/{rel}","templated":true}]}}