{"id":722086,"date":"2025-08-27T18:59:32","date_gmt":"2025-08-27T15:59:32","guid":{"rendered":"https:\/\/roveyayinevi.com.tr\/index.php\/urun\/50-soruda-kanser\/"},"modified":"2026-04-16T02:29:52","modified_gmt":"2026-04-15T23:29:52","slug":"50-soruda-kanser","status":"publish","type":"product","link":"https:\/\/roveyayinevi.com.tr\/index.php\/urun\/50-soruda-kanser\/","title":{"rendered":"50 Soruda Kanser"},"content":{"rendered":"<p>Kanser nedir, nas\u0131l geli\u015fir? Kanser engellenebilir mi? Kanser tan\u0131s\u0131 kondu\u011funda ne yapmak gerekir? K\u00fcba, kansere \u00e7are buldu mu? Kanser hastalar\u0131n\u0131n yak\u0131nlar\u0131n\u0131n yakla\u015f\u0131m\u0131 nas\u0131l olmal\u0131d\u0131r? Kanserin \u00e7aresi var m\u0131?Bu kitab\u0131 yazmam\u0131n sebebi kanseri b\u00fct\u00fcn insani hastal\u0131klar\u0131n \u00fczerinde, mistik bir d\u00fcnyadan gelen uhrevi bir bela olarak g\u00f6rmeye son vermek! Onu b\u00fct\u00fcn \u00e7\u0131plakl\u0131\u011f\u0131, basitli\u011fi, insan iradesi ve akl\u0131 \u00f6n\u00fcndeki zavall\u0131l\u0131\u011f\u0131yla ortaya sermek\u2026 Kanseri \u00f6nlenebilir ve ma\u011flup edilebilir bir hastal\u0131k olarak g\u00f6rmeyi sa\u011flamak\u2026 Her \u015feye ra\u011fmen h\u00e2l\u00e2 bu hastal\u0131\u011fa yeniliyor olmam\u0131z\u0131n en \u00f6nemli nedeni, kansere yol a\u00e7an al\u0131\u015fkanl\u0131klar\u0131m\u0131z ve ad\u0131n\u0131 duyar duymaz tak\u0131nd\u0131\u011f\u0131m\u0131z sorgusuz \u00e7aresizlik. Do\u011fru sorular\u0131 sorma ve do\u011fru cevaplar\u0131 hayat\u0131m\u0131za entegre etme iradesine kavu\u015ftu\u011fumuzda ya\u015fam, i\u00e7inde akt\u0131\u011f\u0131m\u0131z de\u011fil, i\u00e7imizde akan bir nehre d\u00f6n\u00fc\u015fecektir. Prof. Dr. Berrin Pehlivan \u201cKorktuk\u00e7a tutsak, umut ettik\u00e7e \u00f6zg\u00fcr\u00fcz. Bizi korkular\u0131m\u0131zdan ar\u0131nd\u0131racak, kendi kendimize hapsolmaktan kurtaracak bir alan var, o da anlama ve \u00f6\u011frenme. Kanser denen hastal\u0131k beni \u00f6yle korkutmu\u015ftu ki kendimi t\u00fcm bunlardan uzak bir alana hapsederek y\u0131llar ge\u00e7irdim. Benim i\u00e7in kanser bir canavardan farks\u0131zd\u0131. Ta ki bu kitab\u0131 okuyana kadar. Bu kitaptan sonra, kanserle nas\u0131l ba\u015fa \u00e7\u0131k\u0131labilece\u011fini \u00e7ok daha iyi anlad\u0131m. Berrin Pehlivan, \u2018Korkmay\u0131n, anlay\u0131n. Korkmay\u0131n, bilim var,\u2019 diyor. Bu kitap hem kanseri hem de bizi anlat\u0131yor.\u201d Erdo\u011fan Akta\u015f Gazeteci<\/p>\n","protected":false},"excerpt":{"rendered":"<p>Kanser nedir, nas\u0131l geli\u015fir? Kanser engellenebilir mi? Kanser tan\u0131s\u0131 kondu\u011funda ne yapmak gerekir? K\u00fcba, kansere \u00e7are buldu mu? Kanser hastalar\u0131n\u0131n yak\u0131nlar\u0131n\u0131n yakla\u015f\u0131m\u0131 nas\u0131l olmal\u0131d\u0131r? Kanserin \u00e7aresi<span class=\"excerpt-hellip\"> [\u2026]<\/span><\/p>\n","protected":false},"featured_media":0,"template":"","meta":{"_monsterinsights_skip_tracking":false,"_monsterinsights_sitenote_active":false,"_monsterinsights_sitenote_note":"","_monsterinsights_sitenote_category":0},"product_brand":[],"product_cat":[13366,13365],"product_tag":[],"class_list":{"0":"post-722086","1":"product","2":"type-product","3":"status-publish","5":"product_cat-diger-saglik","6":"product_cat-saglik","7":"pa_cilt-ciltsiz","8":"pa_tur-kitap","9":"pa_yayinevi-nemesis-kitap","10":"pa_yazar-berrin-pehlivan","12":"first","13":"instock","14":"sale","15":"shipping-taxable","16":"purchasable","17":"product-type-simple"},"_links":{"self":[{"href":"https:\/\/roveyayinevi.com.tr\/index.php\/wp-json\/wp\/v2\/product\/722086","targetHints":{"allow":["GET"]}}],"collection":[{"href":"https:\/\/roveyayinevi.com.tr\/index.php\/wp-json\/wp\/v2\/product"}],"about":[{"href":"https:\/\/roveyayinevi.com.tr\/index.php\/wp-json\/wp\/v2\/types\/product"}],"wp:attachment":[{"href":"https:\/\/roveyayinevi.com.tr\/index.php\/wp-json\/wp\/v2\/media?parent=722086"}],"wp:term":[{"taxonomy":"product_brand","embeddable":true,"href":"https:\/\/roveyayinevi.com.tr\/index.php\/wp-json\/wp\/v2\/product_brand?post=722086"},{"taxonomy":"product_cat","embeddable":true,"href":"https:\/\/roveyayinevi.com.tr\/index.php\/wp-json\/wp\/v2\/product_cat?post=722086"},{"taxonomy":"product_tag","embeddable":true,"href":"https:\/\/roveyayinevi.com.tr\/index.php\/wp-json\/wp\/v2\/product_tag?post=722086"}],"curies":[{"name":"wp","href":"https:\/\/api.w.org\/{rel}","templated":true}]}}