{"id":722081,"date":"2025-08-27T18:59:29","date_gmt":"2025-08-27T15:59:29","guid":{"rendered":"https:\/\/roveyayinevi.com.tr\/index.php\/urun\/dumandan-sosyal-medyaya\/"},"modified":"2026-04-16T02:29:52","modified_gmt":"2026-04-15T23:29:52","slug":"dumandan-sosyal-medyaya","status":"publish","type":"product","link":"https:\/\/roveyayinevi.com.tr\/index.php\/urun\/dumandan-sosyal-medyaya\/","title":{"rendered":"Dumandan Sosyal Medyaya"},"content":{"rendered":"<p>Sevgili Okuyucu,  \u0130nsano\u011flu d\u00fcnyaya geldi\u011finden beri bir\u00e7ok ihtiyac\u0131n\u0131 kar\u015f\u0131lama g\u00fcd\u00fcs\u00fcyle hareket etmi\u015ftir. Bu ihtiya\u00e7lar\u0131yla ilgili Maslow ba\u015fta olmak \u00fczere bir\u00e7ok ara\u015ft\u0131rmac\u0131 ve akademisyen \u00e7al\u0131\u015fmalar yapm\u0131\u015f, \u00e7e\u015fitli modeller geli\u015ftirmi\u015f ve insanl\u0131\u011fa sunmu\u015ftur. \u0130nsanlar\u0131n ihtiya\u00e7lar\u0131n\u0131 kar\u015f\u0131layabilmek i\u00e7in gerekli olan en \u00f6nemli unsur ileti\u015fimdir. Teknolojinin 20. y\u00fczy\u0131ldaki ve 21. y\u00fczy\u0131l\u0131n ba\u015flar\u0131ndaki h\u0131zl\u0131 geli\u015fimi, bilgisayarlar ba\u015fta olmak \u00fczere g\u00fcnl\u00fck hayatta kullan\u0131lan t\u00fcm ara\u00e7, gere\u00e7 ve cihazlar\u0131n da geli\u015fmesinin \u00f6n\u00fcn\u00fc a\u00e7t\u0131. Yeni teknolojilerin \u00f6zellikle geli\u015fmi\u015f ve geli\u015fmekte olan \u00fclkelerin sanayisinde yo\u011fun olarak kullan\u0131lmas\u0131n\u0131n yan\u0131nda bireyler taraf\u0131ndan da benimsenme durumu, bireylere olan etkileri ve bireysel tercihler ara\u015ft\u0131rmac\u0131lar taraf\u0131ndan merak edilen bir konu oldu.   Sosyal a\u011f platformlar\u0131, mikrobloglar, video ve m\u00fczik payla\u015f\u0131m\u0131 tabanl\u0131 platformlar, foto\u011fraf payla\u015f\u0131m\u0131 tabanl\u0131 platformlar, konum payla\u015f\u0131m tabanl\u0131 platformlar, oyun tabanl\u0131 platformlar, fikir payla\u015f\u0131m\u0131 tabanl\u0131 platformlar, soru-cevap tabanl\u0131 platformlar, i\u015fbirli\u011fi tabanl\u0131 platformlar, yer imi payla\u015f\u0131m\u0131 tabanl\u0131 platformlar \u015feklinde incelenen sosyal medya i\u00e7erisinde en s\u0131k kullan\u0131lanlar \u015fu anda Facebook, Twitter, Insgatram, Linkedin, Youtube \u015feklinde s\u0131ralan\u0131yor. Bu kitapta en s\u0131k kullan\u0131lan platformlar\u0131n do\u011fu\u015fu ve geli\u015fimi ile ilgili bilgiler veriliyor, sosyal medya ile ilgili kayda de\u011fer bilimsel yay\u0131nlardan bahsediliyor.   Kitapta \u00f6ncelikle ileti\u015fime, sonrada kitle ileti\u015fime odaklan\u0131l\u0131yor. \u00c7\u00fcnk\u00fc bu kavramlar\u0131n ne oldu\u011fu nereden ve hangi ihtiya\u00e7tan \u00e7\u0131kt\u0131\u011f\u0131 ve nas\u0131l geli\u015fti\u011fi bilinmeden g\u00fcn\u00fcm\u00fcz teknolojik d\u00fcnyas\u0131ndaki g\u00fcc\u00fcn\u00fc anlatmak \u00e7ok zor. Dolay\u0131s\u0131yla, sosyal medyan\u0131n anla\u015f\u0131lmas\u0131 i\u00e7in \u00f6ncelikle geleneksel kitle ileti\u015fim paradikmalar\u0131n\u0131n ve ara\u00e7lar\u0131n\u0131n iyi anla\u015f\u0131lmas\u0131 gerekiyor. Kitle ileti\u015fimi ile ilgili g\u00fcncel yakla\u015f\u0131mlarda ve geleneksel kitle ileti\u015fim ara\u00e7lar\u0131 olan kitap, gazete, dergi, televizyon ve sinemadan bahsedilmi\u015ftir. Bu sayede, sosyal medya a\u015famas\u0131na ge\u00e7meden \u00f6nce kitlelerin haberle\u015fme ihtiya\u00e7lar\u0131 ile ilgili perspektif \u00e7izmeye, okuyucuda gerekli altyap\u0131 olu\u015fturmaya gayret edilmi\u015ftir. Ard\u0131ndan internetin geli\u015fimi ile birlikte sosyal medya platformlar\u0131n\u0131n g\u00fcn\u00fcm\u00fczdeki haline kadar ge\u00e7irdi\u011fi evrim s\u00fcrecinde yer verilmi\u015ftir.  <\/p>\n","protected":false},"excerpt":{"rendered":"<p>Sevgili Okuyucu, \u0130nsano\u011flu d\u00fcnyaya geldi\u011finden beri bir\u00e7ok ihtiyac\u0131n\u0131 kar\u015f\u0131lama g\u00fcd\u00fcs\u00fcyle hareket etmi\u015ftir. Bu ihtiya\u00e7lar\u0131yla ilgili Maslow ba\u015fta olmak \u00fczere bir\u00e7ok ara\u015ft\u0131rmac\u0131 ve akademisyen \u00e7al\u0131\u015fmalar yapm\u0131\u015f, \u00e7e\u015fitli<span class=\"excerpt-hellip\"> [\u2026]<\/span><\/p>\n","protected":false},"featured_media":0,"template":"","meta":{"_monsterinsights_skip_tracking":false,"_monsterinsights_sitenote_active":false,"_monsterinsights_sitenote_note":"","_monsterinsights_sitenote_category":0},"product_brand":[],"product_cat":[15983,13488],"product_tag":[],"class_list":{"0":"post-722081","1":"product","2":"type-product","3":"status-publish","5":"product_cat-iletisim-ve-medya","6":"product_cat-toplum-ve-insan","7":"pa_cilt-ciltsiz","8":"pa_tur-kitap","9":"pa_yayinevi-gazi-kitabevi","10":"pa_yazar-fatih-sinan-esen","12":"first","13":"instock","14":"sale","15":"shipping-taxable","16":"purchasable","17":"product-type-simple"},"_links":{"self":[{"href":"https:\/\/roveyayinevi.com.tr\/index.php\/wp-json\/wp\/v2\/product\/722081","targetHints":{"allow":["GET"]}}],"collection":[{"href":"https:\/\/roveyayinevi.com.tr\/index.php\/wp-json\/wp\/v2\/product"}],"about":[{"href":"https:\/\/roveyayinevi.com.tr\/index.php\/wp-json\/wp\/v2\/types\/product"}],"wp:attachment":[{"href":"https:\/\/roveyayinevi.com.tr\/index.php\/wp-json\/wp\/v2\/media?parent=722081"}],"wp:term":[{"taxonomy":"product_brand","embeddable":true,"href":"https:\/\/roveyayinevi.com.tr\/index.php\/wp-json\/wp\/v2\/product_brand?post=722081"},{"taxonomy":"product_cat","embeddable":true,"href":"https:\/\/roveyayinevi.com.tr\/index.php\/wp-json\/wp\/v2\/product_cat?post=722081"},{"taxonomy":"product_tag","embeddable":true,"href":"https:\/\/roveyayinevi.com.tr\/index.php\/wp-json\/wp\/v2\/product_tag?post=722081"}],"curies":[{"name":"wp","href":"https:\/\/api.w.org\/{rel}","templated":true}]}}