{"id":722072,"date":"2025-08-27T18:59:21","date_gmt":"2025-08-27T15:59:21","guid":{"rendered":"https:\/\/roveyayinevi.com.tr\/index.php\/urun\/gizli-bahce-10\/"},"modified":"2026-04-16T02:29:52","modified_gmt":"2026-04-15T23:29:52","slug":"gizli-bahce-10","status":"publish","type":"product","link":"https:\/\/roveyayinevi.com.tr\/index.php\/urun\/gizli-bahce-10\/","title":{"rendered":"Gizli Bah\u00e7e"},"content":{"rendered":"<p>Anne babas\u0131n\u0131 kaybettikten sonra Hindistan\u2019dan \u0130ngiltere\u2019ye gelen Mary Lennox, day\u0131s\u0131n\u0131n \u015fatosunda bir gizli bah\u00e7e oldu\u011funu \u00f6\u011frenir. Gizli bah\u00e7eye girmek yasakt\u0131r. Ancak Mary, gizli bah\u00e7enin \u00f6nce anahtar\u0131n\u0131, sonra da kap\u0131s\u0131n\u0131 bulmakta gecikmeyecektir. Hizmet\u00e7i Martha&#8217;n\u0131n karde\u015fi Dickon, ona gizli bah\u00e7ede rehberlik eder ve iki \u00e7ocuk, ku\u015flarla, sincaplarla dost olur; \u00e7i\u00e7eklere, a\u011fa\u00e7lara \u00e2deta yeniden hayat verirler.Ama \u015fatoda mutsuz, odas\u0131ndan \u00e7\u0131kmayan, hasta bir \u00e7ocuk vard\u0131r: Annesini hen\u00fcz bir bebekken kaybeden, Mary\u2019nin tekerlekli sandalyeye mahk\u00fbm ye\u011feni Colin&#8230;Mary ile Dickon, gizli bah\u00e7e gibi Colin&#8217;e de hayat vermekte kararl\u0131d\u0131rlar.Gizli Bah\u00e7e\u2019nin yazar\u0131 tan\u0131nm\u0131\u015f \u0130ngiliz romanc\u0131 Frances Hodgson Burnett (1849-1924), bir\u00e7ok roman ve oyuna imza atm\u0131\u015ft\u0131r ve eserleri aras\u0131nda en bilinenleri K\u00fc\u00e7\u00fck Prenses, K\u00fc\u00e7\u00fck Lord ve Gizli Bah\u00e7e\u2019dir.\u00c7ocuklar\u0131n\u0131z\u0131n d\u00fc\u015flerini ye\u015ferten gizli bah\u00e7elere hep ihtiya\u00e7lar\u0131 olacak.<\/p>\n","protected":false},"excerpt":{"rendered":"<p>Anne babas\u0131n\u0131 kaybettikten sonra Hindistan\u2019dan \u0130ngiltere\u2019ye gelen Mary Lennox, day\u0131s\u0131n\u0131n \u015fatosunda bir gizli bah\u00e7e oldu\u011funu \u00f6\u011frenir. Gizli bah\u00e7eye girmek yasakt\u0131r. Ancak Mary, gizli bah\u00e7enin \u00f6nce anahtar\u0131n\u0131,<span class=\"excerpt-hellip\"> [\u2026]<\/span><\/p>\n","protected":false},"featured_media":0,"template":"","meta":{"_monsterinsights_skip_tracking":false,"_monsterinsights_sitenote_active":false,"_monsterinsights_sitenote_note":"","_monsterinsights_sitenote_category":0},"product_brand":[],"product_cat":[12274,12284],"product_tag":[],"class_list":{"0":"post-722072","1":"product","2":"type-product","3":"status-publish","5":"product_cat-cocuk-ve-genclik-kitaplari","6":"product_cat-hikayeler","7":"pa_cilt-ciltsiz","8":"pa_tur-kitap","9":"pa_yayinevi-arkadas-yayinlari","10":"pa_yazar-f-hodgson-burnett","12":"first","13":"instock","14":"sale","15":"shipping-taxable","16":"purchasable","17":"product-type-simple"},"_links":{"self":[{"href":"https:\/\/roveyayinevi.com.tr\/index.php\/wp-json\/wp\/v2\/product\/722072","targetHints":{"allow":["GET"]}}],"collection":[{"href":"https:\/\/roveyayinevi.com.tr\/index.php\/wp-json\/wp\/v2\/product"}],"about":[{"href":"https:\/\/roveyayinevi.com.tr\/index.php\/wp-json\/wp\/v2\/types\/product"}],"wp:attachment":[{"href":"https:\/\/roveyayinevi.com.tr\/index.php\/wp-json\/wp\/v2\/media?parent=722072"}],"wp:term":[{"taxonomy":"product_brand","embeddable":true,"href":"https:\/\/roveyayinevi.com.tr\/index.php\/wp-json\/wp\/v2\/product_brand?post=722072"},{"taxonomy":"product_cat","embeddable":true,"href":"https:\/\/roveyayinevi.com.tr\/index.php\/wp-json\/wp\/v2\/product_cat?post=722072"},{"taxonomy":"product_tag","embeddable":true,"href":"https:\/\/roveyayinevi.com.tr\/index.php\/wp-json\/wp\/v2\/product_tag?post=722072"}],"curies":[{"name":"wp","href":"https:\/\/api.w.org\/{rel}","templated":true}]}}