{"id":722066,"date":"2025-08-27T18:59:16","date_gmt":"2025-08-27T15:59:16","guid":{"rendered":"https:\/\/roveyayinevi.com.tr\/index.php\/urun\/duduklu-bir-kopek\/"},"modified":"2026-04-16T02:29:52","modified_gmt":"2026-04-15T23:29:52","slug":"duduklu-bir-kopek","status":"publish","type":"product","link":"https:\/\/roveyayinevi.com.tr\/index.php\/urun\/duduklu-bir-kopek\/","title":{"rendered":"D\u00fcd\u00fckl\u00fc Bir K\u00f6pek"},"content":{"rendered":"<p>Z\u0131pk\u0131n, k\u00f6\u015fkte bek\u00e7ilik yapan bir k\u00f6pektir. Bir g\u00fcn k\u00f6\u015fk\u00fcn sahibi vefat eder ve miras olarak kedisine de\u011ferli bir ta\u00e7, Z\u0131pk\u0131n\u2019a ise tenekeden bir d\u00fcd\u00fck b\u0131rak\u0131r. Z\u0131pk\u0131n bu duruma \u00e7ok \u00fcz\u00fcl\u00fcr. Art\u0131k orada eskisi gibi sevilmedi\u011fini hisseder ve k\u00f6\u015fk\u00fc terk eder. Acaba Z\u0131pk\u0131n kendisine yeni bir yuva bulabilecek mi?\u00d6yk\u00fc Makinesi, i\u00e7indeki birbirinden farkl\u0131 10 \u00f6yk\u00fcyle seni hayallerin \u00f6tesine g\u00f6t\u00fcrecek. Makinelerin y\u00f6netti\u011fi \u015fehirler, bulutlar\u0131n \u00fcst\u00fcnde dola\u015fan \u00e7ocuklar, misafirsever kediler ve daha pek \u00e7ok kahraman, maceralar\u0131yla seni \u00f6yk\u00fclerin i\u00e7ine \u00e7ekecek!<\/p>\n","protected":false},"excerpt":{"rendered":"<p>Z\u0131pk\u0131n, k\u00f6\u015fkte bek\u00e7ilik yapan bir k\u00f6pektir. Bir g\u00fcn k\u00f6\u015fk\u00fcn sahibi vefat eder ve miras olarak kedisine de\u011ferli bir ta\u00e7, Z\u0131pk\u0131n\u2019a ise tenekeden bir d\u00fcd\u00fck b\u0131rak\u0131r. Z\u0131pk\u0131n<span class=\"excerpt-hellip\"> [\u2026]<\/span><\/p>\n","protected":false},"featured_media":0,"template":"","meta":{"_monsterinsights_skip_tracking":false,"_monsterinsights_sitenote_active":false,"_monsterinsights_sitenote_note":"","_monsterinsights_sitenote_category":0},"product_brand":[],"product_cat":[12274,12284],"product_tag":[],"class_list":{"0":"post-722066","1":"product","2":"type-product","3":"status-publish","5":"product_cat-cocuk-ve-genclik-kitaplari","6":"product_cat-hikayeler","7":"pa_cilt-ciltsiz","8":"pa_tur-kitap","9":"pa_yayinevi-timas-cocuk","10":"pa_yazar-nehir-aydin-gokduman","12":"first","13":"instock","14":"sale","15":"shipping-taxable","16":"purchasable","17":"product-type-simple"},"_links":{"self":[{"href":"https:\/\/roveyayinevi.com.tr\/index.php\/wp-json\/wp\/v2\/product\/722066","targetHints":{"allow":["GET"]}}],"collection":[{"href":"https:\/\/roveyayinevi.com.tr\/index.php\/wp-json\/wp\/v2\/product"}],"about":[{"href":"https:\/\/roveyayinevi.com.tr\/index.php\/wp-json\/wp\/v2\/types\/product"}],"wp:attachment":[{"href":"https:\/\/roveyayinevi.com.tr\/index.php\/wp-json\/wp\/v2\/media?parent=722066"}],"wp:term":[{"taxonomy":"product_brand","embeddable":true,"href":"https:\/\/roveyayinevi.com.tr\/index.php\/wp-json\/wp\/v2\/product_brand?post=722066"},{"taxonomy":"product_cat","embeddable":true,"href":"https:\/\/roveyayinevi.com.tr\/index.php\/wp-json\/wp\/v2\/product_cat?post=722066"},{"taxonomy":"product_tag","embeddable":true,"href":"https:\/\/roveyayinevi.com.tr\/index.php\/wp-json\/wp\/v2\/product_tag?post=722066"}],"curies":[{"name":"wp","href":"https:\/\/api.w.org\/{rel}","templated":true}]}}