{"id":722065,"date":"2025-08-27T18:59:15","date_gmt":"2025-08-27T15:59:15","guid":{"rendered":"https:\/\/roveyayinevi.com.tr\/index.php\/urun\/cocuktan-al-bilgiyi-arkadaslik-cok-karisik\/"},"modified":"2026-04-16T02:29:52","modified_gmt":"2026-04-15T23:29:52","slug":"cocuktan-al-bilgiyi-arkadaslik-cok-karisik","status":"publish","type":"product","link":"https:\/\/roveyayinevi.com.tr\/index.php\/urun\/cocuktan-al-bilgiyi-arkadaslik-cok-karisik\/","title":{"rendered":"\u00c7ocuktan Al Bilgiyi &#8211; Arkada\u015fl\u0131k \u00c7ok Kar\u0131\u015f\u0131k"},"content":{"rendered":"<p>Merhaba arkada\u015flar, ben Ay\u015fen.S\u0131n\u0131f\u0131m\u0131za yeni bir \u00f6\u011frenci gelece\u011fi s\u00f6ylentisi ortal\u0131\u011f\u0131 kar\u0131\u015ft\u0131rd\u0131. Ad\u0131 Umut&#8217;mu\u015f. Erkekler hemen \u201cUmut bizimdir!\u201d diye at\u0131ld\u0131lar. Ama s\u0131n\u0131f\u0131n popisi Ceyda, Umut k\u0131z ismi de olur deyince iddialar havada u\u00e7u\u015fmaya ba\u015flad\u0131. Herkes Umut\u2019la arkada\u015f olmak istiyordu, ayr\u0131ca herkesin arkada\u015fl\u0131\u011f\u0131n ne demek oldu\u011fu hakk\u0131nda de\u011fi\u015fik fikirleri vard\u0131. Neler oldu merak ediyorsan\u0131z, kitab\u0131n sayfalar\u0131n\u0131 \u00e7evirmeye ba\u015flay\u0131n. Merhaba arkada\u015flar, ben G\u00fcven.5B s\u0131n\u0131f\u0131nday\u0131m. Okulun en renkli tipleri bizim s\u0131n\u0131ftad\u0131r. \u00d6rne\u011fin Korkut \u00e7ok haval\u0131d\u0131r, G\u00f6khan her \u015feye ko\u015far, Sedat her \u015feye bilmiyorum der. Yeni \u00f6\u011frenci Umut\u2019u da merak ediyorum. O da eminim haval\u0131 bir tiptir, spor yap\u0131yordur, iyi bir kalecidir belki de. Ben b\u00f6yle dedik\u00e7e k\u0131zlar yerlerinden z\u0131pl\u0131yorlar, neymi\u015f Umut k\u0131z da olabilirmi\u015f. Umut k\u0131z m\u0131 erkek mi merak ediyorsan\u0131z, maceraya buyurun.Arkada\u015fl\u0131k \u00c7ok Kar\u0131\u015f\u0131k\u2019ta, \u00e7ocuklar\u0131n bak\u0131\u015f a\u00e7\u0131s\u0131yla iyi bir arkada\u015fl\u0131\u011f\u0131n geli\u015ftirici ve mutluluk verici taraflar\u0131n\u0131 okuyacak, akran zorbal\u0131\u011f\u0131 nedir, nas\u0131l korunulur, pop\u00fcler olma bask\u0131s\u0131 neler getirir sorular\u0131n\u0131n cevaplar\u0131n\u0131 bulacaks\u0131n\u0131z. \u00c7ocuklar\u0131n \u00e7ocuklara iyi arkada\u015f olman\u0131n s\u0131rlar\u0131n\u0131 anlatt\u0131\u011f\u0131 bir ilk gen\u00e7lik kitab\u0131!<\/p>\n","protected":false},"excerpt":{"rendered":"<p>Merhaba arkada\u015flar, ben Ay\u015fen.S\u0131n\u0131f\u0131m\u0131za yeni bir \u00f6\u011frenci gelece\u011fi s\u00f6ylentisi ortal\u0131\u011f\u0131 kar\u0131\u015ft\u0131rd\u0131. Ad\u0131 Umut&#8217;mu\u015f. Erkekler hemen \u201cUmut bizimdir!\u201d diye at\u0131ld\u0131lar. Ama s\u0131n\u0131f\u0131n popisi Ceyda, Umut k\u0131z ismi<span class=\"excerpt-hellip\"> [\u2026]<\/span><\/p>\n","protected":false},"featured_media":0,"template":"","meta":{"_monsterinsights_skip_tracking":false,"_monsterinsights_sitenote_active":false,"_monsterinsights_sitenote_note":"","_monsterinsights_sitenote_category":0},"product_brand":[],"product_cat":[12274,12284],"product_tag":[],"class_list":{"0":"post-722065","1":"product","2":"type-product","3":"status-publish","5":"product_cat-cocuk-ve-genclik-kitaplari","6":"product_cat-hikayeler","7":"pa_cilt-ciltsiz","8":"pa_tur-kitap","9":"pa_yayinevi-genc-timas","10":"pa_yazar-seniz-bas-pinar-akseki","12":"first","13":"instock","14":"sale","15":"shipping-taxable","16":"purchasable","17":"product-type-simple"},"_links":{"self":[{"href":"https:\/\/roveyayinevi.com.tr\/index.php\/wp-json\/wp\/v2\/product\/722065","targetHints":{"allow":["GET"]}}],"collection":[{"href":"https:\/\/roveyayinevi.com.tr\/index.php\/wp-json\/wp\/v2\/product"}],"about":[{"href":"https:\/\/roveyayinevi.com.tr\/index.php\/wp-json\/wp\/v2\/types\/product"}],"wp:attachment":[{"href":"https:\/\/roveyayinevi.com.tr\/index.php\/wp-json\/wp\/v2\/media?parent=722065"}],"wp:term":[{"taxonomy":"product_brand","embeddable":true,"href":"https:\/\/roveyayinevi.com.tr\/index.php\/wp-json\/wp\/v2\/product_brand?post=722065"},{"taxonomy":"product_cat","embeddable":true,"href":"https:\/\/roveyayinevi.com.tr\/index.php\/wp-json\/wp\/v2\/product_cat?post=722065"},{"taxonomy":"product_tag","embeddable":true,"href":"https:\/\/roveyayinevi.com.tr\/index.php\/wp-json\/wp\/v2\/product_tag?post=722065"}],"curies":[{"name":"wp","href":"https:\/\/api.w.org\/{rel}","templated":true}]}}