{"id":722059,"date":"2025-08-27T18:59:11","date_gmt":"2025-08-27T15:59:11","guid":{"rendered":"https:\/\/roveyayinevi.com.tr\/index.php\/urun\/ben-turk\/"},"modified":"2026-04-16T02:29:52","modified_gmt":"2026-04-15T23:29:52","slug":"ben-turk","status":"publish","type":"product","link":"https:\/\/roveyayinevi.com.tr\/index.php\/urun\/ben-turk\/","title":{"rendered":"Ben T\u00fcrk"},"content":{"rendered":"<p>Resmi kaynaklara g\u00f6re Kore Sava\u015f\u0131 s\u00fcresince Kuzey Kore ve \u00c7in kuvvetleri taraf\u0131ndan esir edilen 7,190 Amerikan askerinin yakla\u015f\u0131k %38\u2019i, 1,148 \u0130ngiliz askerinin ise %15\u2019i esir kamplar\u0131nda \u00f6ld\u00fc. Bununla beraber, Amerikal\u0131 esirlerin %15\u2019i ve \u0130ngiliz esirlerin %12\u2019si d\u00fc\u015fmanla i\u015f birli\u011fi yaparken, sava\u015f sonunda 21 Amerikal\u0131 ve 1 \u0130ngiliz asker d\u00fc\u015fmana iltica etti. Buna kar\u015f\u0131n yine resm\u00ee kaynaklara g\u00f6re, ayn\u0131 esir kamplar\u0131nda tutsak olan 234 T\u00fcrk asker aras\u0131nda kampta \u00f6len ya da sava\u015f sonunda T\u00fcrkiye\u2019ye d\u00f6nmeyi reddeden olmad\u0131. Esir kamp\u0131nda d\u00fc\u015fmanla i\u015f birli\u011fi yapan iki T\u00fcrk eri ise sava\u015f bitip iade edilecekleri zaman T\u00fcrk arkada\u015flar\u0131n\u0131n kendilerini \u00f6ld\u00fcrece\u011fi korkusuyla Amerikan ordusundan himaye istemek zorunda kalm\u0131\u015flard\u0131.Kuzey Kore kamplar\u0131nda esaret hayat\u0131 s\u00fcrm\u00fc\u015f 234 T\u00fcrk askerin bu ba\u015far\u0131s\u0131 Bat\u0131 d\u00fcnyas\u0131nda b\u00fcy\u00fck yank\u0131 uyand\u0131rm\u0131\u015f, Amerikan ordusunun muharip askerlerin esaretine dair bir i\u00e7 t\u00fcz\u00fck olu\u015fturmas\u0131nda ve hayat\u0131 idame e\u011fitimini \u015fekillendirilmesinde \u00f6rnek te\u015fkil etmi\u015ftir. Ne var ki, Kore Sava\u015f\u0131\u2019n\u0131n ard\u0131ndan Bat\u0131\u2019da yay\u0131nlanan \u00e7al\u0131\u015fmalar T\u00fcrk esirlerin bu ba\u015far\u0131s\u0131n\u0131 \u00fcst\u00fcn e\u011fitim almalar\u0131na yormu\u015flar ve elit askerler olduklar\u0131 sav\u0131na dayand\u0131rm\u0131\u015flard\u0131r. Bu g\u00f6r\u00fc\u015f g\u00fcn\u00fcm\u00fcze kadar Bat\u0131\u2019da tekrar tekrar \u00fcretilmi\u015f ve literat\u00fcre h\u00e2kim olmu\u015ftur. Oysa ki T\u00fcrk esirler aras\u0131nda yaln\u0131zca 6 subay ve 3 astsubay bulunmaktad\u0131r ve geriye kalan 225 T\u00fcrk esir zorunlu askerli\u011fini yapan eratt\u0131r.Yazar Aynur Onur \u00c7ifci Ben T\u00fcrk ad\u0131n\u0131 verdi\u011fi bu \u00e7al\u0131\u015fmas\u0131nda T\u00fcrk, Amerikan ve \u0130ngiliz ar\u015fivlerinden elde etti\u011fi asker\u00ee belgelere dayanarak Kore\u2019deki 234 T\u00fcrk esirin kimler olduklar\u0131 ve onlar\u0131n esaret hayatlar\u0131 hakk\u0131ndaki ger\u00e7ekleri ele almakta, kamplarda nas\u0131l hayata tutunduklar\u0131 ve d\u00fc\u015fman\u0131n kom\u00fcnist propagandas\u0131na nas\u0131l direndiklerini g\u00fcn y\u00fcz\u00fcne \u00e7\u0131karmaktad\u0131r.<\/p>\n","protected":false},"excerpt":{"rendered":"<p>Resmi kaynaklara g\u00f6re Kore Sava\u015f\u0131 s\u00fcresince Kuzey Kore ve \u00c7in kuvvetleri taraf\u0131ndan esir edilen 7,190 Amerikan askerinin yakla\u015f\u0131k %38\u2019i, 1,148 \u0130ngiliz askerinin ise %15\u2019i esir kamplar\u0131nda<span class=\"excerpt-hellip\"> [\u2026]<\/span><\/p>\n","protected":false},"featured_media":0,"template":"","meta":{"_monsterinsights_skip_tracking":false,"_monsterinsights_sitenote_active":false,"_monsterinsights_sitenote_note":"","_monsterinsights_sitenote_category":0},"product_brand":[],"product_cat":[12370,12304],"product_tag":[],"class_list":{"0":"post-722059","1":"product","2":"type-product","3":"status-publish","5":"product_cat-arastirma-inceleme","6":"product_cat-tarih","7":"pa_cilt-ciltsiz","8":"pa_tur-kitap","9":"pa_yayinevi-timas-yayinlari","10":"pa_yazar-aynur-onur-cifci","12":"first","13":"instock","14":"sale","15":"shipping-taxable","16":"purchasable","17":"product-type-simple"},"_links":{"self":[{"href":"https:\/\/roveyayinevi.com.tr\/index.php\/wp-json\/wp\/v2\/product\/722059","targetHints":{"allow":["GET"]}}],"collection":[{"href":"https:\/\/roveyayinevi.com.tr\/index.php\/wp-json\/wp\/v2\/product"}],"about":[{"href":"https:\/\/roveyayinevi.com.tr\/index.php\/wp-json\/wp\/v2\/types\/product"}],"wp:attachment":[{"href":"https:\/\/roveyayinevi.com.tr\/index.php\/wp-json\/wp\/v2\/media?parent=722059"}],"wp:term":[{"taxonomy":"product_brand","embeddable":true,"href":"https:\/\/roveyayinevi.com.tr\/index.php\/wp-json\/wp\/v2\/product_brand?post=722059"},{"taxonomy":"product_cat","embeddable":true,"href":"https:\/\/roveyayinevi.com.tr\/index.php\/wp-json\/wp\/v2\/product_cat?post=722059"},{"taxonomy":"product_tag","embeddable":true,"href":"https:\/\/roveyayinevi.com.tr\/index.php\/wp-json\/wp\/v2\/product_tag?post=722059"}],"curies":[{"name":"wp","href":"https:\/\/api.w.org\/{rel}","templated":true}]}}