{"id":722058,"date":"2025-08-27T18:59:10","date_gmt":"2025-08-27T15:59:10","guid":{"rendered":"https:\/\/roveyayinevi.com.tr\/index.php\/urun\/ismet-inonu-ve-resmi-tarih-ciltli\/"},"modified":"2026-04-16T02:29:52","modified_gmt":"2026-04-15T23:29:52","slug":"ismet-inonu-ve-resmi-tarih-ciltli","status":"publish","type":"product","link":"https:\/\/roveyayinevi.com.tr\/index.php\/urun\/ismet-inonu-ve-resmi-tarih-ciltli\/","title":{"rendered":"\u0130smet \u0130n\u00f6n\u00fc ve Resmi Tarih (Ciltli)"},"content":{"rendered":"<p>Cemil Ko\u00e7ak, yak\u0131n tarih alan\u0131nda yapt\u0131\u011f\u0131 arkeolojik kaz\u0131larla resmi tarihi ve onun nas\u0131l olu\u015fturuldu\u011funu a\u00e7\u0131klayarak, unutulanlar\u0131 hat\u0131rlat\u0131yor ve ge\u00e7mi\u015fimizle y\u00fczle\u015fmemizi sa\u011fl\u0131yor. Yak\u0131n t\u00e2rihimizle y\u00fczle\u015fti\u011fimizde ise, ge\u00e7mi\u015fin resm\u00ee t\u00e2rih arac\u0131l\u0131\u011f\u0131yla h\u00e2f\u0131zalar\u0131m\u0131zdan silinmeye \u00e7al\u0131\u015f\u0131ld\u0131\u011f\u0131n\u0131 meydana \u00e7\u0131kar\u0131yor.Ko\u00e7ak, bu \u00e7al\u0131\u015fmas\u0131nda, T\u00fcrk tek-parti rejiminin olu\u015fturdu\u011fu resmi tarih anlat\u0131s\u0131n\u0131 zaman zaman nas\u0131l de\u011fi\u015ftirmek zorunda kald\u0131\u011f\u0131n\u0131, bu def\u00e2 \u0130smet \u0130n\u00f6n\u00fc \u00f6rne\u011fiyle anlat\u0131yor. \u0130smet \u0130n\u00f6n\u00fc de, bir zamanlar, t\u0131pk\u0131 Kaz\u0131m Karabekir\u2019in ve ba\u015fkaca isimlerin ba\u015f\u0131na geldi\u011fi gibi tarihten silinmek istenmi\u015fti; ama resmi tarihin yaz\u0131lma s\u00fcreci ba\u015flam\u0131\u015f olsa da tamamlanamad\u0131.Cemil Ko\u00e7ak, \u0130smet \u0130n\u00f6n\u00fc ve Resmi Tarih ad\u0131n\u0131 verdi\u011fi bu kitab\u0131nda; d\u00f6nemin bas\u0131n\u0131ndan yola \u00e7\u0131karak, \u0130n\u00f6n\u00fc\u2019n\u00fcn Atat\u00fcrk\u2019\u00fcn g\u00f6lgesi alt\u0131ndaki ba\u015fbakanl\u0131k d\u00f6neminde resmi tarihte nas\u0131l ele al\u0131nd\u0131\u011f\u0131n\u0131; ard\u0131ndan ba\u015fbakanl\u0131ktan ayr\u0131ld\u0131ktan sonra resmi tarihten tamamen silinerek yok say\u0131lmas\u0131n\u0131 ve en sonunda Atat\u00fcrk\u2019\u00fcn vef\u00e2t\u0131yla birlikte \u201cCumhurba\u015fkan\u0131\u201d, \u201cMilli \u015eef\u201d ve \u201cCumhuriyet Halk Partisi De\u011fi\u015fmez Genel Ba\u015fkan\u0131\u201d olmas\u0131n\u0131n ard\u0131ndan, Atat\u00fcrk\u2019le e\u015fit pozisyonda, \u201c\u0130n\u00f6n\u00fc sava\u015flar\u0131 kahraman\u0131\u201d ve \u201cLozan kahraman\u0131\u201d imajlar\u0131na vurgu yap\u0131larak, resmi tarihi yeniden yazd\u0131rma s\u00fcrecini en ince ayr\u0131nt\u0131s\u0131na kadar ortaya \u00e7\u0131karmaktad\u0131r.Resmi tarihin ge\u00e7mi\u015fi d\u00f6nemden d\u00f6neme tamamen farkl\u0131 yans\u0131tt\u0131\u011f\u0131n\u0131 ortaya koyan Ko\u00e7ak; resmi tarih yaz\u0131m s\u00fcrecini ve \u00f6zellikle bas\u0131n\u0131n bu alandaki rol\u00fcn\u00fc vurgulamaktad\u0131r. Ele ald\u0131\u011f\u0131 konu ve bak\u0131\u015f a\u00e7\u0131s\u0131yla alan\u0131nda ilk olan bu \u00e7al\u0131\u015fma, kendisinden sonraki ara\u015ft\u0131rmac\u0131lara da rehber niteli\u011finde olacakt\u0131r.<\/p>\n","protected":false},"excerpt":{"rendered":"<p>Cemil Ko\u00e7ak, yak\u0131n tarih alan\u0131nda yapt\u0131\u011f\u0131 arkeolojik kaz\u0131larla resmi tarihi ve onun nas\u0131l olu\u015fturuldu\u011funu a\u00e7\u0131klayarak, unutulanlar\u0131 hat\u0131rlat\u0131yor ve ge\u00e7mi\u015fimizle y\u00fczle\u015fmemizi sa\u011fl\u0131yor. Yak\u0131n t\u00e2rihimizle y\u00fczle\u015fti\u011fimizde ise, ge\u00e7mi\u015fin<span class=\"excerpt-hellip\"> [\u2026]<\/span><\/p>\n","protected":false},"featured_media":0,"template":"","meta":{"_monsterinsights_skip_tracking":false,"_monsterinsights_sitenote_active":false,"_monsterinsights_sitenote_note":"","_monsterinsights_sitenote_category":0},"product_brand":[],"product_cat":[12370,12304],"product_tag":[],"class_list":{"0":"post-722058","1":"product","2":"type-product","3":"status-publish","5":"product_cat-arastirma-inceleme","6":"product_cat-tarih","7":"pa_cilt-ciltli","8":"pa_tur-kitap","9":"pa_yayinevi-timas-yayinlari","10":"pa_yazar-cemil-kocak","12":"first","13":"instock","14":"sale","15":"shipping-taxable","16":"purchasable","17":"product-type-simple"},"_links":{"self":[{"href":"https:\/\/roveyayinevi.com.tr\/index.php\/wp-json\/wp\/v2\/product\/722058","targetHints":{"allow":["GET"]}}],"collection":[{"href":"https:\/\/roveyayinevi.com.tr\/index.php\/wp-json\/wp\/v2\/product"}],"about":[{"href":"https:\/\/roveyayinevi.com.tr\/index.php\/wp-json\/wp\/v2\/types\/product"}],"wp:attachment":[{"href":"https:\/\/roveyayinevi.com.tr\/index.php\/wp-json\/wp\/v2\/media?parent=722058"}],"wp:term":[{"taxonomy":"product_brand","embeddable":true,"href":"https:\/\/roveyayinevi.com.tr\/index.php\/wp-json\/wp\/v2\/product_brand?post=722058"},{"taxonomy":"product_cat","embeddable":true,"href":"https:\/\/roveyayinevi.com.tr\/index.php\/wp-json\/wp\/v2\/product_cat?post=722058"},{"taxonomy":"product_tag","embeddable":true,"href":"https:\/\/roveyayinevi.com.tr\/index.php\/wp-json\/wp\/v2\/product_tag?post=722058"}],"curies":[{"name":"wp","href":"https:\/\/api.w.org\/{rel}","templated":true}]}}