{"id":722056,"date":"2025-08-27T18:59:09","date_gmt":"2025-08-27T15:59:09","guid":{"rendered":"https:\/\/roveyayinevi.com.tr\/index.php\/urun\/cicekler-usumesin\/"},"modified":"2026-04-16T02:29:52","modified_gmt":"2026-04-15T23:29:52","slug":"cicekler-usumesin","status":"publish","type":"product","link":"https:\/\/roveyayinevi.com.tr\/index.php\/urun\/cicekler-usumesin\/","title":{"rendered":"\u00c7i\u00e7ekler \u00dc\u015f\u00fcmesin"},"content":{"rendered":"<p>Nurullah Gen\u00e7, \u00c7i\u00e7ekler \u00dc\u015f\u00fcmesin ile \u015fairin uzun yolculu\u011funun ilk duraklar\u0131na g\u00f6t\u00fcr\u00fcyor okurunu yeniden. \u015eiirine y\u00f6n veren izlekleri okurlar\u0131yla bulu\u015fturuyor bu eserle.G\u00f6nl\u00fcm\u00fcn mavili\u011fi gitmesin g\u00f6ky\u00fcz\u00fcndenKu\u015flar\u0131n g\u00fcl\u00fcc\u00fc\u011f\u00fc eksilmesin y\u00fcz\u00fcndenKar ya\u011fsa da bu \u0131ss\u0131z vadiye, g\u00fcn bitmesinYapraklar \u00fc\u015f\u00fcse de, \u00e7i\u00e7ekler \u00fc\u015f\u00fcmesin<\/p>\n","protected":false},"excerpt":{"rendered":"<p>Nurullah Gen\u00e7, \u00c7i\u00e7ekler \u00dc\u015f\u00fcmesin ile \u015fairin uzun yolculu\u011funun ilk duraklar\u0131na g\u00f6t\u00fcr\u00fcyor okurunu yeniden. \u015eiirine y\u00f6n veren izlekleri okurlar\u0131yla bulu\u015fturuyor bu eserle.G\u00f6nl\u00fcm\u00fcn mavili\u011fi gitmesin g\u00f6ky\u00fcz\u00fcndenKu\u015flar\u0131n g\u00fcl\u00fcc\u00fc\u011f\u00fc eksilmesin<span class=\"excerpt-hellip\"> [\u2026]<\/span><\/p>\n","protected":false},"featured_media":0,"template":"","meta":{"_monsterinsights_skip_tracking":false,"_monsterinsights_sitenote_active":false,"_monsterinsights_sitenote_note":"","_monsterinsights_sitenote_category":0},"product_brand":[],"product_cat":[12291,12509],"product_tag":[],"class_list":{"0":"post-722056","1":"product","2":"type-product","3":"status-publish","5":"product_cat-edebiyat","6":"product_cat-siir","7":"pa_cilt-ciltsiz","8":"pa_tur-kitap","9":"pa_yayinevi-timas-yayinlari","10":"pa_yazar-nurullah-genc","12":"first","13":"instock","14":"sale","15":"shipping-taxable","16":"purchasable","17":"product-type-simple"},"_links":{"self":[{"href":"https:\/\/roveyayinevi.com.tr\/index.php\/wp-json\/wp\/v2\/product\/722056","targetHints":{"allow":["GET"]}}],"collection":[{"href":"https:\/\/roveyayinevi.com.tr\/index.php\/wp-json\/wp\/v2\/product"}],"about":[{"href":"https:\/\/roveyayinevi.com.tr\/index.php\/wp-json\/wp\/v2\/types\/product"}],"wp:attachment":[{"href":"https:\/\/roveyayinevi.com.tr\/index.php\/wp-json\/wp\/v2\/media?parent=722056"}],"wp:term":[{"taxonomy":"product_brand","embeddable":true,"href":"https:\/\/roveyayinevi.com.tr\/index.php\/wp-json\/wp\/v2\/product_brand?post=722056"},{"taxonomy":"product_cat","embeddable":true,"href":"https:\/\/roveyayinevi.com.tr\/index.php\/wp-json\/wp\/v2\/product_cat?post=722056"},{"taxonomy":"product_tag","embeddable":true,"href":"https:\/\/roveyayinevi.com.tr\/index.php\/wp-json\/wp\/v2\/product_tag?post=722056"}],"curies":[{"name":"wp","href":"https:\/\/api.w.org\/{rel}","templated":true}]}}